{"id":9131,"date":"2022-08-12T12:06:09","date_gmt":"2022-08-12T12:06:09","guid":{"rendered":"https:\/\/aidon.com\/?page_id=9131"},"modified":"2023-04-11T14:24:15","modified_gmt":"2023-04-11T14:24:15","slug":"aidon-one","status":"publish","type":"page","link":"https:\/\/aidon.com\/dk\/losninger\/aidon-one\/","title":{"rendered":"Aidon One &#8211; L\u00f8sning til styring af feltarbejdsprocesser"},"content":{"rendered":"<p><img loading=\"lazy\" decoding=\"async\" class=\"alignnone wp-image-6501 size-full\" src=\"https:\/\/aidon.com\/wp-content\/uploads\/2023\/02\/Aidon_com_Aidon_One_solution_web_900_5.png\" alt=\"\" width=\"900\" height=\"341\" srcset=\"https:\/\/aidon.com\/wp-content\/uploads\/2023\/02\/Aidon_com_Aidon_One_solution_web_900_5.png 900w, https:\/\/aidon.com\/wp-content\/uploads\/2023\/02\/Aidon_com_Aidon_One_solution_web_900_5-300x114.png 300w, https:\/\/aidon.com\/wp-content\/uploads\/2023\/02\/Aidon_com_Aidon_One_solution_web_900_5-768x291.png 768w\" sizes=\"auto, (max-width: 900px) 100vw, 900px\" \/><\/p>\n<p><strong>Aidon One er en effektiv og brugervenlig SaaS-l\u00f8sning til planl\u00e6gning og styring af arbejdsopgaverne i marken, overv\u00e5gning af m\u00e5lerparken og elnettet, m\u00e5ling af hitrate for datahjemtagning, netkvalitet p\u00e5 m\u00e5lerne, vedligeholdelse og dokumentation p\u00e5 netstationer samt kundeservice. <\/strong><\/p>\n<p>Aidon One er udviklet, designet og optimeret til behovene hos netselskaberne. Den er desuden velegnet til andre selskaber, som har behov for gnidningsl\u00f8s administration af processerne ved arbejdsopgaver i marken, for eksempel forskellige vand\/varme distributionsselskaber samt installations- og servicevirksomheder. Aidon One er designet og optimeret til mobil brug med en kortbaseret brugergr\u00e6nseflade er det et ideelt v\u00e6rkt\u00f8j. Aidon One benytter samme brugergr\u00e6nseflade til kontorets personale samt mont\u00f8rerne i marken.<\/p>\n<p>Aidon leverer Aidon One som en sikker cloud-baseret service og er dermed ansvarlig for dens tilg\u00e6ngelighed og informationssikkerhed, hvilket g\u00f8r udrulningen og driften nem for selskabet.<\/p>\n<h4>Modulstruktur giver kundespecifik fleksibilitet<\/h4>\n<p>Aidon One er opbygget af moduler, som er designet til forskellige typer opgaver og form\u00e5l. De omfatter arbejdsordrestyring, elnetsoverv\u00e5gning, kundeservice, vedligeholdelse og hitrate p\u00e5 datahjemtagning. Takket v\u00e6re denne modulstruktur kan kunden v\u00e6lge og kombinere modulerne efter deres behov. N\u00e5r behovene \u00e6ndrer sig, kan funktionaliteten i Aidon One nemt opgraderes.<\/p>\n<h4>Kombinerer data fra forskellige systemer i \u00e9n tjeneste<\/h4>\n<p>Den grundl\u00e6ggende ide bag Aidon One er at kombinere data fra forskellige systemer til \u00e9n kortbaseret visning og give mulighed for gnidningsl\u00f8se workflows og informationsdeling mellem mennesker, teams og systemer. Det medf\u00f8rer for eksempel, at installat\u00f8r- eller vedligeholdelsesmandskaber arbejder langt mere effektivt sammenlignet med brug af mange s\u00e6rskilte parallelle systemer .<\/p>\n<h4>Bred vifte af tilpasningsmuligheder<\/h4>\n<p>Med Aidon Ones omfattende tilpasningsmuligheder kan tjenesten bruges af forskellige teams, som ogs\u00e5 kan omfatte eksterne leverand\u00f8rer. Mange af funktionerne til for eksempel til arbejdsordrer og vedligeholdelsesmoduler, er derudover baseret p\u00e5 formularskabeloner, der kan redigeres, hvilket g\u00f8r det nemt for kunden at skr\u00e6ddersy formularerne og oprette nye, n\u00e5r der er brug for det.<\/p>\n<p>Tag Aidon One i brug, n\u00e5r I vil forsyne jeres organisation med en l\u00f8sning til gnidningsl\u00f8se workflows og oplysninger i realtid inden for f\u00f8lgende aktiviteter:<\/p>\n<ul>\n<li>Styring og planl\u00e6gning af resourcer i marken<\/li>\n<li>overv\u00e5ge den daglige status for AMM-afl\u00e6sninger p\u00e5 hvert enkelt m\u00e5lepunkt<\/li>\n<li>overv\u00e5ge status for AMM-forbindelse og i tilf\u00e6lde af problemer udf\u00f8re effektiv fejlfinding<\/li>\n<li>modtage alarmer fra fejl og h\u00e6ndelser p\u00e5 lavsp\u00e6ndingsnettet<\/li>\n<li>udf\u00f8re og rapportere inspektioner og vedligeholdelsesopgaver p\u00e5 stedet<\/li>\n<li>planl\u00e6gge lovpligtige inspektioner p\u00e5 netstationer og udarbejde inspektionsrapporter<\/li>\n<li>holde jeres kunder opdateret om planlagte og igangv\u00e6rende tjenesteafbrydelser<\/li>\n<li>opfordre jeres kunder til at rapportere fejl og andre observationer online<\/li>\n<\/ul>\n<p>Med andre ord er Aidon One en priseffektiv l\u00f8sning, som ikke kr\u00e6ver investering i dyre licenser og drift fra en intern IT afdeling. L\u00f8sningen er skalerbar b\u00e5de i pris og ydelse og passer derfor b\u00e5de til det mindre forsyningsselskab op til det st\u00f8rre forsyningsselskab. Der er mere 60 kunder i Norden som dagligt benytter l\u00f8sningen i dag.<\/p>\n<p>&nbsp;<\/p>\n<p>&nbsp;<\/p>\n","protected":false},"excerpt":{"rendered":"<p>Aidon One er en effektiv og brugervenlig SaaS-l\u00f8sning til planl\u00e6gning og styring af arbejdsopgaverne i marken, overv\u00e5gning af m\u00e5lerparken og elnettet, m\u00e5ling af hitrate for datahjemtagning, netkvalitet p\u00e5 m\u00e5lerne, vedligeholdelse og dokumentation p\u00e5 netstationer samt kundeservice. Aidon One er udviklet, designet og optimeret til behovene hos netselskaberne. Den er desuden&hellip;<\/p>\n","protected":false},"author":2,"featured_media":9139,"parent":8996,"menu_order":0,"comment_status":"closed","ping_status":"closed","template":"page-single-solutions.php","meta":{"_acf_changed":false,"footnotes":""},"class_list":["post-9131","page","type-page","status-publish","has-post-thumbnail","hentry"],"acf":[],"yoast_head":"<!-- This site is optimized with the Yoast SEO plugin v27.0 - https:\/\/yoast.com\/product\/yoast-seo-wordpress\/ -->\n<title>Aidon One - L\u00f8sning til styring af feltarbejdsprocesser - Aidon<\/title>\n<meta name=\"robots\" content=\"index, follow, max-snippet:-1, max-image-preview:large, max-video-preview:-1\" \/>\n<link rel=\"canonical\" href=\"https:\/\/aidon.com\/dk\/losninger\/aidon-one\/\" \/>\n<meta property=\"og:locale\" content=\"en_US\" \/>\n<meta property=\"og:type\" content=\"article\" \/>\n<meta property=\"og:title\" content=\"Aidon One - L\u00f8sning til styring af feltarbejdsprocesser - Aidon\" \/>\n<meta property=\"og:description\" content=\"Aidon One er en effektiv og brugervenlig SaaS-l\u00f8sning til planl\u00e6gning og styring af arbejdsopgaverne i marken, overv\u00e5gning af m\u00e5lerparken og elnettet, m\u00e5ling af hitrate for datahjemtagning, netkvalitet p\u00e5 m\u00e5lerne, vedligeholdelse og dokumentation p\u00e5 netstationer samt kundeservice. Aidon One er udviklet, designet og optimeret til behovene hos netselskaberne. Den er desuden&hellip;\" \/>\n<meta property=\"og:url\" content=\"https:\/\/aidon.com\/dk\/losninger\/aidon-one\/\" \/>\n<meta property=\"og:site_name\" content=\"Aidon\" \/>\n<meta property=\"article:modified_time\" content=\"2023-04-11T14:24:15+00:00\" \/>\n<meta property=\"og:image\" content=\"https:\/\/aidon.com\/wp-content\/uploads\/2022\/08\/aidonone-1.png\" \/>\n\t<meta property=\"og:image:width\" content=\"397\" \/>\n\t<meta property=\"og:image:height\" content=\"397\" \/>\n\t<meta property=\"og:image:type\" content=\"image\/png\" \/>\n<meta name=\"twitter:card\" content=\"summary_large_image\" \/>\n<meta name=\"twitter:label1\" content=\"Est. reading time\" \/>\n\t<meta name=\"twitter:data1\" content=\"3 minutes\" \/>\n<script type=\"application\/ld+json\" class=\"yoast-schema-graph\">{\"@context\":\"https:\/\/schema.org\",\"@graph\":[{\"@type\":\"WebPage\",\"@id\":\"https:\/\/aidon.com\/dk\/losninger\/aidon-one\/\",\"url\":\"https:\/\/aidon.com\/dk\/losninger\/aidon-one\/\",\"name\":\"Aidon One - L\u00f8sning til styring af feltarbejdsprocesser - Aidon\",\"isPartOf\":{\"@id\":\"https:\/\/aidon.com\/dk\/#website\"},\"primaryImageOfPage\":{\"@id\":\"https:\/\/aidon.com\/dk\/losninger\/aidon-one\/#primaryimage\"},\"image\":{\"@id\":\"https:\/\/aidon.com\/dk\/losninger\/aidon-one\/#primaryimage\"},\"thumbnailUrl\":\"https:\/\/aidon.com\/wp-content\/uploads\/2022\/08\/aidonone-1.png\",\"datePublished\":\"2022-08-12T12:06:09+00:00\",\"dateModified\":\"2023-04-11T14:24:15+00:00\",\"breadcrumb\":{\"@id\":\"https:\/\/aidon.com\/dk\/losninger\/aidon-one\/#breadcrumb\"},\"inLanguage\":\"dk-DK\",\"potentialAction\":[{\"@type\":\"ReadAction\",\"target\":[\"https:\/\/aidon.com\/dk\/losninger\/aidon-one\/\"]}]},{\"@type\":\"ImageObject\",\"inLanguage\":\"dk-DK\",\"@id\":\"https:\/\/aidon.com\/dk\/losninger\/aidon-one\/#primaryimage\",\"url\":\"https:\/\/aidon.com\/wp-content\/uploads\/2022\/08\/aidonone-1.png\",\"contentUrl\":\"https:\/\/aidon.com\/wp-content\/uploads\/2022\/08\/aidonone-1.png\",\"width\":397,\"height\":397},{\"@type\":\"BreadcrumbList\",\"@id\":\"https:\/\/aidon.com\/dk\/losninger\/aidon-one\/#breadcrumb\",\"itemListElement\":[{\"@type\":\"ListItem\",\"position\":1,\"name\":\"L\u00f8sninger\",\"item\":\"https:\/\/aidon.com\/dk\/losninger\/\"},{\"@type\":\"ListItem\",\"position\":2,\"name\":\"Aidon One &#8211; L\u00f8sning til styring af feltarbejdsprocesser\"}]},{\"@type\":\"WebSite\",\"@id\":\"https:\/\/aidon.com\/dk\/#website\",\"url\":\"https:\/\/aidon.com\/dk\/\",\"name\":\"Aidon\",\"description\":\"\",\"potentialAction\":[{\"@type\":\"SearchAction\",\"target\":{\"@type\":\"EntryPoint\",\"urlTemplate\":\"https:\/\/aidon.com\/dk\/?s={search_term_string}\"},\"query-input\":{\"@type\":\"PropertyValueSpecification\",\"valueRequired\":true,\"valueName\":\"search_term_string\"}}],\"inLanguage\":\"dk-DK\"}]}<\/script>\n<!-- \/ Yoast SEO plugin. -->","yoast_head_json":{"title":"Aidon One - L\u00f8sning til styring af feltarbejdsprocesser - Aidon","robots":{"index":"index","follow":"follow","max-snippet":"max-snippet:-1","max-image-preview":"max-image-preview:large","max-video-preview":"max-video-preview:-1"},"canonical":"https:\/\/aidon.com\/dk\/losninger\/aidon-one\/","og_locale":"en_US","og_type":"article","og_title":"Aidon One - L\u00f8sning til styring af feltarbejdsprocesser - Aidon","og_description":"Aidon One er en effektiv og brugervenlig SaaS-l\u00f8sning til planl\u00e6gning og styring af arbejdsopgaverne i marken, overv\u00e5gning af m\u00e5lerparken og elnettet, m\u00e5ling af hitrate for datahjemtagning, netkvalitet p\u00e5 m\u00e5lerne, vedligeholdelse og dokumentation p\u00e5 netstationer samt kundeservice. Aidon One er udviklet, designet og optimeret til behovene hos netselskaberne. Den er desuden&hellip;","og_url":"https:\/\/aidon.com\/dk\/losninger\/aidon-one\/","og_site_name":"Aidon","article_modified_time":"2023-04-11T14:24:15+00:00","og_image":[{"width":397,"height":397,"url":"https:\/\/aidon.com\/wp-content\/uploads\/2022\/08\/aidonone-1.png","type":"image\/png"}],"twitter_card":"summary_large_image","twitter_misc":{"Est. reading time":"3 minutes"},"schema":{"@context":"https:\/\/schema.org","@graph":[{"@type":"WebPage","@id":"https:\/\/aidon.com\/dk\/losninger\/aidon-one\/","url":"https:\/\/aidon.com\/dk\/losninger\/aidon-one\/","name":"Aidon One - L\u00f8sning til styring af feltarbejdsprocesser - Aidon","isPartOf":{"@id":"https:\/\/aidon.com\/dk\/#website"},"primaryImageOfPage":{"@id":"https:\/\/aidon.com\/dk\/losninger\/aidon-one\/#primaryimage"},"image":{"@id":"https:\/\/aidon.com\/dk\/losninger\/aidon-one\/#primaryimage"},"thumbnailUrl":"https:\/\/aidon.com\/wp-content\/uploads\/2022\/08\/aidonone-1.png","datePublished":"2022-08-12T12:06:09+00:00","dateModified":"2023-04-11T14:24:15+00:00","breadcrumb":{"@id":"https:\/\/aidon.com\/dk\/losninger\/aidon-one\/#breadcrumb"},"inLanguage":"dk-DK","potentialAction":[{"@type":"ReadAction","target":["https:\/\/aidon.com\/dk\/losninger\/aidon-one\/"]}]},{"@type":"ImageObject","inLanguage":"dk-DK","@id":"https:\/\/aidon.com\/dk\/losninger\/aidon-one\/#primaryimage","url":"https:\/\/aidon.com\/wp-content\/uploads\/2022\/08\/aidonone-1.png","contentUrl":"https:\/\/aidon.com\/wp-content\/uploads\/2022\/08\/aidonone-1.png","width":397,"height":397},{"@type":"BreadcrumbList","@id":"https:\/\/aidon.com\/dk\/losninger\/aidon-one\/#breadcrumb","itemListElement":[{"@type":"ListItem","position":1,"name":"L\u00f8sninger","item":"https:\/\/aidon.com\/dk\/losninger\/"},{"@type":"ListItem","position":2,"name":"Aidon One &#8211; L\u00f8sning til styring af feltarbejdsprocesser"}]},{"@type":"WebSite","@id":"https:\/\/aidon.com\/dk\/#website","url":"https:\/\/aidon.com\/dk\/","name":"Aidon","description":"","potentialAction":[{"@type":"SearchAction","target":{"@type":"EntryPoint","urlTemplate":"https:\/\/aidon.com\/dk\/?s={search_term_string}"},"query-input":{"@type":"PropertyValueSpecification","valueRequired":true,"valueName":"search_term_string"}}],"inLanguage":"dk-DK"}]}},"_links":{"self":[{"href":"https:\/\/aidon.com\/dk\/wp-json\/wp\/v2\/pages\/9131","targetHints":{"allow":["GET"]}}],"collection":[{"href":"https:\/\/aidon.com\/dk\/wp-json\/wp\/v2\/pages"}],"about":[{"href":"https:\/\/aidon.com\/dk\/wp-json\/wp\/v2\/types\/page"}],"author":[{"embeddable":true,"href":"https:\/\/aidon.com\/dk\/wp-json\/wp\/v2\/users\/2"}],"replies":[{"embeddable":true,"href":"https:\/\/aidon.com\/dk\/wp-json\/wp\/v2\/comments?post=9131"}],"version-history":[{"count":9,"href":"https:\/\/aidon.com\/dk\/wp-json\/wp\/v2\/pages\/9131\/revisions"}],"predecessor-version":[{"id":9667,"href":"https:\/\/aidon.com\/dk\/wp-json\/wp\/v2\/pages\/9131\/revisions\/9667"}],"up":[{"embeddable":true,"href":"https:\/\/aidon.com\/dk\/wp-json\/wp\/v2\/pages\/8996"}],"wp:featuredmedia":[{"embeddable":true,"href":"https:\/\/aidon.com\/dk\/wp-json\/wp\/v2\/media\/9139"}],"wp:attachment":[{"href":"https:\/\/aidon.com\/dk\/wp-json\/wp\/v2\/media?parent=9131"}],"curies":[{"name":"wp","href":"https:\/\/api.w.org\/{rel}","templated":true}]}}