{"id":9128,"date":"2022-08-12T12:05:47","date_gmt":"2022-08-12T09:05:47","guid":{"rendered":"https:\/\/aidon.com\/?page_id=9128"},"modified":"2025-08-15T15:43:36","modified_gmt":"2025-08-15T12:43:36","slug":"smart-grid-intelligence","status":"publish","type":"page","link":"https:\/\/aidon.com\/dk\/losninger\/smart-grid-intelligence\/","title":{"rendered":"Smart Grid Intelligence"},"content":{"rendered":"<p><img loading=\"lazy\" decoding=\"async\" class=\"alignnone wp-image-6436 size-full\" src=\"https:\/\/aidon.com\/wp-content\/uploads\/2023\/02\/Aidon_Smart_Grid_Intelligence_web_900.png\" alt=\"\" width=\"900\" height=\"368\" srcset=\"https:\/\/aidon.com\/wp-content\/uploads\/2023\/02\/Aidon_Smart_Grid_Intelligence_web_900.png 900w, https:\/\/aidon.com\/wp-content\/uploads\/2023\/02\/Aidon_Smart_Grid_Intelligence_web_900-300x123.png 300w, https:\/\/aidon.com\/wp-content\/uploads\/2023\/02\/Aidon_Smart_Grid_Intelligence_web_900-768x314.png 768w\" sizes=\"auto, (max-width: 900px) 100vw, 900px\" \/><\/p>\n<p><strong>Elnetselskabernes prim\u00e6re ansvar er at sikre fejlfri levering af elektricitet til slutbrugerne. Vores intelligente elnetl\u00f8sning er baseret p\u00e5 nyeste AMM teknologier, som tilsammen udg\u00f8r en stabil og omkostningseffektiv l\u00f8sning. Med vores l\u00f8sninger f\u00e5r elnetselskaberne et pr\u00e6cist realtidsbillede af forsyningsnettets tilstand samt nyttige v\u00e6rkt\u00f8jer, som hj\u00e6lper med driften af elnettet og planl\u00e6gning af vedligeholdelsesopgaver af dette.<\/strong><\/p>\n<p>Vores intelligente elnetl\u00f8sning kan anvendes p\u00e5 tre niveauer:<\/p>\n<ol>\n<li>Proaktiv overv\u00e5gning: sp\u00e6ndingskvalitet og forebyggende vedligeholdelse<\/li>\n<li>Reaktiv overv\u00e5gning: Realtidsalarmer til \u00f8jeblikkelig handling<\/li>\n<li>Analyse: Detaljerede oplysninger med henblik p\u00e5 analyse og probleml\u00f8sning<\/li>\n<\/ol>\n<p>Tilsammen udg\u00f8r de n\u00f8glen i en omfattende l\u00f8sningsarkitektur, som optimerer driften af elnettet gennem udnyttelse af h\u00f8je samplingfrekvenser fra vores intelligente elm\u00e5lere, AI\/algoritmer til analyse og de nyeste IoT devices.<\/p>\n<h4>Intelligente sensorer i husholdningerne<\/h4>\n<p>De intelligente AMM-m\u00e5lere, der er installeret i hvert hus, fungerer som intelligente sensorer, der leverer oplysninger om situationen p\u00e5 forbrugsstedet. Eksempler p\u00e5 s\u00e5danne oplysninger er variationer i sp\u00e6ndingskvaliteten samt oplysninger om fejl eller forstyrrelser, som kan skyldes fejl i elforsyningen eller fejlbeh\u00e6ftede installationer. Intelligente algoritmer i den enkelte IoT sensor anvender realtidsdata, der indsamles ved h\u00f8je datafrekvenser og giver et detaljeret overblik over leveringssituationen. Disse algoritmer kan detektere og levere automatiske meddelelser\/notifikationer om problemer (Push) i nettet, ogs\u00e5 kaldet Edge Computing\/High Speed Data, n\u00e5r disse opst\u00e5r \u2013 eller beregne og vise sandsynligheden for at de opst\u00e5r, hvilket giver elnetselskabernes drifts-medarbejdere mulighed for hurtigt at lokalisere problemer, og tr\u00e6ffe beslutninger med henblik p\u00e5 korrigerende handlinger for at forhindre nedbrud, eventuelle ulykker og minimere yderligere skader p\u00e5 aktiverne.<\/p>\n<h4>Bredere overblik via overv\u00e5gning af transformerstationer<\/h4>\n<p>Med vores avancerede l\u00f8sning til overv\u00e5gning af transformerstationer f\u00e5r elnetselskaberne et bredere overblik over hele lavsp\u00e6ndingsnettet. Aidon-sensorer p\u00e5 transformerstationen leverer ikke kun statusoplysninger fra transformerstationen, men kan ogs\u00e5 have en dobbeltfunktion med henblik p\u00e5 m\u00e5ling og analyse. Dette hj\u00e6lper med at h\u00e5ndtere den overordnede tilstand med hensyn til kvalitet, kvantitet og omkostninger i forbindelse med eldistributionen i lavsp\u00e6ndingsnettet. Eksempelvis stiller h\u00e5ndteringen af den konstant stigende mikroproduktion fra vedvarende energikilder, s\u00e5som vind- og solenergi, nye krav til forsyningsnettets kapacitet p\u00e5 transformerniveau. Ved at kombinere og forfine data fra b\u00e5de individuelle forbrugssteder og transformerstationer kan elnetselskaberne administrere deres net mere effektivt \u2013 b\u00e5de p\u00e5 daglig basis og over l\u00e6ngere perioder.<\/p>\n<p><strong>Se ogs\u00e5: <a href=\"https:\/\/aidon.com\/dk\/solutions\/smart-energy-devices\/#fmd\">Aidon Feeder Line Measurement Device<\/a><\/strong><\/p>\n<p><strong>Se ogs\u00e5 denne video:\u00a0<a href=\"https:\/\/aidon.com\/dk\/aidonb-trafo-losning-bibringer-ny-realtids-indsigt-i-tilstanden-af-lavspaendingsnettet\/\">Aidon TRAFO-l\u00f8sning \u2013 Bibringer ny realtids indsigt i tilstanden af lavsp\u00e6ndingsnettet<\/a><\/strong><\/p>\n<h4>Omkostningsbesparelser i den daglige drift<\/h4>\n<p>Fordelene ved vores intelligente elnetl\u00f8sning kan afl\u00e6ses som omkostningsbesparelser i elnetselskabernes kundeservice. Arbejdet med at forebygge og rette fejl samt reagere p\u00e5 driftsforstyrrelser bliver betydeligt mere effektivt, fordi der ikke skal bruges s\u00e5 meget tid p\u00e5 fejlfinding og reparation. Desuden hj\u00e6lper l\u00f8sningen elnetselskaberne med at forhindre, at nogle af disse fejl opst\u00e5r, via early-warning-alarmer og statistiske analysefunktioner. De nyeste IoT-teknologier, der anvendes i l\u00f8sningen, garanterer p\u00e5lidelig og rettidig levering af overv\u00e5gningsdataene. I bedste fald opst\u00e5r der aldrig fejl hverken i forsyningsnettet eller hos kunden, men skulle det ske, kan problemet v\u00e6re l\u00f8st, inden kunden opdager det.<\/p>\n<h4>Forbedret effektivitet p\u00e5 lang sigt<\/h4>\n<p>Ud fra et effektivitetsm\u00e6ssigt synspunkt er det n\u00f8dvendigt med et godt overblik over netressourcerne. Overv\u00e5gning af sp\u00e6ndingsniveauer og andre parametre p\u00e5 en transformerstation og i hele elforsyningslinjen helt frem til det sidste forbrugssted afsl\u00f8rer eventuelle afvigelser i leveringskvaliteten og deres oprindelse uden brugen af dyrt kvalitetsm\u00e5leudstyr. Desuden giver overv\u00e5gning af transformerstationer oplysninger om en mulig overbelastning af nettet, som uden indgriben vil f\u00f8re til for tidlig slitage og et \u00f8get antal fejl i netudstyret. De oplysninger der f\u00e5s \u2013 b\u00e5de via overv\u00e5gning af transformerstationer og intelligente sensorer i husholdningerne \u2013 hj\u00e6lper med planl\u00e6gning af vedligeholdelses-arbejde og allokering af nye investeringer i nettet og forbedrer samtidig den overordnede netydelse og -sikkerhed.<\/p>\n<p>Nettab, der foretages via m\u00e5ling ved transformeren og i husholdningerne, giver et klart overblik over, hvor meget af den leverede energi der g\u00e5r tabt under distributionen. Ethvert nettab, som ikke kan faktureres til kunderne, betyder tabte indt\u00e6gter for netselskabet. At finde og eliminere de grundl\u00e6ggende \u00e5rsager til tab \u2013 uanset om det drejer sig om forbindelsesfejl, tyveri eller andet \u2013 vil derfor resultere i besparelser.<\/p>\n<h4>Udforsk detaljerne om Aidon TRAFO-l\u00f8sningen gennem denne interaktive demo<\/h4>\n<!-- imagelinks begin -->\n<div id=\"imgl-9-1krm3\" class=\"imgl-map imgl-map-9 \"data-json-src=\"https:\/\/aidon.com\/wp-content\/uploads\/imagelinks\/9\/config.json?ver=1732012639\" data-item-id=\"9\" style=\"display:none;\" >\n<div class=\"imgl-store\">\n<div class=\"imgl-pin imgl-pin-1\" data-id=\"1\">\n<div class=\"imgl-pin-pulse\"><\/div>\n<div class=\"imgl-pin-data\">\n<\/div>\n<\/div>\n<div class=\"imgl-pin imgl-pin-2\" data-id=\"2\">\n<div class=\"imgl-pin-pulse\"><\/div>\n<div class=\"imgl-pin-data\">\n<\/div>\n<\/div>\n<div class=\"imgl-pin imgl-pin-3\" data-id=\"3\">\n<div class=\"imgl-pin-pulse\"><\/div>\n<div class=\"imgl-pin-data\">\n<\/div>\n<\/div>\n<div class=\"imgl-pin imgl-pin-4\" data-id=\"4\">\n<div class=\"imgl-pin-pulse\"><\/div>\n<div class=\"imgl-pin-data\">\n<\/div>\n<\/div>\n<div class=\"imgl-pin imgl-pin-5\" data-id=\"5\">\n<div class=\"imgl-pin-pulse\"><\/div>\n<div class=\"imgl-pin-data\">\n<\/div>\n<\/div>\n<div class=\"imgl-pin imgl-pin-6\" data-id=\"6\">\n<div class=\"imgl-pin-pulse\"><\/div>\n<div class=\"imgl-pin-data\">\n<\/div>\n<\/div>\n<div class=\"imgl-pin imgl-pin-7\" data-id=\"7\">\n<div class=\"imgl-pin-pulse\"><\/div>\n<div class=\"imgl-pin-data\">\n<\/div>\n<\/div>\n<div class=\"imgl-pin imgl-pin-8\" data-id=\"8\">\n<div class=\"imgl-pin-pulse\"><\/div>\n<div class=\"imgl-pin-data\">\n<\/div>\n<\/div>\n<div class=\"imgl-pin imgl-pin-9\" data-id=\"9\">\n<div class=\"imgl-pin-pulse\"><\/div>\n<div class=\"imgl-pin-data\">\n<\/div>\n<\/div>\n<div class=\"imgl-pin imgl-pin-10\" data-id=\"10\">\n<div class=\"imgl-pin-pulse\"><\/div>\n<div class=\"imgl-pin-data\">\n<\/div>\n<\/div>\n<div class=\"imgl-pin imgl-pin-11\" data-id=\"11\">\n<div class=\"imgl-pin-pulse\"><\/div>\n<div class=\"imgl-pin-data\">\n<\/div>\n<\/div>\n<div class=\"imgl-pin imgl-pin-12\" data-id=\"12\">\n<div class=\"imgl-pin-pulse\"><\/div>\n<div class=\"imgl-pin-data\">\n<\/div>\n<\/div>\n<div class=\"imgl-pin imgl-pin-13\" data-id=\"13\">\n<div class=\"imgl-pin-pulse\"><\/div>\n<div class=\"imgl-pin-data\">\n<\/div>\n<\/div>\n<div class=\"imgl-pin imgl-pin-14\" data-id=\"14\">\n<div class=\"imgl-pin-pulse\"><\/div>\n<div class=\"imgl-pin-data\">\n<\/div>\n<\/div>\n<div class=\"imgl-pin imgl-pin-15\" data-id=\"15\">\n<div class=\"imgl-pin-pulse\"><\/div>\n<div class=\"imgl-pin-data\">\n<\/div>\n<\/div>\n<div class=\"imgl-pin imgl-pin-16\" data-id=\"16\">\n<div class=\"imgl-pin-pulse\"><\/div>\n<div class=\"imgl-pin-data\">\n<\/div>\n<\/div>\n<div class=\"imgl-pin imgl-pin-17\" data-id=\"17\">\n<div class=\"imgl-pin-pulse\"><\/div>\n<div class=\"imgl-pin-data\">\n<\/div>\n<\/div>\n<div class=\"imgl-pin imgl-pin-18\" data-id=\"18\">\n<div class=\"imgl-pin-pulse\"><\/div>\n<div class=\"imgl-pin-data\">\n<\/div>\n<\/div>\n<div class=\"imgl-pin imgl-pin-19\" data-id=\"19\">\n<div class=\"imgl-pin-pulse\"><\/div>\n<div class=\"imgl-pin-data\">\n<\/div>\n<\/div>\n<div class=\"imgl-tt imgl-tt-1\" data-id=\"1\" >\n<p class=\"boksi-teksti-wrapper\"><span class=\"boksi-teksti\">Problemfri arbejdsproces i marken ved brug af realtidsalarmer fra transformatorer<\/span><\/p><\/div>\n<div class=\"imgl-tt imgl-tt-2\" data-id=\"2\" >\n<p class=\"boksi-teksti-wrapper\"><span class=\"boksi-teksti\">4-last profiler og m\u00e5linger pr. fase og summation<\/span><\/p><\/div>\n<div class=\"imgl-tt imgl-tt-3\" data-id=\"3\" >\n<p class=\"boksi-teksti-wrapper\"><span class=\"boksi-teksti\">Str\u00f8mstyrkem\u00e5linger (A) for hver fase og neutralleder<\/span><\/p><\/div>\n<div class=\"imgl-tt imgl-tt-4\" data-id=\"4\" >\n<p class=\"boksi-teksti-wrapper\"><span class=\"boksi-teksti\">Skalerbar l\u00f8sning og op til 18 afgangskabler pr. lavsp\u00e6ndingsstation<\/span><\/p><\/div>\n<div class=\"imgl-tt imgl-tt-5\" data-id=\"5\" >\n<p class=\"boksi-teksti-wrapper\"><span class=\"boksi-teksti\">Fejl-indikator<\/span><\/p><\/div>\n<div class=\"imgl-tt imgl-tt-6\" data-id=\"6\" >\n<p class=\"boksi-teksti-wrapper\"><span class=\"boksi-teksti\">Summation m\u00e5ling via CT m\u00e5ler<\/span><\/p><\/div>\n<div class=\"imgl-tt imgl-tt-7\" data-id=\"7\" >\n<p class=\"boksi-teksti-wrapper\"><span class=\"boksi-teksti\">Overv\u00e5gning af lavsp\u00e6ndingsnettet<\/span><\/p><\/div>\n<div class=\"imgl-tt imgl-tt-8\" data-id=\"8\" >\n<p class=\"boksi-teksti-wrapper\"><span class=\"boksi-teksti\">RS-485 forbindelse mellem CT m\u00e5ler (Gateway) og FMD modul<\/span><\/p><\/div>\n<div class=\"imgl-tt imgl-tt-9\" data-id=\"9\" >\n<p class=\"boksi-teksti-wrapper\"><span class=\"boksi-teksti\">Sensor overv\u00e5gning - Temperatur<\/span><\/p><\/div>\n<div class=\"imgl-tt imgl-tt-10\" data-id=\"10\" >\n<p class=\"boksi-teksti-wrapper\"><span class=\"boksi-teksti\">Energy Service Device (CT-m\u00e5ler) med 4-last profiler og m\u00e5linger pr. fase og summation<\/span><\/p><\/div>\n<div class=\"imgl-tt imgl-tt-11\" data-id=\"11\" >\n<p class=\"boksi-teksti-wrapper\"><span class=\"boksi-teksti\">Str\u00f8mkvalitetsm\u00e5linger, alarmer og statistikker (f.eks. sp\u00e6nding, str\u00f8m, THD)<\/span><\/p><\/div>\n<div class=\"imgl-tt imgl-tt-12\" data-id=\"12\" >\n<p class=\"boksi-teksti-wrapper\"><span class=\"boksi-teksti\">2G\/4G\u00a0 Gateway med sikker forbindelse til Head-End-System<\/span><\/p><\/div>\n<div class=\"imgl-tt imgl-tt-13\" data-id=\"13\" >\n<p class=\"boksi-teksti-wrapper\"><span class=\"boksi-teksti\">Multifunktions IO-adapter med mulighed for tilkobling af eksterne sensorer og overv\u00e5gning af transformerstationen<\/span><\/p><\/div>\n<div class=\"imgl-tt imgl-tt-14\" data-id=\"14\" >\n<p class=\"boksi-teksti-wrapper\"><span class=\"boksi-teksti\">8 digitale inputs og 2 analoge inputs (f.eks temperatur PT100) samt MODBUS protocol<\/span><\/p><\/div>\n<div class=\"imgl-tt imgl-tt-15\" data-id=\"15\" >\n<p class=\"boksi-teksti-wrapper\"><span class=\"boksi-teksti\">Sensor Overv\u00e5gning - Vand<\/span><\/p><\/div>\n<div class=\"imgl-tt imgl-tt-16\" data-id=\"16\" >\n<p class=\"boksi-teksti-wrapper\"><span class=\"boksi-teksti\">Optimering af nettet og netplanl\u00e6gning<\/span><\/p><\/div>\n<div class=\"imgl-tt imgl-tt-17\" data-id=\"17\" >\n<p class=\"boksi-teksti-wrapper\"><span class=\"boksi-teksti\">Overv\u00e5gning af belastning p\u00e5 transformer<\/span><\/p><\/div>\n<div class=\"imgl-tt imgl-tt-18\" data-id=\"18\" >\n<p class=\"boksi-teksti-wrapper\"><span class=\"boksi-teksti\">Overv\u00e5gning af tilstanden p\u00e5 transformer<\/span><\/p><\/div>\n<div class=\"imgl-tt imgl-tt-19\" data-id=\"19\" >\n<p class=\"boksi-teksti-wrapper\"><span class=\"boksi-teksti\">Sensor Overv\u00e5gning\u00a0 - d\u00f8r alarm<\/span><\/p><\/div>\n<\/div>\n<\/div>\n<!-- imagelinks end -->\n\n<p><img loading=\"lazy\" decoding=\"async\" class=\"wp-image-9206 alignright\" src=\"https:\/\/aidon.com\/wp-content\/uploads\/2023\/03\/Aidon_solutions_legend_dk.png\" alt=\"\" width=\"350\" height=\"109\" srcset=\"https:\/\/aidon.com\/wp-content\/uploads\/2023\/03\/Aidon_solutions_legend_dk.png 450w, https:\/\/aidon.com\/wp-content\/uploads\/2023\/03\/Aidon_solutions_legend_dk-300x93.png 300w\" sizes=\"auto, (max-width: 350px) 100vw, 350px\" \/><\/p>\n","protected":false},"excerpt":{"rendered":"<p>Elnetselskabernes prim\u00e6re ansvar er at sikre fejlfri levering af elektricitet til slutbrugerne. Vores intelligente elnetl\u00f8sning er baseret p\u00e5 nyeste AMM teknologier, som tilsammen udg\u00f8r en stabil og omkostningseffektiv l\u00f8sning. Med vores l\u00f8sninger f\u00e5r elnetselskaberne et pr\u00e6cist realtidsbillede af forsyningsnettets tilstand samt nyttige v\u00e6rkt\u00f8jer, som hj\u00e6lper med driften af elnettet og&hellip;<\/p>\n","protected":false},"author":2,"featured_media":9130,"parent":8996,"menu_order":5,"comment_status":"closed","ping_status":"closed","template":"page-single-solutions.php","meta":{"_acf_changed":false,"footnotes":""},"class_list":["post-9128","page","type-page","status-publish","has-post-thumbnail","hentry"],"acf":[],"yoast_head":"<!-- This site is optimized with the Yoast SEO plugin v27.5 - https:\/\/yoast.com\/product\/yoast-seo-wordpress\/ -->\n<title>Smart Grid Intelligence - Aidon<\/title>\n<meta name=\"robots\" content=\"index, follow, max-snippet:-1, max-image-preview:large, max-video-preview:-1\" \/>\n<link rel=\"canonical\" href=\"https:\/\/aidon.com\/dk\/losninger\/smart-grid-intelligence\/\" \/>\n<meta property=\"og:locale\" content=\"en_US\" \/>\n<meta property=\"og:type\" content=\"article\" \/>\n<meta property=\"og:title\" content=\"Smart Grid Intelligence - Aidon\" \/>\n<meta property=\"og:description\" content=\"Elnetselskabernes prim\u00e6re ansvar er at sikre fejlfri levering af elektricitet til slutbrugerne. Vores intelligente elnetl\u00f8sning er baseret p\u00e5 nyeste AMM teknologier, som tilsammen udg\u00f8r en stabil og omkostningseffektiv l\u00f8sning. Med vores l\u00f8sninger f\u00e5r elnetselskaberne et pr\u00e6cist realtidsbillede af forsyningsnettets tilstand samt nyttige v\u00e6rkt\u00f8jer, som hj\u00e6lper med driften af elnettet og&hellip;\" \/>\n<meta property=\"og:url\" content=\"https:\/\/aidon.com\/dk\/losninger\/smart-grid-intelligence\/\" \/>\n<meta property=\"og:site_name\" content=\"Aidon\" \/>\n<meta property=\"article:modified_time\" content=\"2025-08-15T12:43:36+00:00\" \/>\n<meta property=\"og:image\" content=\"https:\/\/aidon.com\/wp-content\/uploads\/2022\/09\/smartgrid.png\" \/>\n\t<meta property=\"og:image:width\" content=\"528\" \/>\n\t<meta property=\"og:image:height\" content=\"528\" \/>\n\t<meta property=\"og:image:type\" content=\"image\/png\" \/>\n<meta name=\"twitter:card\" content=\"summary_large_image\" \/>\n<meta name=\"twitter:label1\" content=\"Est. reading time\" \/>\n\t<meta name=\"twitter:data1\" content=\"4 minutes\" \/>\n<script type=\"application\/ld+json\" class=\"yoast-schema-graph\">{\"@context\":\"https:\\\/\\\/schema.org\",\"@graph\":[{\"@type\":\"WebPage\",\"@id\":\"https:\\\/\\\/aidon.com\\\/dk\\\/losninger\\\/smart-grid-intelligence\\\/\",\"url\":\"https:\\\/\\\/aidon.com\\\/dk\\\/losninger\\\/smart-grid-intelligence\\\/\",\"name\":\"Smart Grid Intelligence - Aidon\",\"isPartOf\":{\"@id\":\"https:\\\/\\\/aidon.com\\\/dk\\\/#website\"},\"primaryImageOfPage\":{\"@id\":\"https:\\\/\\\/aidon.com\\\/dk\\\/losninger\\\/smart-grid-intelligence\\\/#primaryimage\"},\"image\":{\"@id\":\"https:\\\/\\\/aidon.com\\\/dk\\\/losninger\\\/smart-grid-intelligence\\\/#primaryimage\"},\"thumbnailUrl\":\"https:\\\/\\\/aidon.com\\\/wp-content\\\/uploads\\\/2022\\\/09\\\/smartgrid.png\",\"datePublished\":\"2022-08-12T09:05:47+00:00\",\"dateModified\":\"2025-08-15T12:43:36+00:00\",\"breadcrumb\":{\"@id\":\"https:\\\/\\\/aidon.com\\\/dk\\\/losninger\\\/smart-grid-intelligence\\\/#breadcrumb\"},\"inLanguage\":\"dk-DK\",\"potentialAction\":[{\"@type\":\"ReadAction\",\"target\":[\"https:\\\/\\\/aidon.com\\\/dk\\\/losninger\\\/smart-grid-intelligence\\\/\"]}]},{\"@type\":\"ImageObject\",\"inLanguage\":\"dk-DK\",\"@id\":\"https:\\\/\\\/aidon.com\\\/dk\\\/losninger\\\/smart-grid-intelligence\\\/#primaryimage\",\"url\":\"https:\\\/\\\/aidon.com\\\/wp-content\\\/uploads\\\/2022\\\/09\\\/smartgrid.png\",\"contentUrl\":\"https:\\\/\\\/aidon.com\\\/wp-content\\\/uploads\\\/2022\\\/09\\\/smartgrid.png\",\"width\":528,\"height\":528},{\"@type\":\"BreadcrumbList\",\"@id\":\"https:\\\/\\\/aidon.com\\\/dk\\\/losninger\\\/smart-grid-intelligence\\\/#breadcrumb\",\"itemListElement\":[{\"@type\":\"ListItem\",\"position\":1,\"name\":\"L\u00f8sninger\",\"item\":\"https:\\\/\\\/aidon.com\\\/dk\\\/losninger\\\/\"},{\"@type\":\"ListItem\",\"position\":2,\"name\":\"Smart Grid Intelligence\"}]},{\"@type\":\"WebSite\",\"@id\":\"https:\\\/\\\/aidon.com\\\/dk\\\/#website\",\"url\":\"https:\\\/\\\/aidon.com\\\/dk\\\/\",\"name\":\"Aidon\",\"description\":\"\",\"potentialAction\":[{\"@type\":\"SearchAction\",\"target\":{\"@type\":\"EntryPoint\",\"urlTemplate\":\"https:\\\/\\\/aidon.com\\\/dk\\\/?s={search_term_string}\"},\"query-input\":{\"@type\":\"PropertyValueSpecification\",\"valueRequired\":true,\"valueName\":\"search_term_string\"}}],\"inLanguage\":\"dk-DK\"}]}<\/script>\n<!-- \/ Yoast SEO plugin. -->","yoast_head_json":{"title":"Smart Grid Intelligence - Aidon","robots":{"index":"index","follow":"follow","max-snippet":"max-snippet:-1","max-image-preview":"max-image-preview:large","max-video-preview":"max-video-preview:-1"},"canonical":"https:\/\/aidon.com\/dk\/losninger\/smart-grid-intelligence\/","og_locale":"en_US","og_type":"article","og_title":"Smart Grid Intelligence - Aidon","og_description":"Elnetselskabernes prim\u00e6re ansvar er at sikre fejlfri levering af elektricitet til slutbrugerne. Vores intelligente elnetl\u00f8sning er baseret p\u00e5 nyeste AMM teknologier, som tilsammen udg\u00f8r en stabil og omkostningseffektiv l\u00f8sning. Med vores l\u00f8sninger f\u00e5r elnetselskaberne et pr\u00e6cist realtidsbillede af forsyningsnettets tilstand samt nyttige v\u00e6rkt\u00f8jer, som hj\u00e6lper med driften af elnettet og&hellip;","og_url":"https:\/\/aidon.com\/dk\/losninger\/smart-grid-intelligence\/","og_site_name":"Aidon","article_modified_time":"2025-08-15T12:43:36+00:00","og_image":[{"width":528,"height":528,"url":"https:\/\/aidon.com\/wp-content\/uploads\/2022\/09\/smartgrid.png","type":"image\/png"}],"twitter_card":"summary_large_image","twitter_misc":{"Est. reading time":"4 minutes"},"schema":{"@context":"https:\/\/schema.org","@graph":[{"@type":"WebPage","@id":"https:\/\/aidon.com\/dk\/losninger\/smart-grid-intelligence\/","url":"https:\/\/aidon.com\/dk\/losninger\/smart-grid-intelligence\/","name":"Smart Grid Intelligence - Aidon","isPartOf":{"@id":"https:\/\/aidon.com\/dk\/#website"},"primaryImageOfPage":{"@id":"https:\/\/aidon.com\/dk\/losninger\/smart-grid-intelligence\/#primaryimage"},"image":{"@id":"https:\/\/aidon.com\/dk\/losninger\/smart-grid-intelligence\/#primaryimage"},"thumbnailUrl":"https:\/\/aidon.com\/wp-content\/uploads\/2022\/09\/smartgrid.png","datePublished":"2022-08-12T09:05:47+00:00","dateModified":"2025-08-15T12:43:36+00:00","breadcrumb":{"@id":"https:\/\/aidon.com\/dk\/losninger\/smart-grid-intelligence\/#breadcrumb"},"inLanguage":"dk-DK","potentialAction":[{"@type":"ReadAction","target":["https:\/\/aidon.com\/dk\/losninger\/smart-grid-intelligence\/"]}]},{"@type":"ImageObject","inLanguage":"dk-DK","@id":"https:\/\/aidon.com\/dk\/losninger\/smart-grid-intelligence\/#primaryimage","url":"https:\/\/aidon.com\/wp-content\/uploads\/2022\/09\/smartgrid.png","contentUrl":"https:\/\/aidon.com\/wp-content\/uploads\/2022\/09\/smartgrid.png","width":528,"height":528},{"@type":"BreadcrumbList","@id":"https:\/\/aidon.com\/dk\/losninger\/smart-grid-intelligence\/#breadcrumb","itemListElement":[{"@type":"ListItem","position":1,"name":"L\u00f8sninger","item":"https:\/\/aidon.com\/dk\/losninger\/"},{"@type":"ListItem","position":2,"name":"Smart Grid Intelligence"}]},{"@type":"WebSite","@id":"https:\/\/aidon.com\/dk\/#website","url":"https:\/\/aidon.com\/dk\/","name":"Aidon","description":"","potentialAction":[{"@type":"SearchAction","target":{"@type":"EntryPoint","urlTemplate":"https:\/\/aidon.com\/dk\/?s={search_term_string}"},"query-input":{"@type":"PropertyValueSpecification","valueRequired":true,"valueName":"search_term_string"}}],"inLanguage":"dk-DK"}]}},"_links":{"self":[{"href":"https:\/\/aidon.com\/dk\/wp-json\/wp\/v2\/pages\/9128","targetHints":{"allow":["GET"]}}],"collection":[{"href":"https:\/\/aidon.com\/dk\/wp-json\/wp\/v2\/pages"}],"about":[{"href":"https:\/\/aidon.com\/dk\/wp-json\/wp\/v2\/types\/page"}],"author":[{"embeddable":true,"href":"https:\/\/aidon.com\/dk\/wp-json\/wp\/v2\/users\/2"}],"replies":[{"embeddable":true,"href":"https:\/\/aidon.com\/dk\/wp-json\/wp\/v2\/comments?post=9128"}],"version-history":[{"count":11,"href":"https:\/\/aidon.com\/dk\/wp-json\/wp\/v2\/pages\/9128\/revisions"}],"predecessor-version":[{"id":17344,"href":"https:\/\/aidon.com\/dk\/wp-json\/wp\/v2\/pages\/9128\/revisions\/17344"}],"up":[{"embeddable":true,"href":"https:\/\/aidon.com\/dk\/wp-json\/wp\/v2\/pages\/8996"}],"wp:featuredmedia":[{"embeddable":true,"href":"https:\/\/aidon.com\/dk\/wp-json\/wp\/v2\/media\/9130"}],"wp:attachment":[{"href":"https:\/\/aidon.com\/dk\/wp-json\/wp\/v2\/media?parent=9128"}],"curies":[{"name":"wp","href":"https:\/\/api.w.org\/{rel}","templated":true}]}}