{"id":9125,"date":"2022-08-12T12:05:16","date_gmt":"2022-08-12T12:05:16","guid":{"rendered":"https:\/\/aidon.com\/?page_id=9125"},"modified":"2023-03-31T07:44:22","modified_gmt":"2023-03-31T07:44:22","slug":"konsulentydelser","status":"publish","type":"page","link":"https:\/\/aidon.com\/dk\/losninger\/konsulentydelser\/","title":{"rendered":"Konsulentydelser"},"content":{"rendered":"<p><img loading=\"lazy\" decoding=\"async\" class=\"alignnone wp-image-6431 size-full\" src=\"https:\/\/aidon.com\/wp-content\/uploads\/2023\/02\/Aidon_Expert_services_web_900.png\" alt=\"\" width=\"900\" height=\"249\" srcset=\"https:\/\/aidon.com\/wp-content\/uploads\/2023\/02\/Aidon_Expert_services_web_900.png 900w, https:\/\/aidon.com\/wp-content\/uploads\/2023\/02\/Aidon_Expert_services_web_900-300x83.png 300w, https:\/\/aidon.com\/wp-content\/uploads\/2023\/02\/Aidon_Expert_services_web_900-768x212.png 768w\" sizes=\"auto, (max-width: 900px) 100vw, 900px\" \/><\/p>\n<p>Vores konsulentydelser st\u00f8tter vores kunder i brugen og vedligeholdelsen af vores produkter s\u00e5vel som afhj\u00e6lpning af problemer i l\u00f8sningens levetid.<\/p>\n<h4>Service Desk \u2013 til daglige behov<\/h4>\n<p>Service Desk behandler vores kunders daglige sp\u00f8rgsm\u00e5l og afhj\u00e6lper problemer. Med stor viden om Aidons produkter og l\u00f8sninger samt forskellige systemmilj\u00f8er hos kunder yder Service Desk professionel og effektiv assistance i overensstemmelse med kundeserviceaftalen.<\/p>\n<h4>Uddannelse \u2013 s\u00e5 du er opdateret<\/h4>\n<p>Vores uddannelsesprogram bibringer kunderne med den n\u00f8dvendige ekspertise, de har behov for til at bruge og vedligeholde deres Aidon-l\u00f8sninger. Uddannelsesprogrammet omfatter system- og enhedsfokuserede uddannelser, der er \u00e5bne for alle kunder samt skr\u00e6ddersyede uddannelser for kunder, som har s\u00e6rlige behov.<\/p>\n<h4>Projektstyring og r\u00e5dgivning \u2013 fleksibel l\u00f8sning<\/h4>\n<p>Vores erfarne fagfolk bringer deres ekspertise til vores kunder p\u00e5 en m\u00e5de og i et omfang, der er aftalt gensidigt. Tjenesterne er tilg\u00e6ngelige for omfattende systemudrulningsprojekter, mindre opgraderinger eller integrationsprojekter samt opgaver, der kr\u00e6ver s\u00e6rlig ekspertise.<\/p>\n","protected":false},"excerpt":{"rendered":"<p>Vores konsulentydelser st\u00f8tter vores kunder i brugen og vedligeholdelsen af vores produkter s\u00e5vel som afhj\u00e6lpning af problemer i l\u00f8sningens levetid. Service Desk \u2013 til daglige behov Service Desk behandler vores kunders daglige sp\u00f8rgsm\u00e5l og afhj\u00e6lper problemer. Med stor viden om Aidons produkter og l\u00f8sninger samt forskellige systemmilj\u00f8er hos kunder yder&hellip;<\/p>\n","protected":false},"author":2,"featured_media":9126,"parent":8996,"menu_order":4,"comment_status":"closed","ping_status":"closed","template":"page-single-solutions.php","meta":{"_acf_changed":false,"footnotes":""},"class_list":["post-9125","page","type-page","status-publish","has-post-thumbnail","hentry"],"acf":[],"yoast_head":"<!-- This site is optimized with the Yoast SEO plugin v27.0 - https:\/\/yoast.com\/product\/yoast-seo-wordpress\/ -->\n<title>Konsulentydelser - Aidon<\/title>\n<meta name=\"robots\" content=\"index, follow, max-snippet:-1, max-image-preview:large, max-video-preview:-1\" \/>\n<link rel=\"canonical\" href=\"https:\/\/aidon.com\/dk\/losninger\/konsulentydelser\/\" \/>\n<meta property=\"og:locale\" content=\"en_US\" \/>\n<meta property=\"og:type\" content=\"article\" \/>\n<meta property=\"og:title\" content=\"Konsulentydelser - Aidon\" \/>\n<meta property=\"og:description\" content=\"Vores konsulentydelser st\u00f8tter vores kunder i brugen og vedligeholdelsen af vores produkter s\u00e5vel som afhj\u00e6lpning af problemer i l\u00f8sningens levetid. Service Desk \u2013 til daglige behov Service Desk behandler vores kunders daglige sp\u00f8rgsm\u00e5l og afhj\u00e6lper problemer. Med stor viden om Aidons produkter og l\u00f8sninger samt forskellige systemmilj\u00f8er hos kunder yder&hellip;\" \/>\n<meta property=\"og:url\" content=\"https:\/\/aidon.com\/dk\/losninger\/konsulentydelser\/\" \/>\n<meta property=\"og:site_name\" content=\"Aidon\" \/>\n<meta property=\"article:modified_time\" content=\"2023-03-31T07:44:22+00:00\" \/>\n<meta property=\"og:image\" content=\"https:\/\/aidon.com\/wp-content\/uploads\/2022\/08\/expert.png\" \/>\n\t<meta property=\"og:image:width\" content=\"397\" \/>\n\t<meta property=\"og:image:height\" content=\"397\" \/>\n\t<meta property=\"og:image:type\" content=\"image\/png\" \/>\n<meta name=\"twitter:card\" content=\"summary_large_image\" \/>\n<meta name=\"twitter:label1\" content=\"Est. reading time\" \/>\n\t<meta name=\"twitter:data1\" content=\"1 minute\" \/>\n<script type=\"application\/ld+json\" class=\"yoast-schema-graph\">{\"@context\":\"https:\/\/schema.org\",\"@graph\":[{\"@type\":\"WebPage\",\"@id\":\"https:\/\/aidon.com\/dk\/losninger\/konsulentydelser\/\",\"url\":\"https:\/\/aidon.com\/dk\/losninger\/konsulentydelser\/\",\"name\":\"Konsulentydelser - Aidon\",\"isPartOf\":{\"@id\":\"https:\/\/aidon.com\/dk\/#website\"},\"primaryImageOfPage\":{\"@id\":\"https:\/\/aidon.com\/dk\/losninger\/konsulentydelser\/#primaryimage\"},\"image\":{\"@id\":\"https:\/\/aidon.com\/dk\/losninger\/konsulentydelser\/#primaryimage\"},\"thumbnailUrl\":\"https:\/\/aidon.com\/wp-content\/uploads\/2022\/08\/expert.png\",\"datePublished\":\"2022-08-12T12:05:16+00:00\",\"dateModified\":\"2023-03-31T07:44:22+00:00\",\"breadcrumb\":{\"@id\":\"https:\/\/aidon.com\/dk\/losninger\/konsulentydelser\/#breadcrumb\"},\"inLanguage\":\"dk-DK\",\"potentialAction\":[{\"@type\":\"ReadAction\",\"target\":[\"https:\/\/aidon.com\/dk\/losninger\/konsulentydelser\/\"]}]},{\"@type\":\"ImageObject\",\"inLanguage\":\"dk-DK\",\"@id\":\"https:\/\/aidon.com\/dk\/losninger\/konsulentydelser\/#primaryimage\",\"url\":\"https:\/\/aidon.com\/wp-content\/uploads\/2022\/08\/expert.png\",\"contentUrl\":\"https:\/\/aidon.com\/wp-content\/uploads\/2022\/08\/expert.png\",\"width\":397,\"height\":397},{\"@type\":\"BreadcrumbList\",\"@id\":\"https:\/\/aidon.com\/dk\/losninger\/konsulentydelser\/#breadcrumb\",\"itemListElement\":[{\"@type\":\"ListItem\",\"position\":1,\"name\":\"L\u00f8sninger\",\"item\":\"https:\/\/aidon.com\/dk\/losninger\/\"},{\"@type\":\"ListItem\",\"position\":2,\"name\":\"Konsulentydelser\"}]},{\"@type\":\"WebSite\",\"@id\":\"https:\/\/aidon.com\/dk\/#website\",\"url\":\"https:\/\/aidon.com\/dk\/\",\"name\":\"Aidon\",\"description\":\"\",\"potentialAction\":[{\"@type\":\"SearchAction\",\"target\":{\"@type\":\"EntryPoint\",\"urlTemplate\":\"https:\/\/aidon.com\/dk\/?s={search_term_string}\"},\"query-input\":{\"@type\":\"PropertyValueSpecification\",\"valueRequired\":true,\"valueName\":\"search_term_string\"}}],\"inLanguage\":\"dk-DK\"}]}<\/script>\n<!-- \/ Yoast SEO plugin. -->","yoast_head_json":{"title":"Konsulentydelser - Aidon","robots":{"index":"index","follow":"follow","max-snippet":"max-snippet:-1","max-image-preview":"max-image-preview:large","max-video-preview":"max-video-preview:-1"},"canonical":"https:\/\/aidon.com\/dk\/losninger\/konsulentydelser\/","og_locale":"en_US","og_type":"article","og_title":"Konsulentydelser - Aidon","og_description":"Vores konsulentydelser st\u00f8tter vores kunder i brugen og vedligeholdelsen af vores produkter s\u00e5vel som afhj\u00e6lpning af problemer i l\u00f8sningens levetid. Service Desk \u2013 til daglige behov Service Desk behandler vores kunders daglige sp\u00f8rgsm\u00e5l og afhj\u00e6lper problemer. Med stor viden om Aidons produkter og l\u00f8sninger samt forskellige systemmilj\u00f8er hos kunder yder&hellip;","og_url":"https:\/\/aidon.com\/dk\/losninger\/konsulentydelser\/","og_site_name":"Aidon","article_modified_time":"2023-03-31T07:44:22+00:00","og_image":[{"width":397,"height":397,"url":"https:\/\/aidon.com\/wp-content\/uploads\/2022\/08\/expert.png","type":"image\/png"}],"twitter_card":"summary_large_image","twitter_misc":{"Est. reading time":"1 minute"},"schema":{"@context":"https:\/\/schema.org","@graph":[{"@type":"WebPage","@id":"https:\/\/aidon.com\/dk\/losninger\/konsulentydelser\/","url":"https:\/\/aidon.com\/dk\/losninger\/konsulentydelser\/","name":"Konsulentydelser - Aidon","isPartOf":{"@id":"https:\/\/aidon.com\/dk\/#website"},"primaryImageOfPage":{"@id":"https:\/\/aidon.com\/dk\/losninger\/konsulentydelser\/#primaryimage"},"image":{"@id":"https:\/\/aidon.com\/dk\/losninger\/konsulentydelser\/#primaryimage"},"thumbnailUrl":"https:\/\/aidon.com\/wp-content\/uploads\/2022\/08\/expert.png","datePublished":"2022-08-12T12:05:16+00:00","dateModified":"2023-03-31T07:44:22+00:00","breadcrumb":{"@id":"https:\/\/aidon.com\/dk\/losninger\/konsulentydelser\/#breadcrumb"},"inLanguage":"dk-DK","potentialAction":[{"@type":"ReadAction","target":["https:\/\/aidon.com\/dk\/losninger\/konsulentydelser\/"]}]},{"@type":"ImageObject","inLanguage":"dk-DK","@id":"https:\/\/aidon.com\/dk\/losninger\/konsulentydelser\/#primaryimage","url":"https:\/\/aidon.com\/wp-content\/uploads\/2022\/08\/expert.png","contentUrl":"https:\/\/aidon.com\/wp-content\/uploads\/2022\/08\/expert.png","width":397,"height":397},{"@type":"BreadcrumbList","@id":"https:\/\/aidon.com\/dk\/losninger\/konsulentydelser\/#breadcrumb","itemListElement":[{"@type":"ListItem","position":1,"name":"L\u00f8sninger","item":"https:\/\/aidon.com\/dk\/losninger\/"},{"@type":"ListItem","position":2,"name":"Konsulentydelser"}]},{"@type":"WebSite","@id":"https:\/\/aidon.com\/dk\/#website","url":"https:\/\/aidon.com\/dk\/","name":"Aidon","description":"","potentialAction":[{"@type":"SearchAction","target":{"@type":"EntryPoint","urlTemplate":"https:\/\/aidon.com\/dk\/?s={search_term_string}"},"query-input":{"@type":"PropertyValueSpecification","valueRequired":true,"valueName":"search_term_string"}}],"inLanguage":"dk-DK"}]}},"_links":{"self":[{"href":"https:\/\/aidon.com\/dk\/wp-json\/wp\/v2\/pages\/9125","targetHints":{"allow":["GET"]}}],"collection":[{"href":"https:\/\/aidon.com\/dk\/wp-json\/wp\/v2\/pages"}],"about":[{"href":"https:\/\/aidon.com\/dk\/wp-json\/wp\/v2\/types\/page"}],"author":[{"embeddable":true,"href":"https:\/\/aidon.com\/dk\/wp-json\/wp\/v2\/users\/2"}],"replies":[{"embeddable":true,"href":"https:\/\/aidon.com\/dk\/wp-json\/wp\/v2\/comments?post=9125"}],"version-history":[{"count":1,"href":"https:\/\/aidon.com\/dk\/wp-json\/wp\/v2\/pages\/9125\/revisions"}],"predecessor-version":[{"id":9127,"href":"https:\/\/aidon.com\/dk\/wp-json\/wp\/v2\/pages\/9125\/revisions\/9127"}],"up":[{"embeddable":true,"href":"https:\/\/aidon.com\/dk\/wp-json\/wp\/v2\/pages\/8996"}],"wp:featuredmedia":[{"embeddable":true,"href":"https:\/\/aidon.com\/dk\/wp-json\/wp\/v2\/media\/9126"}],"wp:attachment":[{"href":"https:\/\/aidon.com\/dk\/wp-json\/wp\/v2\/media?parent=9125"}],"curies":[{"name":"wp","href":"https:\/\/api.w.org\/{rel}","templated":true}]}}