{"id":9109,"date":"2022-08-12T12:04:38","date_gmt":"2022-08-12T09:04:38","guid":{"rendered":"https:\/\/aidon.com\/?page_id=9109"},"modified":"2025-08-15T15:42:35","modified_gmt":"2025-08-15T12:42:35","slug":"smarte-energy-service-devices","status":"publish","type":"page","link":"https:\/\/aidon.com\/dk\/losninger\/smarte-energy-service-devices\/","title":{"rendered":"Smarte Energy Service Devices"},"content":{"rendered":"<p><img loading=\"lazy\" decoding=\"async\" class=\"alignnone wp-image-6426 size-full\" src=\"https:\/\/aidon.com\/wp-content\/uploads\/2023\/02\/Aidon_Smart_Energy_Service_Devices_web_900_2.png\" alt=\"\" width=\"900\" height=\"430\" srcset=\"https:\/\/aidon.com\/wp-content\/uploads\/2023\/02\/Aidon_Smart_Energy_Service_Devices_web_900_2.png 900w, https:\/\/aidon.com\/wp-content\/uploads\/2023\/02\/Aidon_Smart_Energy_Service_Devices_web_900_2-300x143.png 300w, https:\/\/aidon.com\/wp-content\/uploads\/2023\/02\/Aidon_Smart_Energy_Service_Devices_web_900_2-768x367.png 768w\" sizes=\"auto, (max-width: 900px) 100vw, 900px\" \/><\/p>\n<p>&nbsp;<\/p>\n<h3>Smarte Energy Service Devices (elm\u00e5lere)<\/h3>\n<p><strong>Aidons 7000-series Energy Service Devices (ESD) kombinerer en elm\u00e5ler, dataforbindelse, alsidige sensorer og gr\u00e6nseflader med en h\u00f8j ydelse. Den p\u00e5lidelige m\u00e5lerplatform er designet til at im\u00f8dekomme nuv\u00e6rende og fremtidige krav samt de udfordrende betingelser fra de nordiske netselskaber.<\/strong><\/p>\n<h4>Flere fordele<\/h4>\n<p>M\u00e5leren har et skarpt design, en robust struktur og er nem at installere. Med mulighed for fjernopgradering af m\u00e5lerens software, kan nye applikationer udrulles og ny funktionalitet aktiveres inden for m\u00e5lerens levetid.<\/p>\n<h4>7000-serie med innovative funktioner<\/h4>\n<p>M\u00e5lerne i den nye 7000-serie indeholder funktioner uden sidestykke som eksempelvis HSDC-gr\u00e6nsefladen (High-Speed Data Collection) med ekstremt n\u00f8jagtighed p\u00e5 vores samplingsfunktionalitet. Den giver mulighed for alsidige kontroller i realtid og diagnostiske applikationer.<\/p>\n<h4>Systemmodul \u2013 for gnidningsl\u00f8se opgraderinger<\/h4>\n<p>Vores m\u00e5lerenheder best\u00e5r af en elm\u00e5ler og et systemmodul. Systemmodulet s\u00f8rger for datatransmissionen fra den p\u00e5g\u00e6ldende elm\u00e5ler, og systemmodultypen v\u00e6lges i henhold til den anvendte kommunikationsteknologi. Systemmodulet er adskilt fra elm\u00e5leren, hvilket g\u00f8r det muligt at udskifte til en ny kommunikationsteknologi i systemets levetid uden at skifte elm\u00e5leren ud. Dermed kan vi levetidsforl\u00e6nge elm\u00e5leren og afkoble afh\u00e6ngigheden af den valgte datakommunikation.<\/p>\n<h4>Hvordan fungerer det?<\/h4>\n<p>Elm\u00e5leren m\u00e5ler energiforbruget og sender data baseret p\u00e5 det angivne tidsinterval, for eksempel 15 eller 60 minutter. M\u00e5lerdata sendes til enhedens systemmodul og behandles. Systemmodulet kontrollerer elm\u00e5leren og g\u00f8r det muligt at levere tidsstemplede registerv\u00e6rdier, kontrollere belastninger, overv\u00e5ge str\u00f8mkvalitet, registrere str\u00f8mudfald og fejloplysninger samt afl\u00e6se eksterne statusoplysninger. Data sendes som push fra elm\u00e5leren og i realtid.<\/p>\n<h4>7000-seriens Energy Service Devices<\/h4>\n<div id='gallery-1' class='gallery galleryid-9109 gallery-columns-2 gallery-size-medium'><figure class='gallery-item'>\n\t\t\t<div class='gallery-icon portrait'>\n\t\t\t\t<a href='https:\/\/aidon.com\/wp-content\/uploads\/2022\/10\/Aidon-7534-front-right-web-1.jpg' title=\"Aidon 7534 - Trefaset Energy Service Devices til husholdninger\" data-rl_title=\"Aidon 7534 - Trefaset Energy Service Devices til husholdninger\" class=\"rl-gallery-link\" data-rl_caption=\"Aidon 7534 - Trefaset Energy Service Devices til husholdninger\" data-rel=\"lightbox-gallery-1\"><img loading=\"lazy\" decoding=\"async\" width=\"223\" height=\"300\" src=\"https:\/\/aidon.com\/wp-content\/uploads\/2022\/10\/Aidon-7534-front-right-web-1-223x300.jpg\" class=\"attachment-medium size-medium\" alt=\"\" aria-describedby=\"gallery-1-9114\" srcset=\"https:\/\/aidon.com\/wp-content\/uploads\/2022\/10\/Aidon-7534-front-right-web-1-223x300.jpg 223w, https:\/\/aidon.com\/wp-content\/uploads\/2022\/10\/Aidon-7534-front-right-web-1-760x1024.jpg 760w, https:\/\/aidon.com\/wp-content\/uploads\/2022\/10\/Aidon-7534-front-right-web-1-768x1035.jpg 768w, https:\/\/aidon.com\/wp-content\/uploads\/2022\/10\/Aidon-7534-front-right-web-1.jpg 1104w\" sizes=\"auto, (max-width: 223px) 100vw, 223px\" \/><\/a>\n\t\t\t<\/div>\n\t\t\t\t<figcaption class='wp-caption-text gallery-caption' id='gallery-1-9114'>\n\t\t\t\tAidon 7534 &#8211;  Trefaset Energy Service Devices til husholdninger\n\t\t\t\t<\/figcaption><\/figure><figure class='gallery-item'>\n\t\t\t<div class='gallery-icon portrait'>\n\t\t\t\t<a href='https:\/\/aidon.com\/wp-content\/uploads\/2022\/12\/Aidon-7550-front-right-web.jpg' title=\"Aidon 7550 - Trefaset Energy Service Devices til industriel brug (CT)\" data-rl_title=\"Aidon 7550 - Trefaset Energy Service Devices til industriel brug (CT)\" class=\"rl-gallery-link\" data-rl_caption=\"Aidon 7550 - Trefaset Energy Service Devices til industriel brug (CT)\" data-rel=\"lightbox-gallery-1\"><img loading=\"lazy\" decoding=\"async\" width=\"223\" height=\"300\" src=\"https:\/\/aidon.com\/wp-content\/uploads\/2022\/12\/Aidon-7550-front-right-web-223x300.jpg\" class=\"attachment-medium size-medium\" alt=\"\" aria-describedby=\"gallery-1-9116\" srcset=\"https:\/\/aidon.com\/wp-content\/uploads\/2022\/12\/Aidon-7550-front-right-web-223x300.jpg 223w, https:\/\/aidon.com\/wp-content\/uploads\/2022\/12\/Aidon-7550-front-right-web-760x1024.jpg 760w, https:\/\/aidon.com\/wp-content\/uploads\/2022\/12\/Aidon-7550-front-right-web-768x1035.jpg 768w, https:\/\/aidon.com\/wp-content\/uploads\/2022\/12\/Aidon-7550-front-right-web.jpg 1104w\" sizes=\"auto, (max-width: 223px) 100vw, 223px\" \/><\/a>\n\t\t\t<\/div>\n\t\t\t\t<figcaption class='wp-caption-text gallery-caption' id='gallery-1-9116'>\n\t\t\t\tAidon 7550 &#8211; Trefaset Energy Service Devices til industriel brug (CT)\n\t\t\t\t<\/figcaption><\/figure><figure class='gallery-item'>\n\t\t\t<div class='gallery-icon portrait'>\n\t\t\t\t<a href='https:\/\/aidon.com\/wp-content\/uploads\/2022\/12\/Aidon-7560-front-right-web.jpg' title=\"Aidon 7560 - Trefaset Energy Service Devices til industriel brug (CT\/VT)\" data-rl_title=\"Aidon 7560 - Trefaset Energy Service Devices til industriel brug (CT\/VT)\" class=\"rl-gallery-link\" data-rl_caption=\"Aidon 7560 - Trefaset Energy Service Devices til industriel brug (CT\/VT)\" data-rel=\"lightbox-gallery-1\"><img loading=\"lazy\" decoding=\"async\" width=\"222\" height=\"300\" src=\"https:\/\/aidon.com\/wp-content\/uploads\/2022\/12\/Aidon-7560-front-right-web-222x300.jpg\" class=\"attachment-medium size-medium\" alt=\"\" aria-describedby=\"gallery-1-9117\" srcset=\"https:\/\/aidon.com\/wp-content\/uploads\/2022\/12\/Aidon-7560-front-right-web-222x300.jpg 222w, https:\/\/aidon.com\/wp-content\/uploads\/2022\/12\/Aidon-7560-front-right-web-759x1024.jpg 759w, https:\/\/aidon.com\/wp-content\/uploads\/2022\/12\/Aidon-7560-front-right-web-768x1037.jpg 768w, https:\/\/aidon.com\/wp-content\/uploads\/2022\/12\/Aidon-7560-front-right-web-1138x1536.jpg 1138w, https:\/\/aidon.com\/wp-content\/uploads\/2022\/12\/Aidon-7560-front-right-web.jpg 1280w\" sizes=\"auto, (max-width: 222px) 100vw, 222px\" \/><\/a>\n\t\t\t<\/div>\n\t\t\t\t<figcaption class='wp-caption-text gallery-caption' id='gallery-1-9117'>\n\t\t\t\tAidon 7560 &#8211; Trefaset Energy Service Devices til industriel brug (CT\/VT)\n\t\t\t\t<\/figcaption><\/figure>\n\t\t<\/div>\n\n<p>&nbsp;<\/p>\n<h4 id=\"fmd\"><\/h4>\n<p>&nbsp;<\/p>\n<h3>Aidon Feeder Line Measurement Device<\/h3>\n<p><strong>Aidon Feeder Line Measurement Device (FMD) udvider Aidons overv\u00e5gningsl\u00f8sning til transformerstationer. Den leverer belastningsm\u00e5linger og andre karakteristika fra hver lavsp\u00e6ndingsudgang der er tilsluttet transformerstationen. En FMD tilsluttet Aidons CT (str\u00f8mtransformer)-m\u00e5ler udg\u00f8r en komplet l\u00f8sning til overv\u00e5gning af transformerstationer og lavsp\u00e6ndingsnettet.<br \/>\n<\/strong><\/p>\n<p>Takket v\u00e6re det modul\u00e6re design kan flere FMD-enheder k\u00e6des sammen for at underst\u00f8tte det n\u00f8dvendige antal fremf\u00f8ringslinjer p\u00e5 en transformerstation. Den er optimeret til eftermontage p\u00e5 eksisterende transformerstationer uden m\u00e5leudstry og er nem og enkel at installere af netselskabets eget personale.<\/p>\n<p>Se ogs\u00e5: <a href=\"https:\/\/aidon.com\/dk\/aolutions\/smart-grid-intelligence\/\">Smart Grid Intelligence<\/a><\/p>\n<p>Se ogs\u00e5 denne video: <a href=\"https:\/\/aidon.com\/dk\/aidonb-trafo-losning-bibringer-ny-realtids-indsigt-i-tilstanden-af-lavspaendingsnettet\/\">Aidon TRAFO-l\u00f8sning \u2013 Bibringer ny realtids indsigt i tilstanden af lavsp\u00e6ndingsnettet<\/a><\/p>\n<h4>Aidon Feeder Line Measurement Device<\/h4>\n<div id='gallery-2' class='gallery galleryid-9109 gallery-columns-1 gallery-size-medium'><figure class='gallery-item'>\n\t\t\t<div class='gallery-icon landscape'>\n\t\t\t\t<a href='https:\/\/aidon.com\/wp-content\/uploads\/2024\/11\/Aidon-7571-FMD-Mains-Unit-with-LEDs.jpg' title=\"Aidon 7571 FMD\" data-rl_title=\"Aidon 7571 FMD\" class=\"rl-gallery-link\" data-rl_caption=\"Aidon 7571 FMD\" data-rel=\"lightbox-gallery-2\"><img loading=\"lazy\" decoding=\"async\" width=\"300\" height=\"240\" src=\"https:\/\/aidon.com\/wp-content\/uploads\/2024\/11\/Aidon-7571-FMD-Mains-Unit-with-LEDs-300x240.jpg\" class=\"attachment-medium size-medium\" alt=\"\" aria-describedby=\"gallery-2-15759\" srcset=\"https:\/\/aidon.com\/wp-content\/uploads\/2024\/11\/Aidon-7571-FMD-Mains-Unit-with-LEDs-300x240.jpg 300w, https:\/\/aidon.com\/wp-content\/uploads\/2024\/11\/Aidon-7571-FMD-Mains-Unit-with-LEDs-1024x820.jpg 1024w, https:\/\/aidon.com\/wp-content\/uploads\/2024\/11\/Aidon-7571-FMD-Mains-Unit-with-LEDs-768x615.jpg 768w, https:\/\/aidon.com\/wp-content\/uploads\/2024\/11\/Aidon-7571-FMD-Mains-Unit-with-LEDs-1536x1231.jpg 1536w, https:\/\/aidon.com\/wp-content\/uploads\/2024\/11\/Aidon-7571-FMD-Mains-Unit-with-LEDs-2048x1641.jpg 2048w, https:\/\/aidon.com\/wp-content\/uploads\/2024\/11\/Aidon-7571-FMD-Mains-Unit-with-LEDs-1920x1538.jpg 1920w\" sizes=\"auto, (max-width: 300px) 100vw, 300px\" \/><\/a>\n\t\t\t<\/div>\n\t\t\t\t<figcaption class='wp-caption-text gallery-caption' id='gallery-2-15759'>\n\t\t\t\tAidon 7571 FMD\n\t\t\t\t<\/figcaption><\/figure>\n\t\t<\/div>\n\n","protected":false},"excerpt":{"rendered":"<p>&nbsp; Smarte Energy Service Devices (elm\u00e5lere) Aidons 7000-series Energy Service Devices (ESD) kombinerer en elm\u00e5ler, dataforbindelse, alsidige sensorer og gr\u00e6nseflader med en h\u00f8j ydelse. Den p\u00e5lidelige m\u00e5lerplatform er designet til at im\u00f8dekomme nuv\u00e6rende og fremtidige krav samt de udfordrende betingelser fra de nordiske netselskaber. Flere fordele M\u00e5leren har et skarpt&hellip;<\/p>\n","protected":false},"author":2,"featured_media":9110,"parent":8996,"menu_order":3,"comment_status":"closed","ping_status":"closed","template":"page-single-solutions.php","meta":{"_acf_changed":false,"footnotes":""},"class_list":["post-9109","page","type-page","status-publish","has-post-thumbnail","hentry"],"acf":[],"yoast_head":"<!-- This site is optimized with the Yoast SEO plugin v27.0 - https:\/\/yoast.com\/product\/yoast-seo-wordpress\/ -->\n<title>Smarte Energy Service Devices - Aidon<\/title>\n<meta name=\"robots\" content=\"index, follow, max-snippet:-1, max-image-preview:large, max-video-preview:-1\" \/>\n<link rel=\"canonical\" href=\"https:\/\/aidon.com\/dk\/losninger\/smarte-energy-service-devices\/\" \/>\n<meta property=\"og:locale\" content=\"en_US\" \/>\n<meta property=\"og:type\" content=\"article\" \/>\n<meta property=\"og:title\" content=\"Smarte Energy Service Devices - Aidon\" \/>\n<meta property=\"og:description\" content=\"&nbsp; Smarte Energy Service Devices (elm\u00e5lere) Aidons 7000-series Energy Service Devices (ESD) kombinerer en elm\u00e5ler, dataforbindelse, alsidige sensorer og gr\u00e6nseflader med en h\u00f8j ydelse. Den p\u00e5lidelige m\u00e5lerplatform er designet til at im\u00f8dekomme nuv\u00e6rende og fremtidige krav samt de udfordrende betingelser fra de nordiske netselskaber. Flere fordele M\u00e5leren har et skarpt&hellip;\" \/>\n<meta property=\"og:url\" content=\"https:\/\/aidon.com\/dk\/losninger\/smarte-energy-service-devices\/\" \/>\n<meta property=\"og:site_name\" content=\"Aidon\" \/>\n<meta property=\"article:modified_time\" content=\"2025-08-15T12:42:35+00:00\" \/>\n<meta property=\"og:image\" content=\"https:\/\/aidon.com\/wp-content\/uploads\/2022\/08\/smartenergy-1.png\" \/>\n\t<meta property=\"og:image:width\" content=\"397\" \/>\n\t<meta property=\"og:image:height\" content=\"397\" \/>\n\t<meta property=\"og:image:type\" content=\"image\/png\" \/>\n<meta name=\"twitter:card\" content=\"summary_large_image\" \/>\n<meta name=\"twitter:label1\" content=\"Est. reading time\" \/>\n\t<meta name=\"twitter:data1\" content=\"2 minutes\" \/>\n<script type=\"application\/ld+json\" class=\"yoast-schema-graph\">{\"@context\":\"https:\/\/schema.org\",\"@graph\":[{\"@type\":\"WebPage\",\"@id\":\"https:\/\/aidon.com\/dk\/losninger\/smarte-energy-service-devices\/\",\"url\":\"https:\/\/aidon.com\/dk\/losninger\/smarte-energy-service-devices\/\",\"name\":\"Smarte Energy Service Devices - Aidon\",\"isPartOf\":{\"@id\":\"https:\/\/aidon.com\/dk\/#website\"},\"primaryImageOfPage\":{\"@id\":\"https:\/\/aidon.com\/dk\/losninger\/smarte-energy-service-devices\/#primaryimage\"},\"image\":{\"@id\":\"https:\/\/aidon.com\/dk\/losninger\/smarte-energy-service-devices\/#primaryimage\"},\"thumbnailUrl\":\"https:\/\/aidon.com\/wp-content\/uploads\/2022\/08\/smartenergy-1.png\",\"datePublished\":\"2022-08-12T09:04:38+00:00\",\"dateModified\":\"2025-08-15T12:42:35+00:00\",\"breadcrumb\":{\"@id\":\"https:\/\/aidon.com\/dk\/losninger\/smarte-energy-service-devices\/#breadcrumb\"},\"inLanguage\":\"dk-DK\",\"potentialAction\":[{\"@type\":\"ReadAction\",\"target\":[\"https:\/\/aidon.com\/dk\/losninger\/smarte-energy-service-devices\/\"]}]},{\"@type\":\"ImageObject\",\"inLanguage\":\"dk-DK\",\"@id\":\"https:\/\/aidon.com\/dk\/losninger\/smarte-energy-service-devices\/#primaryimage\",\"url\":\"https:\/\/aidon.com\/wp-content\/uploads\/2022\/08\/smartenergy-1.png\",\"contentUrl\":\"https:\/\/aidon.com\/wp-content\/uploads\/2022\/08\/smartenergy-1.png\",\"width\":397,\"height\":397},{\"@type\":\"BreadcrumbList\",\"@id\":\"https:\/\/aidon.com\/dk\/losninger\/smarte-energy-service-devices\/#breadcrumb\",\"itemListElement\":[{\"@type\":\"ListItem\",\"position\":1,\"name\":\"L\u00f8sninger\",\"item\":\"https:\/\/aidon.com\/dk\/losninger\/\"},{\"@type\":\"ListItem\",\"position\":2,\"name\":\"Smarte Energy Service Devices\"}]},{\"@type\":\"WebSite\",\"@id\":\"https:\/\/aidon.com\/dk\/#website\",\"url\":\"https:\/\/aidon.com\/dk\/\",\"name\":\"Aidon\",\"description\":\"\",\"potentialAction\":[{\"@type\":\"SearchAction\",\"target\":{\"@type\":\"EntryPoint\",\"urlTemplate\":\"https:\/\/aidon.com\/dk\/?s={search_term_string}\"},\"query-input\":{\"@type\":\"PropertyValueSpecification\",\"valueRequired\":true,\"valueName\":\"search_term_string\"}}],\"inLanguage\":\"dk-DK\"}]}<\/script>\n<!-- \/ Yoast SEO plugin. -->","yoast_head_json":{"title":"Smarte Energy Service Devices - Aidon","robots":{"index":"index","follow":"follow","max-snippet":"max-snippet:-1","max-image-preview":"max-image-preview:large","max-video-preview":"max-video-preview:-1"},"canonical":"https:\/\/aidon.com\/dk\/losninger\/smarte-energy-service-devices\/","og_locale":"en_US","og_type":"article","og_title":"Smarte Energy Service Devices - Aidon","og_description":"&nbsp; Smarte Energy Service Devices (elm\u00e5lere) Aidons 7000-series Energy Service Devices (ESD) kombinerer en elm\u00e5ler, dataforbindelse, alsidige sensorer og gr\u00e6nseflader med en h\u00f8j ydelse. Den p\u00e5lidelige m\u00e5lerplatform er designet til at im\u00f8dekomme nuv\u00e6rende og fremtidige krav samt de udfordrende betingelser fra de nordiske netselskaber. Flere fordele M\u00e5leren har et skarpt&hellip;","og_url":"https:\/\/aidon.com\/dk\/losninger\/smarte-energy-service-devices\/","og_site_name":"Aidon","article_modified_time":"2025-08-15T12:42:35+00:00","og_image":[{"width":397,"height":397,"url":"https:\/\/aidon.com\/wp-content\/uploads\/2022\/08\/smartenergy-1.png","type":"image\/png"}],"twitter_card":"summary_large_image","twitter_misc":{"Est. reading time":"2 minutes"},"schema":{"@context":"https:\/\/schema.org","@graph":[{"@type":"WebPage","@id":"https:\/\/aidon.com\/dk\/losninger\/smarte-energy-service-devices\/","url":"https:\/\/aidon.com\/dk\/losninger\/smarte-energy-service-devices\/","name":"Smarte Energy Service Devices - Aidon","isPartOf":{"@id":"https:\/\/aidon.com\/dk\/#website"},"primaryImageOfPage":{"@id":"https:\/\/aidon.com\/dk\/losninger\/smarte-energy-service-devices\/#primaryimage"},"image":{"@id":"https:\/\/aidon.com\/dk\/losninger\/smarte-energy-service-devices\/#primaryimage"},"thumbnailUrl":"https:\/\/aidon.com\/wp-content\/uploads\/2022\/08\/smartenergy-1.png","datePublished":"2022-08-12T09:04:38+00:00","dateModified":"2025-08-15T12:42:35+00:00","breadcrumb":{"@id":"https:\/\/aidon.com\/dk\/losninger\/smarte-energy-service-devices\/#breadcrumb"},"inLanguage":"dk-DK","potentialAction":[{"@type":"ReadAction","target":["https:\/\/aidon.com\/dk\/losninger\/smarte-energy-service-devices\/"]}]},{"@type":"ImageObject","inLanguage":"dk-DK","@id":"https:\/\/aidon.com\/dk\/losninger\/smarte-energy-service-devices\/#primaryimage","url":"https:\/\/aidon.com\/wp-content\/uploads\/2022\/08\/smartenergy-1.png","contentUrl":"https:\/\/aidon.com\/wp-content\/uploads\/2022\/08\/smartenergy-1.png","width":397,"height":397},{"@type":"BreadcrumbList","@id":"https:\/\/aidon.com\/dk\/losninger\/smarte-energy-service-devices\/#breadcrumb","itemListElement":[{"@type":"ListItem","position":1,"name":"L\u00f8sninger","item":"https:\/\/aidon.com\/dk\/losninger\/"},{"@type":"ListItem","position":2,"name":"Smarte Energy Service Devices"}]},{"@type":"WebSite","@id":"https:\/\/aidon.com\/dk\/#website","url":"https:\/\/aidon.com\/dk\/","name":"Aidon","description":"","potentialAction":[{"@type":"SearchAction","target":{"@type":"EntryPoint","urlTemplate":"https:\/\/aidon.com\/dk\/?s={search_term_string}"},"query-input":{"@type":"PropertyValueSpecification","valueRequired":true,"valueName":"search_term_string"}}],"inLanguage":"dk-DK"}]}},"_links":{"self":[{"href":"https:\/\/aidon.com\/dk\/wp-json\/wp\/v2\/pages\/9109","targetHints":{"allow":["GET"]}}],"collection":[{"href":"https:\/\/aidon.com\/dk\/wp-json\/wp\/v2\/pages"}],"about":[{"href":"https:\/\/aidon.com\/dk\/wp-json\/wp\/v2\/types\/page"}],"author":[{"embeddable":true,"href":"https:\/\/aidon.com\/dk\/wp-json\/wp\/v2\/users\/2"}],"replies":[{"embeddable":true,"href":"https:\/\/aidon.com\/dk\/wp-json\/wp\/v2\/comments?post=9109"}],"version-history":[{"count":8,"href":"https:\/\/aidon.com\/dk\/wp-json\/wp\/v2\/pages\/9109\/revisions"}],"predecessor-version":[{"id":17342,"href":"https:\/\/aidon.com\/dk\/wp-json\/wp\/v2\/pages\/9109\/revisions\/17342"}],"up":[{"embeddable":true,"href":"https:\/\/aidon.com\/dk\/wp-json\/wp\/v2\/pages\/8996"}],"wp:featuredmedia":[{"embeddable":true,"href":"https:\/\/aidon.com\/dk\/wp-json\/wp\/v2\/media\/9110"}],"wp:attachment":[{"href":"https:\/\/aidon.com\/dk\/wp-json\/wp\/v2\/media?parent=9109"}],"curies":[{"name":"wp","href":"https:\/\/api.w.org\/{rel}","templated":true}]}}