{"id":9104,"date":"2022-08-12T11:43:09","date_gmt":"2022-08-12T08:43:09","guid":{"rendered":"https:\/\/aidon.com\/?page_id=9104"},"modified":"2023-03-31T08:18:48","modified_gmt":"2023-03-31T08:18:48","slug":"iot-forbindelse","status":"publish","type":"page","link":"https:\/\/aidon.com\/dk\/losninger\/iot-forbindelse\/","title":{"rendered":"IoT-forbindelse"},"content":{"rendered":"<p><strong><img loading=\"lazy\" decoding=\"async\" class=\"alignnone wp-image-6416 size-full\" src=\"https:\/\/aidon.com\/wp-content\/uploads\/2023\/02\/Aidon_IoT_connectivity_web_900.png\" alt=\"\" width=\"900\" height=\"342\" srcset=\"https:\/\/aidon.com\/wp-content\/uploads\/2023\/02\/Aidon_IoT_connectivity_web_900.png 900w, https:\/\/aidon.com\/wp-content\/uploads\/2023\/02\/Aidon_IoT_connectivity_web_900-300x114.png 300w, https:\/\/aidon.com\/wp-content\/uploads\/2023\/02\/Aidon_IoT_connectivity_web_900-768x292.png 768w\" sizes=\"auto, (max-width: 900px) 100vw, 900px\" \/><\/strong><\/p>\n<h4><\/h4>\n<p><strong>Valget af kommunikationsteknologi spiller en vigtig rolle i AMM-systemets ydelse og p\u00e5lidelighed. Aidon tilbyder kommunikationsl\u00f8sninger til forskellige behov og omst\u00e6ndigheder, og de kan kombineres, s\u00e5 de leverer den bedste l\u00f8sning for kunden. Dataforbindelsen kan ogs\u00e5 leveres af Aidon som en service.<\/strong><\/p>\n<h4>Flere faktorer har indflydelse p\u00e5 valget af kommunikationsl\u00f8sningen<\/h4>\n<p>Der er flere faktorer, som har indflydelse p\u00e5 valget af den mest velegnede kommunikationsl\u00f8sning. De omfatter blandt andet:<\/p>\n<ul>\n<li>Antal og t\u00e6thedsgrad af m\u00e5lerpunkterne<\/li>\n<li>Geografisk topologi<\/li>\n<li>Teknologiske og operationelle krav, som for eksempel m\u00e6ngden af data og behovet for tilg\u00e6ngelighed af data i realtid<\/li>\n<li>Tilg\u00e6ngelighed fra teleoperat\u00f8rer af egnede IoT-netv\u00e6rk og deres kapacitet<\/li>\n<li>Startinvestering og driftsomkostninger i levetiden<\/li>\n<li>Plan for udrulning og overgangsfase til den nye l\u00f8sning<\/li>\n<li>Den rigtige kommunikationsl\u00f8sning p\u00e5 det rigtige sted<\/li>\n<\/ul>\n<p>Behovet hos de danske netselskaber vil varierer fra selskab til selskab. Inden for det samme netselskab kan der v\u00e6re omr\u00e5der med meget forskellige forbrugsprofiler, befolkninger og geografiske forhold. Med en kombination af forskellige kommunikationsteknologier til en s\u00e5kaldt hybridl\u00f8sning, kan fordelene ved hver enkelt teknologi udnyttes alle steder i netv\u00e6rket.<br \/>\nAidons kommunikationsl\u00f8sning er baseret p\u00e5 to forskellige teknologiske muligheder og kan kombineres til en hybridl\u00f8sning:<\/p>\n<h6>Radiobaseret RF-maskenet \u2013 til by- og forstadsomr\u00e5der<\/h6>\n<p>Vores m\u00e5lere udstyret med RF kommunikation bruger hinanden til at bygge et maskenet, der automatisk videresender datatrafikken. I denne l\u00f8sning sender slave-enhederne data via andre enheder i maskenettet eller direkte til master-enheden. Master-enhederne bruger 2G\/4G-forbindelse til at kommunikere med hjemtagningssystemet (HES). Alternativt kan netselskabets egen infrastruktur i netstationerne benyttes, via en Ethernet-forbindelse (fiber). RF-l\u00f8sningen er s\u00e6rlig velegnet til by- og forstadsomr\u00e5der, blandt andet i k\u00e6lderrum hvor mange m\u00e5lere er samlet og der er ringe teled\u00e6kning, samt hvor m\u00e5lerne ligger tilstr\u00e6kkeligt t\u00e6t p\u00e5 hinanden til at danne et maskenet.<\/p>\n<h6>Point-to-Point (P2P) \u2013 til fjernt beliggende lokaliteter og industri<\/h6>\n<p>I vores point-to-point-l\u00f8sning har m\u00e5lerne direkte forbindelse med til hjemtagningssystemet (HES) via LTE-M-\/NB-IoT-netv\u00e6rk og bruger deres eget SIM-abonnement. For s\u00e5 vidt ang\u00e5r tilg\u00e6ngelighed, kapacitet og omkostninger er denne l\u00f8sning bedst egnet til m\u00e5lere, som ligger fjernt fra hinanden, og til m\u00e5lepunkter med h\u00f8jt forbrug, for eksempel industrilokaliteter. Dog er priserne p\u00e5 telekommunikation gennem de sidste par \u00e5r faldet kraftigt, hvorfor denne l\u00f8sning ogs\u00e5 egner sig til m\u00e5lerne generelt, hvor der er tilstr\u00e6kkelig d\u00e6kning<br \/>\nAidon hj\u00e6lper kunderne med at designe den bedste og mest optimale l\u00f8sning til hvert enkelt form\u00e5l. Det er for at sikre fleksibiliteten i og skalerbarheden af dataforbindelsen under installationer og i hele systemets levetid, for eksempel hvis m\u00e6ngden af overf\u00f8rte data stiger, eller operat\u00f8rens tjenester videreudvikles.<\/p>\n<h6>Fleksibel servicepakke \u2013 Connectivity as a Service (CaaS)<\/h6>\n<p>For kunder, som foretr\u00e6kker at f\u00e5 dataforbindelsen leveret i en komplet service til en fast pris, er Aidons tilbud p\u00e5 dataforbindelse som en service det rigtige valg. I denne service er Aidon ansvarlig for dataforbindelsen mellem m\u00e5lerenhederne og systemet (HES) i henhold til det aftalte serviceniveau (SLA). Servicen omfatter valget af den mest egnede SIM-teleoperat\u00f8r med dataabonnementer, samt en serviceaftale med den udvalgte teleoperat\u00f8r, leveret af Aidon. Aidons teknologiekspertise st\u00e5r til r\u00e5dighed for kunden som en del af denne service. Takket v\u00e6re dette skal kundens virksomhed ikke allokere sine egne ressource til administration, overv\u00e5gning og vedligeholdelse af dataforbindelserne.<\/p>\n<h4>eSIM til garanteret serviceniveau i hele levetiden<\/h4>\n<p>Kunden kan derudover drage fordel af vores eSIM-service, som garanterer p\u00e5lidelig, fleksibel og operat\u00f8ruafh\u00e6ngig dataforbindelse i hele systemets levetid. M\u00e5lerenheder, som er udstyret med en eSIM-l\u00f8sning, kan automatisk eller p\u00e5 en kontrolleret m\u00e5de overf\u00f8res til en anden operat\u00f8rs service for eksempelvis at sikre det forn\u00f8dne serviceniveau eller konkurrencedygtige priser.<\/p>\n","protected":false},"excerpt":{"rendered":"<p>Valget af kommunikationsteknologi spiller en vigtig rolle i AMM-systemets ydelse og p\u00e5lidelighed. Aidon tilbyder kommunikationsl\u00f8sninger til forskellige behov og omst\u00e6ndigheder, og de kan kombineres, s\u00e5 de leverer den bedste l\u00f8sning for kunden. Dataforbindelsen kan ogs\u00e5 leveres af Aidon som en service. Flere faktorer har indflydelse p\u00e5 valget af kommunikationsl\u00f8sningen Der&hellip;<\/p>\n","protected":false},"author":2,"featured_media":9105,"parent":8996,"menu_order":2,"comment_status":"closed","ping_status":"closed","template":"page-single-solutions.php","meta":{"_acf_changed":false,"footnotes":""},"class_list":["post-9104","page","type-page","status-publish","has-post-thumbnail","hentry"],"acf":[],"yoast_head":"<!-- This site is optimized with the Yoast SEO plugin v27.0 - https:\/\/yoast.com\/product\/yoast-seo-wordpress\/ -->\n<title>IoT-forbindelse - Aidon<\/title>\n<meta name=\"robots\" content=\"index, follow, max-snippet:-1, max-image-preview:large, max-video-preview:-1\" \/>\n<link rel=\"canonical\" href=\"https:\/\/aidon.com\/dk\/losninger\/iot-forbindelse\/\" \/>\n<meta property=\"og:locale\" content=\"en_US\" \/>\n<meta property=\"og:type\" content=\"article\" \/>\n<meta property=\"og:title\" content=\"IoT-forbindelse - Aidon\" \/>\n<meta property=\"og:description\" content=\"Valget af kommunikationsteknologi spiller en vigtig rolle i AMM-systemets ydelse og p\u00e5lidelighed. Aidon tilbyder kommunikationsl\u00f8sninger til forskellige behov og omst\u00e6ndigheder, og de kan kombineres, s\u00e5 de leverer den bedste l\u00f8sning for kunden. Dataforbindelsen kan ogs\u00e5 leveres af Aidon som en service. Flere faktorer har indflydelse p\u00e5 valget af kommunikationsl\u00f8sningen Der&hellip;\" \/>\n<meta property=\"og:url\" content=\"https:\/\/aidon.com\/dk\/losninger\/iot-forbindelse\/\" \/>\n<meta property=\"og:site_name\" content=\"Aidon\" \/>\n<meta property=\"article:modified_time\" content=\"2023-03-31T08:18:48+00:00\" \/>\n<meta property=\"og:image\" content=\"https:\/\/aidon.com\/wp-content\/uploads\/2022\/08\/iot-1.png\" \/>\n\t<meta property=\"og:image:width\" content=\"397\" \/>\n\t<meta property=\"og:image:height\" content=\"397\" \/>\n\t<meta property=\"og:image:type\" content=\"image\/png\" \/>\n<meta name=\"twitter:card\" content=\"summary_large_image\" \/>\n<meta name=\"twitter:label1\" content=\"Est. reading time\" \/>\n\t<meta name=\"twitter:data1\" content=\"3 minutes\" \/>\n<script type=\"application\/ld+json\" class=\"yoast-schema-graph\">{\"@context\":\"https:\/\/schema.org\",\"@graph\":[{\"@type\":\"WebPage\",\"@id\":\"https:\/\/aidon.com\/dk\/losninger\/iot-forbindelse\/\",\"url\":\"https:\/\/aidon.com\/dk\/losninger\/iot-forbindelse\/\",\"name\":\"IoT-forbindelse - Aidon\",\"isPartOf\":{\"@id\":\"https:\/\/aidon.com\/dk\/#website\"},\"primaryImageOfPage\":{\"@id\":\"https:\/\/aidon.com\/dk\/losninger\/iot-forbindelse\/#primaryimage\"},\"image\":{\"@id\":\"https:\/\/aidon.com\/dk\/losninger\/iot-forbindelse\/#primaryimage\"},\"thumbnailUrl\":\"https:\/\/aidon.com\/wp-content\/uploads\/2022\/08\/iot-1.png\",\"datePublished\":\"2022-08-12T08:43:09+00:00\",\"dateModified\":\"2023-03-31T08:18:48+00:00\",\"breadcrumb\":{\"@id\":\"https:\/\/aidon.com\/dk\/losninger\/iot-forbindelse\/#breadcrumb\"},\"inLanguage\":\"dk-DK\",\"potentialAction\":[{\"@type\":\"ReadAction\",\"target\":[\"https:\/\/aidon.com\/dk\/losninger\/iot-forbindelse\/\"]}]},{\"@type\":\"ImageObject\",\"inLanguage\":\"dk-DK\",\"@id\":\"https:\/\/aidon.com\/dk\/losninger\/iot-forbindelse\/#primaryimage\",\"url\":\"https:\/\/aidon.com\/wp-content\/uploads\/2022\/08\/iot-1.png\",\"contentUrl\":\"https:\/\/aidon.com\/wp-content\/uploads\/2022\/08\/iot-1.png\",\"width\":397,\"height\":397},{\"@type\":\"BreadcrumbList\",\"@id\":\"https:\/\/aidon.com\/dk\/losninger\/iot-forbindelse\/#breadcrumb\",\"itemListElement\":[{\"@type\":\"ListItem\",\"position\":1,\"name\":\"L\u00f8sninger\",\"item\":\"https:\/\/aidon.com\/dk\/losninger\/\"},{\"@type\":\"ListItem\",\"position\":2,\"name\":\"IoT-forbindelse\"}]},{\"@type\":\"WebSite\",\"@id\":\"https:\/\/aidon.com\/dk\/#website\",\"url\":\"https:\/\/aidon.com\/dk\/\",\"name\":\"Aidon\",\"description\":\"\",\"potentialAction\":[{\"@type\":\"SearchAction\",\"target\":{\"@type\":\"EntryPoint\",\"urlTemplate\":\"https:\/\/aidon.com\/dk\/?s={search_term_string}\"},\"query-input\":{\"@type\":\"PropertyValueSpecification\",\"valueRequired\":true,\"valueName\":\"search_term_string\"}}],\"inLanguage\":\"dk-DK\"}]}<\/script>\n<!-- \/ Yoast SEO plugin. -->","yoast_head_json":{"title":"IoT-forbindelse - Aidon","robots":{"index":"index","follow":"follow","max-snippet":"max-snippet:-1","max-image-preview":"max-image-preview:large","max-video-preview":"max-video-preview:-1"},"canonical":"https:\/\/aidon.com\/dk\/losninger\/iot-forbindelse\/","og_locale":"en_US","og_type":"article","og_title":"IoT-forbindelse - Aidon","og_description":"Valget af kommunikationsteknologi spiller en vigtig rolle i AMM-systemets ydelse og p\u00e5lidelighed. Aidon tilbyder kommunikationsl\u00f8sninger til forskellige behov og omst\u00e6ndigheder, og de kan kombineres, s\u00e5 de leverer den bedste l\u00f8sning for kunden. Dataforbindelsen kan ogs\u00e5 leveres af Aidon som en service. Flere faktorer har indflydelse p\u00e5 valget af kommunikationsl\u00f8sningen Der&hellip;","og_url":"https:\/\/aidon.com\/dk\/losninger\/iot-forbindelse\/","og_site_name":"Aidon","article_modified_time":"2023-03-31T08:18:48+00:00","og_image":[{"width":397,"height":397,"url":"https:\/\/aidon.com\/wp-content\/uploads\/2022\/08\/iot-1.png","type":"image\/png"}],"twitter_card":"summary_large_image","twitter_misc":{"Est. reading time":"3 minutes"},"schema":{"@context":"https:\/\/schema.org","@graph":[{"@type":"WebPage","@id":"https:\/\/aidon.com\/dk\/losninger\/iot-forbindelse\/","url":"https:\/\/aidon.com\/dk\/losninger\/iot-forbindelse\/","name":"IoT-forbindelse - Aidon","isPartOf":{"@id":"https:\/\/aidon.com\/dk\/#website"},"primaryImageOfPage":{"@id":"https:\/\/aidon.com\/dk\/losninger\/iot-forbindelse\/#primaryimage"},"image":{"@id":"https:\/\/aidon.com\/dk\/losninger\/iot-forbindelse\/#primaryimage"},"thumbnailUrl":"https:\/\/aidon.com\/wp-content\/uploads\/2022\/08\/iot-1.png","datePublished":"2022-08-12T08:43:09+00:00","dateModified":"2023-03-31T08:18:48+00:00","breadcrumb":{"@id":"https:\/\/aidon.com\/dk\/losninger\/iot-forbindelse\/#breadcrumb"},"inLanguage":"dk-DK","potentialAction":[{"@type":"ReadAction","target":["https:\/\/aidon.com\/dk\/losninger\/iot-forbindelse\/"]}]},{"@type":"ImageObject","inLanguage":"dk-DK","@id":"https:\/\/aidon.com\/dk\/losninger\/iot-forbindelse\/#primaryimage","url":"https:\/\/aidon.com\/wp-content\/uploads\/2022\/08\/iot-1.png","contentUrl":"https:\/\/aidon.com\/wp-content\/uploads\/2022\/08\/iot-1.png","width":397,"height":397},{"@type":"BreadcrumbList","@id":"https:\/\/aidon.com\/dk\/losninger\/iot-forbindelse\/#breadcrumb","itemListElement":[{"@type":"ListItem","position":1,"name":"L\u00f8sninger","item":"https:\/\/aidon.com\/dk\/losninger\/"},{"@type":"ListItem","position":2,"name":"IoT-forbindelse"}]},{"@type":"WebSite","@id":"https:\/\/aidon.com\/dk\/#website","url":"https:\/\/aidon.com\/dk\/","name":"Aidon","description":"","potentialAction":[{"@type":"SearchAction","target":{"@type":"EntryPoint","urlTemplate":"https:\/\/aidon.com\/dk\/?s={search_term_string}"},"query-input":{"@type":"PropertyValueSpecification","valueRequired":true,"valueName":"search_term_string"}}],"inLanguage":"dk-DK"}]}},"_links":{"self":[{"href":"https:\/\/aidon.com\/dk\/wp-json\/wp\/v2\/pages\/9104","targetHints":{"allow":["GET"]}}],"collection":[{"href":"https:\/\/aidon.com\/dk\/wp-json\/wp\/v2\/pages"}],"about":[{"href":"https:\/\/aidon.com\/dk\/wp-json\/wp\/v2\/types\/page"}],"author":[{"embeddable":true,"href":"https:\/\/aidon.com\/dk\/wp-json\/wp\/v2\/users\/2"}],"replies":[{"embeddable":true,"href":"https:\/\/aidon.com\/dk\/wp-json\/wp\/v2\/comments?post=9104"}],"version-history":[{"count":6,"href":"https:\/\/aidon.com\/dk\/wp-json\/wp\/v2\/pages\/9104\/revisions"}],"predecessor-version":[{"id":9184,"href":"https:\/\/aidon.com\/dk\/wp-json\/wp\/v2\/pages\/9104\/revisions\/9184"}],"up":[{"embeddable":true,"href":"https:\/\/aidon.com\/dk\/wp-json\/wp\/v2\/pages\/8996"}],"wp:featuredmedia":[{"embeddable":true,"href":"https:\/\/aidon.com\/dk\/wp-json\/wp\/v2\/media\/9105"}],"wp:attachment":[{"href":"https:\/\/aidon.com\/dk\/wp-json\/wp\/v2\/media?parent=9104"}],"curies":[{"name":"wp","href":"https:\/\/api.w.org\/{rel}","templated":true}]}}