{"id":9100,"date":"2022-08-10T12:52:49","date_gmt":"2022-08-10T09:52:49","guid":{"rendered":"https:\/\/aidon.com\/?page_id=9100"},"modified":"2026-01-22T16:13:33","modified_gmt":"2026-01-22T14:13:33","slug":"indsamling-af-malerdata-og-hjemtagningssystemer","status":"publish","type":"page","link":"https:\/\/aidon.com\/dk\/losninger\/indsamling-af-malerdata-og-hjemtagningssystemer\/","title":{"rendered":"Indsamling af m\u00e5lerdata og hjemtagnings&shy;systemer"},"content":{"rendered":"<p><img loading=\"lazy\" decoding=\"async\" class=\"alignnone wp-image-6411 size-full\" src=\"https:\/\/aidon.com\/wp-content\/uploads\/2023\/02\/Aidon_Metering_Services_and_Systems_web_900.png\" alt=\"\" width=\"900\" height=\"369\" srcset=\"https:\/\/aidon.com\/wp-content\/uploads\/2023\/02\/Aidon_Metering_Services_and_Systems_web_900.png 900w, https:\/\/aidon.com\/wp-content\/uploads\/2023\/02\/Aidon_Metering_Services_and_Systems_web_900-300x123.png 300w, https:\/\/aidon.com\/wp-content\/uploads\/2023\/02\/Aidon_Metering_Services_and_Systems_web_900-768x315.png 768w\" sizes=\"auto, (max-width: 900px) 100vw, 900px\" \/><\/p>\n<p><strong>AMI (Advanced Metering Infrastructure) er en afg\u00f8rende del af infrastrukturen hos danske netselskaber i dag: Det leverer det n\u00f8dvendige datagrundlag til korrekt fakturering og sikrer samtidig processer til eldistribution og vedligeholdelse af elnettet.<\/strong><\/p>\n<p>Aidon tilbyder m\u00e5lefunktionalitet i tre alternative l\u00f8sningsmodeller, hvor driftsoperat\u00f8ren af l\u00f8sningen kan v\u00e6lge lige den mulighed, der er bedst egnet til den p\u00e5g\u00e6ldende driftsmodel.<\/p>\n<h4>Metering as a Service (MaaS)<\/h4>\n<p>En omfattende l\u00f8sning, hvor Aidon er ansvarlig for netselskabets m\u00e5leroperat\u00f8r rolle fra ende til ende, fra m\u00e5lerne i marken, til hjemtagning af data og eksport til diverse forretningssystemer, samt driften i marken , med andre ord en fuld outsourcing.. Denne l\u00f8sningsmodel er baseret p\u00e5 den seneste teknologiske IT-platform, som er udviklet af Aidon, hvor styrkerne er en h\u00f8j grad af automatisering og nem integration med kundens backoffice systemer.<\/p>\n<h4>Aidon ACloud, Software as a Service (SaaS)<\/h4>\n<p>Aidon s\u00f8rger for ops\u00e6tning af hjemtagningssystemet (HES) samt hosting af l\u00f8sningen, l\u00f8bende vedligeholdelse i hele levetiden samt sikkerhedsopdateringer. Kunderne har adgang til den cloudbaseret l\u00f8sning via en brugervenlig webbaseret brugergr\u00e6nseflade og\/eller integrationsgr\u00e6nseflader.<\/p>\n<h4>Aidon Gateware, administreret af kunden<\/h4>\n<p>Et hjemtagningssystem (HES) som installeres p\u00e5 kundens lokation, som driftes, administreres og vedligeholdes af kunden, i kundens eget it-milj\u00f8. Kunden har ansvaret for den daglige- brug og drift af systemet. Gatewaren (HES) har en brugerorienteret, webbaseret brugergr\u00e6nseflade, som er designet til gnidningsl\u00f8s kontrol af driften. Systemet indeholder moderne og alsidige integrationsgr\u00e6nseflader i forhold til kundens andre systemer.<\/p>\n<h4>L\u00e6s mere om Aidon MaaS:<\/h4>\n<p>Aidon runder 1 million elm\u00e5lere i Aidons Metering As A Service (MaaS)<br \/>\n<a href=\"https:\/\/aidon.com\/dk\/aidon-runder-1-million-elmalere-i-aidons-metering-as-a-service-maas\/\" target=\"_blank\" rel=\"noopener\">L\u00e6s nyhedsartiklen<\/a><\/p>\n<p>Aidon leverer fjernafl\u00e6sningstjeneste til 170.000 af Helen Electricity Network\u2019s m\u00e5lepunkter<br \/>\n<a href=\"https:\/\/aidon.com\/dk\/aidon-leverer-fjernaflaesningstjeneste-til-170-000-af-helen-electricity-networks-malepunkter\/\" target=\"_blank\" rel=\"noopener\">L\u00e6s nyhedsartiklen<\/a><\/p>\n<p>Two hot topics: chili growing and metering as a service<br \/>\n<a href=\"https:\/\/aidon.com\/dk\/two-hot-topics-chili-growing-and-metering-as-a-service\/\" target=\"_blank\" rel=\"noopener\">L\u00e6s Juha J\u00e4rvenp\u00e4\u00e4s overvejelserne<\/a><\/p>\n","protected":false},"excerpt":{"rendered":"<p>AMI (Advanced Metering Infrastructure) er en afg\u00f8rende del af infrastrukturen hos danske netselskaber i dag: Det leverer det n\u00f8dvendige datagrundlag til korrekt fakturering og sikrer samtidig processer til eldistribution og vedligeholdelse af elnettet. Aidon tilbyder m\u00e5lefunktionalitet i tre alternative l\u00f8sningsmodeller, hvor driftsoperat\u00f8ren af l\u00f8sningen kan v\u00e6lge lige den mulighed, der&hellip;<\/p>\n","protected":false},"author":2,"featured_media":9101,"parent":8996,"menu_order":1,"comment_status":"closed","ping_status":"closed","template":"page-single-solutions.php","meta":{"_acf_changed":false,"footnotes":""},"class_list":["post-9100","page","type-page","status-publish","has-post-thumbnail","hentry"],"acf":[],"yoast_head":"<!-- This site is optimized with the Yoast SEO plugin v27.0 - https:\/\/yoast.com\/product\/yoast-seo-wordpress\/ -->\n<title>Indsamling af m\u00e5lerdata og hjemtagnings&shy;systemer - Aidon<\/title>\n<meta name=\"robots\" content=\"index, follow, max-snippet:-1, max-image-preview:large, max-video-preview:-1\" \/>\n<link rel=\"canonical\" href=\"https:\/\/aidon.com\/dk\/losninger\/indsamling-af-malerdata-og-hjemtagningssystemer\/\" \/>\n<meta property=\"og:locale\" content=\"en_US\" \/>\n<meta property=\"og:type\" content=\"article\" \/>\n<meta property=\"og:title\" content=\"Indsamling af m\u00e5lerdata og hjemtagnings&shy;systemer - Aidon\" \/>\n<meta property=\"og:description\" content=\"AMI (Advanced Metering Infrastructure) er en afg\u00f8rende del af infrastrukturen hos danske netselskaber i dag: Det leverer det n\u00f8dvendige datagrundlag til korrekt fakturering og sikrer samtidig processer til eldistribution og vedligeholdelse af elnettet. Aidon tilbyder m\u00e5lefunktionalitet i tre alternative l\u00f8sningsmodeller, hvor driftsoperat\u00f8ren af l\u00f8sningen kan v\u00e6lge lige den mulighed, der&hellip;\" \/>\n<meta property=\"og:url\" content=\"https:\/\/aidon.com\/dk\/losninger\/indsamling-af-malerdata-og-hjemtagningssystemer\/\" \/>\n<meta property=\"og:site_name\" content=\"Aidon\" \/>\n<meta property=\"article:modified_time\" content=\"2026-01-22T14:13:33+00:00\" \/>\n<meta property=\"og:image\" content=\"https:\/\/aidon.com\/wp-content\/uploads\/2022\/08\/metering-2.png\" \/>\n\t<meta property=\"og:image:width\" content=\"397\" \/>\n\t<meta property=\"og:image:height\" content=\"397\" \/>\n\t<meta property=\"og:image:type\" content=\"image\/png\" \/>\n<meta name=\"twitter:card\" content=\"summary_large_image\" \/>\n<meta name=\"twitter:label1\" content=\"Est. reading time\" \/>\n\t<meta name=\"twitter:data1\" content=\"2 minutes\" \/>\n<script type=\"application\/ld+json\" class=\"yoast-schema-graph\">{\"@context\":\"https:\/\/schema.org\",\"@graph\":[{\"@type\":\"WebPage\",\"@id\":\"https:\/\/aidon.com\/dk\/losninger\/indsamling-af-malerdata-og-hjemtagningssystemer\/\",\"url\":\"https:\/\/aidon.com\/dk\/losninger\/indsamling-af-malerdata-og-hjemtagningssystemer\/\",\"name\":\"Indsamling af m\u00e5lerdata og hjemtagnings&shy;systemer - Aidon\",\"isPartOf\":{\"@id\":\"https:\/\/aidon.com\/dk\/#website\"},\"primaryImageOfPage\":{\"@id\":\"https:\/\/aidon.com\/dk\/losninger\/indsamling-af-malerdata-og-hjemtagningssystemer\/#primaryimage\"},\"image\":{\"@id\":\"https:\/\/aidon.com\/dk\/losninger\/indsamling-af-malerdata-og-hjemtagningssystemer\/#primaryimage\"},\"thumbnailUrl\":\"https:\/\/aidon.com\/wp-content\/uploads\/2022\/08\/metering-2.png\",\"datePublished\":\"2022-08-10T09:52:49+00:00\",\"dateModified\":\"2026-01-22T14:13:33+00:00\",\"breadcrumb\":{\"@id\":\"https:\/\/aidon.com\/dk\/losninger\/indsamling-af-malerdata-og-hjemtagningssystemer\/#breadcrumb\"},\"inLanguage\":\"dk-DK\",\"potentialAction\":[{\"@type\":\"ReadAction\",\"target\":[\"https:\/\/aidon.com\/dk\/losninger\/indsamling-af-malerdata-og-hjemtagningssystemer\/\"]}]},{\"@type\":\"ImageObject\",\"inLanguage\":\"dk-DK\",\"@id\":\"https:\/\/aidon.com\/dk\/losninger\/indsamling-af-malerdata-og-hjemtagningssystemer\/#primaryimage\",\"url\":\"https:\/\/aidon.com\/wp-content\/uploads\/2022\/08\/metering-2.png\",\"contentUrl\":\"https:\/\/aidon.com\/wp-content\/uploads\/2022\/08\/metering-2.png\",\"width\":397,\"height\":397},{\"@type\":\"BreadcrumbList\",\"@id\":\"https:\/\/aidon.com\/dk\/losninger\/indsamling-af-malerdata-og-hjemtagningssystemer\/#breadcrumb\",\"itemListElement\":[{\"@type\":\"ListItem\",\"position\":1,\"name\":\"L\u00f8sninger\",\"item\":\"https:\/\/aidon.com\/dk\/losninger\/\"},{\"@type\":\"ListItem\",\"position\":2,\"name\":\"Indsamling af m\u00e5lerdata og hjemtagnings&shy;systemer\"}]},{\"@type\":\"WebSite\",\"@id\":\"https:\/\/aidon.com\/dk\/#website\",\"url\":\"https:\/\/aidon.com\/dk\/\",\"name\":\"Aidon\",\"description\":\"\",\"potentialAction\":[{\"@type\":\"SearchAction\",\"target\":{\"@type\":\"EntryPoint\",\"urlTemplate\":\"https:\/\/aidon.com\/dk\/?s={search_term_string}\"},\"query-input\":{\"@type\":\"PropertyValueSpecification\",\"valueRequired\":true,\"valueName\":\"search_term_string\"}}],\"inLanguage\":\"dk-DK\"}]}<\/script>\n<!-- \/ Yoast SEO plugin. -->","yoast_head_json":{"title":"Indsamling af m\u00e5lerdata og hjemtagnings&shy;systemer - Aidon","robots":{"index":"index","follow":"follow","max-snippet":"max-snippet:-1","max-image-preview":"max-image-preview:large","max-video-preview":"max-video-preview:-1"},"canonical":"https:\/\/aidon.com\/dk\/losninger\/indsamling-af-malerdata-og-hjemtagningssystemer\/","og_locale":"en_US","og_type":"article","og_title":"Indsamling af m\u00e5lerdata og hjemtagnings&shy;systemer - Aidon","og_description":"AMI (Advanced Metering Infrastructure) er en afg\u00f8rende del af infrastrukturen hos danske netselskaber i dag: Det leverer det n\u00f8dvendige datagrundlag til korrekt fakturering og sikrer samtidig processer til eldistribution og vedligeholdelse af elnettet. Aidon tilbyder m\u00e5lefunktionalitet i tre alternative l\u00f8sningsmodeller, hvor driftsoperat\u00f8ren af l\u00f8sningen kan v\u00e6lge lige den mulighed, der&hellip;","og_url":"https:\/\/aidon.com\/dk\/losninger\/indsamling-af-malerdata-og-hjemtagningssystemer\/","og_site_name":"Aidon","article_modified_time":"2026-01-22T14:13:33+00:00","og_image":[{"width":397,"height":397,"url":"https:\/\/aidon.com\/wp-content\/uploads\/2022\/08\/metering-2.png","type":"image\/png"}],"twitter_card":"summary_large_image","twitter_misc":{"Est. reading time":"2 minutes"},"schema":{"@context":"https:\/\/schema.org","@graph":[{"@type":"WebPage","@id":"https:\/\/aidon.com\/dk\/losninger\/indsamling-af-malerdata-og-hjemtagningssystemer\/","url":"https:\/\/aidon.com\/dk\/losninger\/indsamling-af-malerdata-og-hjemtagningssystemer\/","name":"Indsamling af m\u00e5lerdata og hjemtagnings&shy;systemer - Aidon","isPartOf":{"@id":"https:\/\/aidon.com\/dk\/#website"},"primaryImageOfPage":{"@id":"https:\/\/aidon.com\/dk\/losninger\/indsamling-af-malerdata-og-hjemtagningssystemer\/#primaryimage"},"image":{"@id":"https:\/\/aidon.com\/dk\/losninger\/indsamling-af-malerdata-og-hjemtagningssystemer\/#primaryimage"},"thumbnailUrl":"https:\/\/aidon.com\/wp-content\/uploads\/2022\/08\/metering-2.png","datePublished":"2022-08-10T09:52:49+00:00","dateModified":"2026-01-22T14:13:33+00:00","breadcrumb":{"@id":"https:\/\/aidon.com\/dk\/losninger\/indsamling-af-malerdata-og-hjemtagningssystemer\/#breadcrumb"},"inLanguage":"dk-DK","potentialAction":[{"@type":"ReadAction","target":["https:\/\/aidon.com\/dk\/losninger\/indsamling-af-malerdata-og-hjemtagningssystemer\/"]}]},{"@type":"ImageObject","inLanguage":"dk-DK","@id":"https:\/\/aidon.com\/dk\/losninger\/indsamling-af-malerdata-og-hjemtagningssystemer\/#primaryimage","url":"https:\/\/aidon.com\/wp-content\/uploads\/2022\/08\/metering-2.png","contentUrl":"https:\/\/aidon.com\/wp-content\/uploads\/2022\/08\/metering-2.png","width":397,"height":397},{"@type":"BreadcrumbList","@id":"https:\/\/aidon.com\/dk\/losninger\/indsamling-af-malerdata-og-hjemtagningssystemer\/#breadcrumb","itemListElement":[{"@type":"ListItem","position":1,"name":"L\u00f8sninger","item":"https:\/\/aidon.com\/dk\/losninger\/"},{"@type":"ListItem","position":2,"name":"Indsamling af m\u00e5lerdata og hjemtagnings&shy;systemer"}]},{"@type":"WebSite","@id":"https:\/\/aidon.com\/dk\/#website","url":"https:\/\/aidon.com\/dk\/","name":"Aidon","description":"","potentialAction":[{"@type":"SearchAction","target":{"@type":"EntryPoint","urlTemplate":"https:\/\/aidon.com\/dk\/?s={search_term_string}"},"query-input":{"@type":"PropertyValueSpecification","valueRequired":true,"valueName":"search_term_string"}}],"inLanguage":"dk-DK"}]}},"_links":{"self":[{"href":"https:\/\/aidon.com\/dk\/wp-json\/wp\/v2\/pages\/9100","targetHints":{"allow":["GET"]}}],"collection":[{"href":"https:\/\/aidon.com\/dk\/wp-json\/wp\/v2\/pages"}],"about":[{"href":"https:\/\/aidon.com\/dk\/wp-json\/wp\/v2\/types\/page"}],"author":[{"embeddable":true,"href":"https:\/\/aidon.com\/dk\/wp-json\/wp\/v2\/users\/2"}],"replies":[{"embeddable":true,"href":"https:\/\/aidon.com\/dk\/wp-json\/wp\/v2\/comments?post=9100"}],"version-history":[{"count":9,"href":"https:\/\/aidon.com\/dk\/wp-json\/wp\/v2\/pages\/9100\/revisions"}],"predecessor-version":[{"id":18441,"href":"https:\/\/aidon.com\/dk\/wp-json\/wp\/v2\/pages\/9100\/revisions\/18441"}],"up":[{"embeddable":true,"href":"https:\/\/aidon.com\/dk\/wp-json\/wp\/v2\/pages\/8996"}],"wp:featuredmedia":[{"embeddable":true,"href":"https:\/\/aidon.com\/dk\/wp-json\/wp\/v2\/media\/9101"}],"wp:attachment":[{"href":"https:\/\/aidon.com\/dk\/wp-json\/wp\/v2\/media?parent=9100"}],"curies":[{"name":"wp","href":"https:\/\/api.w.org\/{rel}","templated":true}]}}