{"id":9068,"date":"2022-08-26T12:40:40","date_gmt":"2022-08-26T09:40:40","guid":{"rendered":"https:\/\/aidon.com\/?page_id=9068"},"modified":"2024-10-24T13:16:08","modified_gmt":"2024-10-24T10:16:08","slug":"baeredygtighed","status":"publish","type":"page","link":"https:\/\/aidon.com\/dk\/baeredygtighed\/","title":{"rendered":"B\u00e6redygtighed"},"content":{"rendered":"<h2>B\u00e6redygtighed er en central del af Aidons virksomhed<\/h2>\n<p><strong>Aidon har en st\u00e6rk forpligtelse til at bidrage til en b\u00e6redygtig udvikling blandt vores kunder og i samfundet som helhed. <\/strong><\/p>\n<p>Vores l\u00f8sninger er udviklet med henblik p\u00e5 at underst\u00f8tte omstillingen af energisystemet samt skabe v\u00e6rdi for vores kunder og forbrugere. Derfor udg\u00f8r b\u00e6redygtighed en central del i hele vores forretning.<\/p>\n<p>For os omfatter virksomhedens b\u00e6redygtighed milj\u00f8m\u00e6ssige, sociale og ledelsesm\u00e6ssige forhold. Dette er indfanget i sloganet: \u201cEnabling Smart Energy Lifestyles\u201d.<\/p>\n<p>&nbsp;<\/p>\n<h4>Certifikater<\/h4>\n<p>Aidon har fire ISO-certifikater. Vi fokuserer p\u00e5 l\u00f8bende forbedringer af vores driftssystem.<\/p>\n<p><strong>Kvalitetsstyringssystemet<\/strong>, ISO 9001:2015-standarden (<a href=\"https:\/\/aidon.com\/wp-content\/uploads\/2024\/05\/ISO-9001-263178-2018-AQ-FIN-FINAS-6-da-DK-20240510.pdf\" target=\"_blank\" rel=\"noopener\">se certifikat<\/a>)<\/p>\n<p><strong>Styringssystemet for sundhed og sikkerhed<\/strong> <strong>p\u00e5 arbejdspladsen<\/strong> <strong>(OH&amp;S),<\/strong>\u00a0ISO 45001:2018-standarden (<a href=\"https:\/\/aidon.com\/wp-content\/uploads\/2024\/05\/ISO-45001-263176-2018-AHSO-FIN-FINAS-4-da-DK-20240510.pdf\" target=\"_blank\" rel=\"noopener\">se certifikat<\/a>)<\/p>\n<p><strong>Milj\u00f8styringssystemet,<\/strong>\u00a0ISO 14001:2015-standarden (<a href=\"https:\/\/aidon.com\/wp-content\/uploads\/2024\/05\/ISO-14001-263177-2018-AE-FIN-FINAS-5-da-DK-20240510.pdf\" target=\"_blank\" rel=\"noopener\">se certifikat<\/a>)<\/p>\n<p><strong>Informationssikkerhedssystemet og den tilh\u00f8rende praksis,<\/strong> ISO\/IEC 27001:2022-standarden (<a href=\"https:\/\/aidon.com\/wp-content\/uploads\/2024\/10\/ISO-IEC_27001-DAN-10000324664-MSC-UKAS-FIN-4-20241017.pdf\" target=\"_blank\" rel=\"noopener\">se certifikat<\/a>)<\/p>\n<p>&nbsp;<\/p>\n","protected":false},"excerpt":{"rendered":"<p>Vi udvikler b\u00e6redygtige l\u00f8sninger til en smartere livsstil med fokus p\u00e5 lavere energiforbrug.<\/p>\n","protected":false},"author":2,"featured_media":9079,"parent":0,"menu_order":0,"comment_status":"closed","ping_status":"closed","template":"","meta":{"_acf_changed":false,"footnotes":""},"class_list":["post-9068","page","type-page","status-publish","has-post-thumbnail","hentry"],"acf":[],"yoast_head":"<!-- This site is optimized with the Yoast SEO plugin v27.5 - https:\/\/yoast.com\/product\/yoast-seo-wordpress\/ -->\n<title>B\u00e6redygtighed - Aidon<\/title>\n<meta name=\"robots\" content=\"index, follow, max-snippet:-1, max-image-preview:large, max-video-preview:-1\" \/>\n<link rel=\"canonical\" href=\"https:\/\/aidon.com\/dk\/baeredygtighed\/\" \/>\n<meta property=\"og:locale\" content=\"en_US\" \/>\n<meta property=\"og:type\" content=\"article\" \/>\n<meta property=\"og:title\" content=\"B\u00e6redygtighed - Aidon\" \/>\n<meta property=\"og:description\" content=\"Vi udvikler b\u00e6redygtige l\u00f8sninger til en smartere livsstil med fokus p\u00e5 lavere energiforbrug.\" \/>\n<meta property=\"og:url\" content=\"https:\/\/aidon.com\/dk\/baeredygtighed\/\" \/>\n<meta property=\"og:site_name\" content=\"Aidon\" \/>\n<meta property=\"article:modified_time\" content=\"2024-10-24T10:16:08+00:00\" \/>\n<meta property=\"og:image\" content=\"https:\/\/aidon.com\/wp-content\/uploads\/2022\/10\/Aidon_Sundsvall_24X_RGB_1920x1080_2.jpg\" \/>\n\t<meta property=\"og:image:width\" content=\"1920\" \/>\n\t<meta property=\"og:image:height\" content=\"1080\" \/>\n\t<meta property=\"og:image:type\" content=\"image\/jpeg\" \/>\n<meta name=\"twitter:card\" content=\"summary_large_image\" \/>\n<meta name=\"twitter:label1\" content=\"Est. reading time\" \/>\n\t<meta name=\"twitter:data1\" content=\"1 minute\" \/>\n<script type=\"application\/ld+json\" class=\"yoast-schema-graph\">{\"@context\":\"https:\\\/\\\/schema.org\",\"@graph\":[{\"@type\":\"WebPage\",\"@id\":\"https:\\\/\\\/aidon.com\\\/dk\\\/baeredygtighed\\\/\",\"url\":\"https:\\\/\\\/aidon.com\\\/dk\\\/baeredygtighed\\\/\",\"name\":\"B\u00e6redygtighed - Aidon\",\"isPartOf\":{\"@id\":\"https:\\\/\\\/aidon.com\\\/dk\\\/#website\"},\"primaryImageOfPage\":{\"@id\":\"https:\\\/\\\/aidon.com\\\/dk\\\/baeredygtighed\\\/#primaryimage\"},\"image\":{\"@id\":\"https:\\\/\\\/aidon.com\\\/dk\\\/baeredygtighed\\\/#primaryimage\"},\"thumbnailUrl\":\"https:\\\/\\\/aidon.com\\\/wp-content\\\/uploads\\\/2022\\\/10\\\/Aidon_Sundsvall_24X_RGB_1920x1080_2.jpg\",\"datePublished\":\"2022-08-26T09:40:40+00:00\",\"dateModified\":\"2024-10-24T10:16:08+00:00\",\"inLanguage\":\"dk-DK\",\"potentialAction\":[{\"@type\":\"ReadAction\",\"target\":[\"https:\\\/\\\/aidon.com\\\/dk\\\/baeredygtighed\\\/\"]}]},{\"@type\":\"ImageObject\",\"inLanguage\":\"dk-DK\",\"@id\":\"https:\\\/\\\/aidon.com\\\/dk\\\/baeredygtighed\\\/#primaryimage\",\"url\":\"https:\\\/\\\/aidon.com\\\/wp-content\\\/uploads\\\/2022\\\/10\\\/Aidon_Sundsvall_24X_RGB_1920x1080_2.jpg\",\"contentUrl\":\"https:\\\/\\\/aidon.com\\\/wp-content\\\/uploads\\\/2022\\\/10\\\/Aidon_Sundsvall_24X_RGB_1920x1080_2.jpg\",\"width\":1920,\"height\":1080},{\"@type\":\"WebSite\",\"@id\":\"https:\\\/\\\/aidon.com\\\/dk\\\/#website\",\"url\":\"https:\\\/\\\/aidon.com\\\/dk\\\/\",\"name\":\"Aidon\",\"description\":\"\",\"potentialAction\":[{\"@type\":\"SearchAction\",\"target\":{\"@type\":\"EntryPoint\",\"urlTemplate\":\"https:\\\/\\\/aidon.com\\\/dk\\\/?s={search_term_string}\"},\"query-input\":{\"@type\":\"PropertyValueSpecification\",\"valueRequired\":true,\"valueName\":\"search_term_string\"}}],\"inLanguage\":\"dk-DK\"}]}<\/script>\n<!-- \/ Yoast SEO plugin. -->","yoast_head_json":{"title":"B\u00e6redygtighed - Aidon","robots":{"index":"index","follow":"follow","max-snippet":"max-snippet:-1","max-image-preview":"max-image-preview:large","max-video-preview":"max-video-preview:-1"},"canonical":"https:\/\/aidon.com\/dk\/baeredygtighed\/","og_locale":"en_US","og_type":"article","og_title":"B\u00e6redygtighed - Aidon","og_description":"Vi udvikler b\u00e6redygtige l\u00f8sninger til en smartere livsstil med fokus p\u00e5 lavere energiforbrug.","og_url":"https:\/\/aidon.com\/dk\/baeredygtighed\/","og_site_name":"Aidon","article_modified_time":"2024-10-24T10:16:08+00:00","og_image":[{"width":1920,"height":1080,"url":"https:\/\/aidon.com\/wp-content\/uploads\/2022\/10\/Aidon_Sundsvall_24X_RGB_1920x1080_2.jpg","type":"image\/jpeg"}],"twitter_card":"summary_large_image","twitter_misc":{"Est. reading time":"1 minute"},"schema":{"@context":"https:\/\/schema.org","@graph":[{"@type":"WebPage","@id":"https:\/\/aidon.com\/dk\/baeredygtighed\/","url":"https:\/\/aidon.com\/dk\/baeredygtighed\/","name":"B\u00e6redygtighed - Aidon","isPartOf":{"@id":"https:\/\/aidon.com\/dk\/#website"},"primaryImageOfPage":{"@id":"https:\/\/aidon.com\/dk\/baeredygtighed\/#primaryimage"},"image":{"@id":"https:\/\/aidon.com\/dk\/baeredygtighed\/#primaryimage"},"thumbnailUrl":"https:\/\/aidon.com\/wp-content\/uploads\/2022\/10\/Aidon_Sundsvall_24X_RGB_1920x1080_2.jpg","datePublished":"2022-08-26T09:40:40+00:00","dateModified":"2024-10-24T10:16:08+00:00","inLanguage":"dk-DK","potentialAction":[{"@type":"ReadAction","target":["https:\/\/aidon.com\/dk\/baeredygtighed\/"]}]},{"@type":"ImageObject","inLanguage":"dk-DK","@id":"https:\/\/aidon.com\/dk\/baeredygtighed\/#primaryimage","url":"https:\/\/aidon.com\/wp-content\/uploads\/2022\/10\/Aidon_Sundsvall_24X_RGB_1920x1080_2.jpg","contentUrl":"https:\/\/aidon.com\/wp-content\/uploads\/2022\/10\/Aidon_Sundsvall_24X_RGB_1920x1080_2.jpg","width":1920,"height":1080},{"@type":"WebSite","@id":"https:\/\/aidon.com\/dk\/#website","url":"https:\/\/aidon.com\/dk\/","name":"Aidon","description":"","potentialAction":[{"@type":"SearchAction","target":{"@type":"EntryPoint","urlTemplate":"https:\/\/aidon.com\/dk\/?s={search_term_string}"},"query-input":{"@type":"PropertyValueSpecification","valueRequired":true,"valueName":"search_term_string"}}],"inLanguage":"dk-DK"}]}},"_links":{"self":[{"href":"https:\/\/aidon.com\/dk\/wp-json\/wp\/v2\/pages\/9068","targetHints":{"allow":["GET"]}}],"collection":[{"href":"https:\/\/aidon.com\/dk\/wp-json\/wp\/v2\/pages"}],"about":[{"href":"https:\/\/aidon.com\/dk\/wp-json\/wp\/v2\/types\/page"}],"author":[{"embeddable":true,"href":"https:\/\/aidon.com\/dk\/wp-json\/wp\/v2\/users\/2"}],"replies":[{"embeddable":true,"href":"https:\/\/aidon.com\/dk\/wp-json\/wp\/v2\/comments?post=9068"}],"version-history":[{"count":19,"href":"https:\/\/aidon.com\/dk\/wp-json\/wp\/v2\/pages\/9068\/revisions"}],"predecessor-version":[{"id":15599,"href":"https:\/\/aidon.com\/dk\/wp-json\/wp\/v2\/pages\/9068\/revisions\/15599"}],"wp:featuredmedia":[{"embeddable":true,"href":"https:\/\/aidon.com\/dk\/wp-json\/wp\/v2\/media\/9079"}],"wp:attachment":[{"href":"https:\/\/aidon.com\/dk\/wp-json\/wp\/v2\/media?parent=9068"}],"curies":[{"name":"wp","href":"https:\/\/api.w.org\/{rel}","templated":true}]}}