{"id":9043,"date":"2022-08-24T09:45:26","date_gmt":"2022-08-24T09:45:26","guid":{"rendered":"https:\/\/aidon.com\/?page_id=9043"},"modified":"2023-04-11T14:32:08","modified_gmt":"2023-04-11T14:32:08","slug":"kunder","status":"publish","type":"page","link":"https:\/\/aidon.com\/dk\/kunder\/","title":{"rendered":"Kunder"},"content":{"rendered":"<h2>Vi arbejder m\u00e5lrettet p\u00e5 at skabe merv\u00e6rdi p\u00e5 den lange bane for vores kunder<\/h2>\n<p>Helt tilbage fra 2004 og frem til nu har vi hjulpet vores kunder, nordiske netselskaber(DSO&#8217;er), med at styrke p\u00e5lideligheden i el-distribution og tackle de store forandringer, der er p\u00e5 vej i energisektoren. Aidons kunder er store nationale netselskaber s\u00e5vel som mindre lokale netselskaber.<\/p>\n<p>Med udgangspunkt i brugen af den nyeste teknologi og kombineret med l\u00f8bende dialog med vores kunder hj\u00e6lper vi dem med at opfylde deres prim\u00e6re ansvar: sikre en h\u00f8j tilg\u00e6ngelighed og kvalitet p\u00e5 levering af elektricitet til slutbrugere. Samtidig bidrager vi med vores l\u00f8sninger til \u00f8get ressourceeffektivitet, h\u00e5ndtering af vedvarende energi og b\u00e6redygtige investeringer p\u00e5 langt sigt.<\/p>\n<p>L\u00e6s mere i kundernes case-stories og nyhederne herunder.<\/p>\n<p>&nbsp;<\/p>\n","protected":false},"excerpt":{"rendered":"<p>Vi arbejder m\u00e5lrettet p\u00e5 at skabe merv\u00e6rdi p\u00e5 den lange bane for vores kunder Helt tilbage fra 2004 og frem til nu har vi hjulpet vores kunder, nordiske netselskaber(DSO&#8217;er), med at styrke p\u00e5lideligheden i el-distribution og tackle de store forandringer, der er p\u00e5 vej i energisektoren. Aidons kunder er store&hellip;<\/p>\n","protected":false},"author":2,"featured_media":9044,"parent":0,"menu_order":0,"comment_status":"closed","ping_status":"closed","template":"page-customers.php","meta":{"_acf_changed":false,"footnotes":""},"class_list":["post-9043","page","type-page","status-publish","has-post-thumbnail","hentry"],"acf":[],"yoast_head":"<!-- This site is optimized with the Yoast SEO plugin v27.0 - https:\/\/yoast.com\/product\/yoast-seo-wordpress\/ -->\n<title>Kunder - Aidon<\/title>\n<meta name=\"robots\" content=\"index, follow, max-snippet:-1, max-image-preview:large, max-video-preview:-1\" \/>\n<link rel=\"canonical\" href=\"https:\/\/aidon.com\/dk\/kunder\/\" \/>\n<meta property=\"og:locale\" content=\"en_US\" \/>\n<meta property=\"og:type\" content=\"article\" \/>\n<meta property=\"og:title\" content=\"Kunder - Aidon\" \/>\n<meta property=\"og:description\" content=\"Vi arbejder m\u00e5lrettet p\u00e5 at skabe merv\u00e6rdi p\u00e5 den lange bane for vores kunder Helt tilbage fra 2004 og frem til nu har vi hjulpet vores kunder, nordiske netselskaber(DSO&#8217;er), med at styrke p\u00e5lideligheden i el-distribution og tackle de store forandringer, der er p\u00e5 vej i energisektoren. Aidons kunder er store&hellip;\" \/>\n<meta property=\"og:url\" content=\"https:\/\/aidon.com\/dk\/kunder\/\" \/>\n<meta property=\"og:site_name\" content=\"Aidon\" \/>\n<meta property=\"article:modified_time\" content=\"2023-04-11T14:32:08+00:00\" \/>\n<meta property=\"og:image\" content=\"https:\/\/aidon.com\/wp-content\/uploads\/2022\/09\/Aidon_Helsinki_Toolo_24x_small_RGB2.jpg\" \/>\n\t<meta property=\"og:image:width\" content=\"2000\" \/>\n\t<meta property=\"og:image:height\" content=\"1300\" \/>\n\t<meta property=\"og:image:type\" content=\"image\/jpeg\" \/>\n<meta name=\"twitter:card\" content=\"summary_large_image\" \/>\n<meta name=\"twitter:label1\" content=\"Est. reading time\" \/>\n\t<meta name=\"twitter:data1\" content=\"1 minute\" \/>\n<script type=\"application\/ld+json\" class=\"yoast-schema-graph\">{\"@context\":\"https:\/\/schema.org\",\"@graph\":[{\"@type\":\"WebPage\",\"@id\":\"https:\/\/aidon.com\/dk\/kunder\/\",\"url\":\"https:\/\/aidon.com\/dk\/kunder\/\",\"name\":\"Kunder - Aidon\",\"isPartOf\":{\"@id\":\"https:\/\/aidon.com\/dk\/#website\"},\"primaryImageOfPage\":{\"@id\":\"https:\/\/aidon.com\/dk\/kunder\/#primaryimage\"},\"image\":{\"@id\":\"https:\/\/aidon.com\/dk\/kunder\/#primaryimage\"},\"thumbnailUrl\":\"https:\/\/aidon.com\/wp-content\/uploads\/2022\/09\/Aidon_Helsinki_Toolo_24x_small_RGB2.jpg\",\"datePublished\":\"2022-08-24T09:45:26+00:00\",\"dateModified\":\"2023-04-11T14:32:08+00:00\",\"inLanguage\":\"dk-DK\",\"potentialAction\":[{\"@type\":\"ReadAction\",\"target\":[\"https:\/\/aidon.com\/dk\/kunder\/\"]}]},{\"@type\":\"ImageObject\",\"inLanguage\":\"dk-DK\",\"@id\":\"https:\/\/aidon.com\/dk\/kunder\/#primaryimage\",\"url\":\"https:\/\/aidon.com\/wp-content\/uploads\/2022\/09\/Aidon_Helsinki_Toolo_24x_small_RGB2.jpg\",\"contentUrl\":\"https:\/\/aidon.com\/wp-content\/uploads\/2022\/09\/Aidon_Helsinki_Toolo_24x_small_RGB2.jpg\",\"width\":2000,\"height\":1300},{\"@type\":\"WebSite\",\"@id\":\"https:\/\/aidon.com\/dk\/#website\",\"url\":\"https:\/\/aidon.com\/dk\/\",\"name\":\"Aidon\",\"description\":\"\",\"potentialAction\":[{\"@type\":\"SearchAction\",\"target\":{\"@type\":\"EntryPoint\",\"urlTemplate\":\"https:\/\/aidon.com\/dk\/?s={search_term_string}\"},\"query-input\":{\"@type\":\"PropertyValueSpecification\",\"valueRequired\":true,\"valueName\":\"search_term_string\"}}],\"inLanguage\":\"dk-DK\"}]}<\/script>\n<!-- \/ Yoast SEO plugin. -->","yoast_head_json":{"title":"Kunder - Aidon","robots":{"index":"index","follow":"follow","max-snippet":"max-snippet:-1","max-image-preview":"max-image-preview:large","max-video-preview":"max-video-preview:-1"},"canonical":"https:\/\/aidon.com\/dk\/kunder\/","og_locale":"en_US","og_type":"article","og_title":"Kunder - Aidon","og_description":"Vi arbejder m\u00e5lrettet p\u00e5 at skabe merv\u00e6rdi p\u00e5 den lange bane for vores kunder Helt tilbage fra 2004 og frem til nu har vi hjulpet vores kunder, nordiske netselskaber(DSO&#8217;er), med at styrke p\u00e5lideligheden i el-distribution og tackle de store forandringer, der er p\u00e5 vej i energisektoren. Aidons kunder er store&hellip;","og_url":"https:\/\/aidon.com\/dk\/kunder\/","og_site_name":"Aidon","article_modified_time":"2023-04-11T14:32:08+00:00","og_image":[{"width":2000,"height":1300,"url":"https:\/\/aidon.com\/wp-content\/uploads\/2022\/09\/Aidon_Helsinki_Toolo_24x_small_RGB2.jpg","type":"image\/jpeg"}],"twitter_card":"summary_large_image","twitter_misc":{"Est. reading time":"1 minute"},"schema":{"@context":"https:\/\/schema.org","@graph":[{"@type":"WebPage","@id":"https:\/\/aidon.com\/dk\/kunder\/","url":"https:\/\/aidon.com\/dk\/kunder\/","name":"Kunder - Aidon","isPartOf":{"@id":"https:\/\/aidon.com\/dk\/#website"},"primaryImageOfPage":{"@id":"https:\/\/aidon.com\/dk\/kunder\/#primaryimage"},"image":{"@id":"https:\/\/aidon.com\/dk\/kunder\/#primaryimage"},"thumbnailUrl":"https:\/\/aidon.com\/wp-content\/uploads\/2022\/09\/Aidon_Helsinki_Toolo_24x_small_RGB2.jpg","datePublished":"2022-08-24T09:45:26+00:00","dateModified":"2023-04-11T14:32:08+00:00","inLanguage":"dk-DK","potentialAction":[{"@type":"ReadAction","target":["https:\/\/aidon.com\/dk\/kunder\/"]}]},{"@type":"ImageObject","inLanguage":"dk-DK","@id":"https:\/\/aidon.com\/dk\/kunder\/#primaryimage","url":"https:\/\/aidon.com\/wp-content\/uploads\/2022\/09\/Aidon_Helsinki_Toolo_24x_small_RGB2.jpg","contentUrl":"https:\/\/aidon.com\/wp-content\/uploads\/2022\/09\/Aidon_Helsinki_Toolo_24x_small_RGB2.jpg","width":2000,"height":1300},{"@type":"WebSite","@id":"https:\/\/aidon.com\/dk\/#website","url":"https:\/\/aidon.com\/dk\/","name":"Aidon","description":"","potentialAction":[{"@type":"SearchAction","target":{"@type":"EntryPoint","urlTemplate":"https:\/\/aidon.com\/dk\/?s={search_term_string}"},"query-input":{"@type":"PropertyValueSpecification","valueRequired":true,"valueName":"search_term_string"}}],"inLanguage":"dk-DK"}]}},"_links":{"self":[{"href":"https:\/\/aidon.com\/dk\/wp-json\/wp\/v2\/pages\/9043","targetHints":{"allow":["GET"]}}],"collection":[{"href":"https:\/\/aidon.com\/dk\/wp-json\/wp\/v2\/pages"}],"about":[{"href":"https:\/\/aidon.com\/dk\/wp-json\/wp\/v2\/types\/page"}],"author":[{"embeddable":true,"href":"https:\/\/aidon.com\/dk\/wp-json\/wp\/v2\/users\/2"}],"replies":[{"embeddable":true,"href":"https:\/\/aidon.com\/dk\/wp-json\/wp\/v2\/comments?post=9043"}],"version-history":[{"count":2,"href":"https:\/\/aidon.com\/dk\/wp-json\/wp\/v2\/pages\/9043\/revisions"}],"predecessor-version":[{"id":9670,"href":"https:\/\/aidon.com\/dk\/wp-json\/wp\/v2\/pages\/9043\/revisions\/9670"}],"wp:featuredmedia":[{"embeddable":true,"href":"https:\/\/aidon.com\/dk\/wp-json\/wp\/v2\/media\/9044"}],"wp:attachment":[{"href":"https:\/\/aidon.com\/dk\/wp-json\/wp\/v2\/media?parent=9043"}],"curies":[{"name":"wp","href":"https:\/\/api.w.org\/{rel}","templated":true}]}}