{"id":9024,"date":"2022-08-15T09:51:54","date_gmt":"2022-08-15T06:51:54","guid":{"rendered":"https:\/\/aidon.com\/?page_id=9024"},"modified":"2025-10-02T11:28:22","modified_gmt":"2025-10-02T08:28:22","slug":"om-os","status":"publish","type":"page","link":"https:\/\/aidon.com\/dk\/om-os\/","title":{"rendered":"Om os"},"content":{"rendered":"<h2>Aidon \u2013 smart energilivsstil<\/h2>\n<p><strong>Aidon er den f\u00f8rende leverand\u00f8r i Norden af innovative l\u00f8sninger til fjernafl\u00e6ste elm\u00e5lere, indsamling af m\u00e5lerdata og underst\u00f8ttelse af det intellingente elnet. Med vores innovationer st\u00f8tter vi vores kunder i deres energitransformation hen imod et CO2 neutralt energisystem.<\/strong><\/p>\n<p>En v\u00e6sentlig udfordring ved energitransformationen er den stigende distribuerede produktion af vedvarende energi. Vi er samtidig n\u00f8dt til at indstille brugen af fossile br\u00e6ndstoffer som en energikilde, hvilket betyder, at elforbruget stiger hastigt, en fordobling frem mod 2030.<\/p>\n<p>Afbalancering af forskellige, varierende produktionskilder med det stigende behov for elektricitet kr\u00e6ver ny indsigt og ny fleksibilitet fra energidistributionsnettet.<\/p>\n<p>Vi leverer denne indsigt til vores kunder ved at udnytte nye teknologier til at indsamle detaljerede sensordata fra intelligente elm\u00e5lere og enheder samt anvende avanceret analyse og intelligens. Vi hj\u00e6lper vores kunder med at digitalisere deres processer og h\u00f8jne effektiviteten i netoperationer.<\/p>\n<p>I dag er Aidons udstyr og de tilknyttede softwaresysteml\u00f8sninger afg\u00f8rende for at skabe et mere p\u00e5lideligt net og fremme energieffektivitet for mere end 140 operat\u00f8rer af distributionsnet i Norden.<\/p>\n<a href=\"\/about-us\"><strong>Read more about us on our global website (in English) \u00bb<\/strong><\/a>\n<p>&nbsp;<\/p>\n<a href=\"\/about-us\"><img loading=\"lazy\" decoding=\"async\" class=\"alignnone wp-image-17057 size-full\" src=\"https:\/\/aidon.com\/wp-content\/uploads\/2025\/06\/About-us-thumbnails-en-2025.jpg\" alt=\"\" width=\"500\" height=\"337\" srcset=\"https:\/\/aidon.com\/wp-content\/uploads\/2025\/06\/About-us-thumbnails-en-2025.jpg 500w, https:\/\/aidon.com\/wp-content\/uploads\/2025\/06\/About-us-thumbnails-en-2025-300x202.jpg 300w\" sizes=\"auto, (max-width: 500px) 100vw, 500px\" \/><\/a>\n<p>&nbsp;<\/p>\n","protected":false},"excerpt":{"rendered":"<p>Aidon \u2013 smart energilivsstil Aidon er den f\u00f8rende leverand\u00f8r i Norden af innovative l\u00f8sninger til fjernafl\u00e6ste elm\u00e5lere, indsamling af m\u00e5lerdata og underst\u00f8ttelse af det intellingente elnet. Med vores innovationer st\u00f8tter vi vores kunder i deres energitransformation hen imod et CO2 neutralt energisystem. En v\u00e6sentlig udfordring ved energitransformationen er den stigende&hellip;<\/p>\n","protected":false},"author":2,"featured_media":9025,"parent":0,"menu_order":0,"comment_status":"closed","ping_status":"closed","template":"page-about.php","meta":{"_acf_changed":false,"footnotes":""},"class_list":["post-9024","page","type-page","status-publish","has-post-thumbnail","hentry"],"acf":[],"yoast_head":"<!-- This site is optimized with the Yoast SEO plugin v27.0 - https:\/\/yoast.com\/product\/yoast-seo-wordpress\/ -->\n<title>Om os - Aidon<\/title>\n<meta name=\"robots\" content=\"index, follow, max-snippet:-1, max-image-preview:large, max-video-preview:-1\" \/>\n<link rel=\"canonical\" href=\"https:\/\/aidon.com\/dk\/om-os\/\" \/>\n<meta property=\"og:locale\" content=\"en_US\" \/>\n<meta property=\"og:type\" content=\"article\" \/>\n<meta property=\"og:title\" content=\"Om os - Aidon\" \/>\n<meta property=\"og:description\" content=\"Aidon \u2013 smart energilivsstil Aidon er den f\u00f8rende leverand\u00f8r i Norden af innovative l\u00f8sninger til fjernafl\u00e6ste elm\u00e5lere, indsamling af m\u00e5lerdata og underst\u00f8ttelse af det intellingente elnet. Med vores innovationer st\u00f8tter vi vores kunder i deres energitransformation hen imod et CO2 neutralt energisystem. En v\u00e6sentlig udfordring ved energitransformationen er den stigende&hellip;\" \/>\n<meta property=\"og:url\" content=\"https:\/\/aidon.com\/dk\/om-os\/\" \/>\n<meta property=\"og:site_name\" content=\"Aidon\" \/>\n<meta property=\"article:modified_time\" content=\"2025-10-02T08:28:22+00:00\" \/>\n<meta property=\"og:image\" content=\"https:\/\/aidon.com\/wp-content\/uploads\/2022\/09\/Aidon_Timelapse_JKL_24X-4-100-5.jpg\" \/>\n\t<meta property=\"og:image:width\" content=\"2268\" \/>\n\t<meta property=\"og:image:height\" content=\"1064\" \/>\n\t<meta property=\"og:image:type\" content=\"image\/jpeg\" \/>\n<meta name=\"twitter:card\" content=\"summary_large_image\" \/>\n<meta name=\"twitter:label1\" content=\"Est. reading time\" \/>\n\t<meta name=\"twitter:data1\" content=\"2 minutes\" \/>\n<script type=\"application\/ld+json\" class=\"yoast-schema-graph\">{\"@context\":\"https:\/\/schema.org\",\"@graph\":[{\"@type\":\"WebPage\",\"@id\":\"https:\/\/aidon.com\/dk\/om-os\/\",\"url\":\"https:\/\/aidon.com\/dk\/om-os\/\",\"name\":\"Om os - Aidon\",\"isPartOf\":{\"@id\":\"https:\/\/aidon.com\/dk\/#website\"},\"primaryImageOfPage\":{\"@id\":\"https:\/\/aidon.com\/dk\/om-os\/#primaryimage\"},\"image\":{\"@id\":\"https:\/\/aidon.com\/dk\/om-os\/#primaryimage\"},\"thumbnailUrl\":\"https:\/\/aidon.com\/wp-content\/uploads\/2022\/09\/Aidon_Timelapse_JKL_24X-4-100-5.jpg\",\"datePublished\":\"2022-08-15T06:51:54+00:00\",\"dateModified\":\"2025-10-02T08:28:22+00:00\",\"inLanguage\":\"dk-DK\",\"potentialAction\":[{\"@type\":\"ReadAction\",\"target\":[\"https:\/\/aidon.com\/dk\/om-os\/\"]}]},{\"@type\":\"ImageObject\",\"inLanguage\":\"dk-DK\",\"@id\":\"https:\/\/aidon.com\/dk\/om-os\/#primaryimage\",\"url\":\"https:\/\/aidon.com\/wp-content\/uploads\/2022\/09\/Aidon_Timelapse_JKL_24X-4-100-5.jpg\",\"contentUrl\":\"https:\/\/aidon.com\/wp-content\/uploads\/2022\/09\/Aidon_Timelapse_JKL_24X-4-100-5.jpg\",\"width\":2268,\"height\":1064},{\"@type\":\"WebSite\",\"@id\":\"https:\/\/aidon.com\/dk\/#website\",\"url\":\"https:\/\/aidon.com\/dk\/\",\"name\":\"Aidon\",\"description\":\"\",\"potentialAction\":[{\"@type\":\"SearchAction\",\"target\":{\"@type\":\"EntryPoint\",\"urlTemplate\":\"https:\/\/aidon.com\/dk\/?s={search_term_string}\"},\"query-input\":{\"@type\":\"PropertyValueSpecification\",\"valueRequired\":true,\"valueName\":\"search_term_string\"}}],\"inLanguage\":\"dk-DK\"}]}<\/script>\n<!-- \/ Yoast SEO plugin. -->","yoast_head_json":{"title":"Om os - Aidon","robots":{"index":"index","follow":"follow","max-snippet":"max-snippet:-1","max-image-preview":"max-image-preview:large","max-video-preview":"max-video-preview:-1"},"canonical":"https:\/\/aidon.com\/dk\/om-os\/","og_locale":"en_US","og_type":"article","og_title":"Om os - Aidon","og_description":"Aidon \u2013 smart energilivsstil Aidon er den f\u00f8rende leverand\u00f8r i Norden af innovative l\u00f8sninger til fjernafl\u00e6ste elm\u00e5lere, indsamling af m\u00e5lerdata og underst\u00f8ttelse af det intellingente elnet. Med vores innovationer st\u00f8tter vi vores kunder i deres energitransformation hen imod et CO2 neutralt energisystem. En v\u00e6sentlig udfordring ved energitransformationen er den stigende&hellip;","og_url":"https:\/\/aidon.com\/dk\/om-os\/","og_site_name":"Aidon","article_modified_time":"2025-10-02T08:28:22+00:00","og_image":[{"width":2268,"height":1064,"url":"https:\/\/aidon.com\/wp-content\/uploads\/2022\/09\/Aidon_Timelapse_JKL_24X-4-100-5.jpg","type":"image\/jpeg"}],"twitter_card":"summary_large_image","twitter_misc":{"Est. reading time":"2 minutes"},"schema":{"@context":"https:\/\/schema.org","@graph":[{"@type":"WebPage","@id":"https:\/\/aidon.com\/dk\/om-os\/","url":"https:\/\/aidon.com\/dk\/om-os\/","name":"Om os - Aidon","isPartOf":{"@id":"https:\/\/aidon.com\/dk\/#website"},"primaryImageOfPage":{"@id":"https:\/\/aidon.com\/dk\/om-os\/#primaryimage"},"image":{"@id":"https:\/\/aidon.com\/dk\/om-os\/#primaryimage"},"thumbnailUrl":"https:\/\/aidon.com\/wp-content\/uploads\/2022\/09\/Aidon_Timelapse_JKL_24X-4-100-5.jpg","datePublished":"2022-08-15T06:51:54+00:00","dateModified":"2025-10-02T08:28:22+00:00","inLanguage":"dk-DK","potentialAction":[{"@type":"ReadAction","target":["https:\/\/aidon.com\/dk\/om-os\/"]}]},{"@type":"ImageObject","inLanguage":"dk-DK","@id":"https:\/\/aidon.com\/dk\/om-os\/#primaryimage","url":"https:\/\/aidon.com\/wp-content\/uploads\/2022\/09\/Aidon_Timelapse_JKL_24X-4-100-5.jpg","contentUrl":"https:\/\/aidon.com\/wp-content\/uploads\/2022\/09\/Aidon_Timelapse_JKL_24X-4-100-5.jpg","width":2268,"height":1064},{"@type":"WebSite","@id":"https:\/\/aidon.com\/dk\/#website","url":"https:\/\/aidon.com\/dk\/","name":"Aidon","description":"","potentialAction":[{"@type":"SearchAction","target":{"@type":"EntryPoint","urlTemplate":"https:\/\/aidon.com\/dk\/?s={search_term_string}"},"query-input":{"@type":"PropertyValueSpecification","valueRequired":true,"valueName":"search_term_string"}}],"inLanguage":"dk-DK"}]}},"_links":{"self":[{"href":"https:\/\/aidon.com\/dk\/wp-json\/wp\/v2\/pages\/9024","targetHints":{"allow":["GET"]}}],"collection":[{"href":"https:\/\/aidon.com\/dk\/wp-json\/wp\/v2\/pages"}],"about":[{"href":"https:\/\/aidon.com\/dk\/wp-json\/wp\/v2\/types\/page"}],"author":[{"embeddable":true,"href":"https:\/\/aidon.com\/dk\/wp-json\/wp\/v2\/users\/2"}],"replies":[{"embeddable":true,"href":"https:\/\/aidon.com\/dk\/wp-json\/wp\/v2\/comments?post=9024"}],"version-history":[{"count":14,"href":"https:\/\/aidon.com\/dk\/wp-json\/wp\/v2\/pages\/9024\/revisions"}],"predecessor-version":[{"id":17754,"href":"https:\/\/aidon.com\/dk\/wp-json\/wp\/v2\/pages\/9024\/revisions\/17754"}],"wp:featuredmedia":[{"embeddable":true,"href":"https:\/\/aidon.com\/dk\/wp-json\/wp\/v2\/media\/9025"}],"wp:attachment":[{"href":"https:\/\/aidon.com\/dk\/wp-json\/wp\/v2\/media?parent=9024"}],"curies":[{"name":"wp","href":"https:\/\/api.w.org\/{rel}","templated":true}]}}