{"id":10086,"date":"2023-05-11T05:53:01","date_gmt":"2023-05-11T05:53:01","guid":{"rendered":"https:\/\/aidon.com\/?page_id=10086"},"modified":"2023-05-31T19:23:37","modified_gmt":"2023-05-31T19:23:37","slug":"fremtidens-forsyningsselskab","status":"publish","type":"page","link":"https:\/\/aidon.com\/dk\/fremtidens-forsyningsselskab\/","title":{"rendered":"Fremtidens forsyningsselskab"},"content":{"rendered":"<p><img loading=\"lazy\" decoding=\"async\" class=\"alignnone wp-image-10152 size-full\" src=\"https:\/\/aidon.com\/wp-content\/uploads\/2023\/05\/Denmark_landing_page_2_banner_717.png\" alt=\"\" width=\"717\" height=\"400\" srcset=\"https:\/\/aidon.com\/wp-content\/uploads\/2023\/05\/Denmark_landing_page_2_banner_717.png 717w, https:\/\/aidon.com\/wp-content\/uploads\/2023\/05\/Denmark_landing_page_2_banner_717-300x167.png 300w\" sizes=\"auto, (max-width: 717px) 100vw, 717px\" \/><\/p>\n<h2 style=\"color: #00a7ff;\">ER I KLAR TIL FREMTIDEN SOM FORSYNINGSSELSKAB?<\/h2>\n<p>Forsyningsselskaberne st\u00e5r overfor en r\u00e6kke udfordringer, og det er nemt at overse nogle ellers v\u00e6sentlige fokuspunkter.<\/p>\n<p><strong>Hent vores 7 gode r\u00e5d til hvordan man kan optimere, og hvad man skal v\u00e6re opm\u00e6rksom p\u00e5 som en del af forsyningsbranchen.<\/strong><\/p>\n<p>T\u00e6nk smart og udskyd de tunge investeringer. Aidon er klar med r\u00e5dgivning og l\u00f8sninger.<\/p>\n<p>&nbsp;<\/p>\n<p><a class=\"cta inside\" href=\"https:\/\/aidon.com\/dk\/fremtidens-forsyningsselskab\/download-formular-2\/\" target=\"_blank\" rel=\"noopener\">Klik her og hent de 7 punkter til eftertanke<\/a><\/p>\n<p>&nbsp;<\/p>\n<p><strong>En af vores l\u00f8sninger er Aidon One, vores SaaS-baserede planl\u00e6gnings- og styrings-software. Aidon One er designet til effektivt at styre arbejdet i marken for alle typer forsyningsselskaber.<\/strong><\/p>\n<p>&nbsp;<\/p>\n","protected":false},"excerpt":{"rendered":"<p>ER I KLAR TIL FREMTIDEN SOM FORSYNINGSSELSKAB? Forsyningsselskaberne st\u00e5r overfor en r\u00e6kke udfordringer, og det er nemt at overse nogle ellers v\u00e6sentlige fokuspunkter. Hent vores 7 gode r\u00e5d til hvordan man kan optimere, og hvad man skal v\u00e6re opm\u00e6rksom p\u00e5 som en del af forsyningsbranchen. T\u00e6nk smart og udskyd de&hellip;<\/p>\n","protected":false},"author":2,"featured_media":0,"parent":0,"menu_order":0,"comment_status":"closed","ping_status":"closed","template":"page-landingpage-with-nav.php","meta":{"_acf_changed":false,"footnotes":""},"class_list":["post-10086","page","type-page","status-publish","hentry"],"acf":[],"yoast_head":"<!-- This site is optimized with the Yoast SEO plugin v27.0 - https:\/\/yoast.com\/product\/yoast-seo-wordpress\/ -->\n<title>Fremtidens forsyningsselskab - Aidon<\/title>\n<meta name=\"robots\" content=\"index, follow, max-snippet:-1, max-image-preview:large, max-video-preview:-1\" \/>\n<link rel=\"canonical\" href=\"https:\/\/aidon.com\/dk\/fremtidens-forsyningsselskab\/\" \/>\n<meta property=\"og:locale\" content=\"en_US\" \/>\n<meta property=\"og:type\" content=\"article\" \/>\n<meta property=\"og:title\" content=\"Fremtidens forsyningsselskab - Aidon\" \/>\n<meta property=\"og:description\" content=\"ER I KLAR TIL FREMTIDEN SOM FORSYNINGSSELSKAB? Forsyningsselskaberne st\u00e5r overfor en r\u00e6kke udfordringer, og det er nemt at overse nogle ellers v\u00e6sentlige fokuspunkter. Hent vores 7 gode r\u00e5d til hvordan man kan optimere, og hvad man skal v\u00e6re opm\u00e6rksom p\u00e5 som en del af forsyningsbranchen. T\u00e6nk smart og udskyd de&hellip;\" \/>\n<meta property=\"og:url\" content=\"https:\/\/aidon.com\/dk\/fremtidens-forsyningsselskab\/\" \/>\n<meta property=\"og:site_name\" content=\"Aidon\" \/>\n<meta property=\"article:modified_time\" content=\"2023-05-31T19:23:37+00:00\" \/>\n<meta property=\"og:image\" content=\"https:\/\/aidon.com\/wp-content\/uploads\/2023\/05\/Denmark_landing_page_2_banner_717_low.png\" \/>\n\t<meta property=\"og:image:width\" content=\"717\" \/>\n\t<meta property=\"og:image:height\" content=\"350\" \/>\n\t<meta property=\"og:image:type\" content=\"image\/png\" \/>\n<meta name=\"twitter:card\" content=\"summary_large_image\" \/>\n<meta name=\"twitter:image\" content=\"https:\/\/aidon.com\/wp-content\/uploads\/2023\/05\/Denmark_landing_page_2_banner_717_low.png\" \/>\n<meta name=\"twitter:label1\" content=\"Est. reading time\" \/>\n\t<meta name=\"twitter:data1\" content=\"1 minute\" \/>\n<script type=\"application\/ld+json\" class=\"yoast-schema-graph\">{\"@context\":\"https:\/\/schema.org\",\"@graph\":[{\"@type\":\"WebPage\",\"@id\":\"https:\/\/aidon.com\/dk\/fremtidens-forsyningsselskab\/\",\"url\":\"https:\/\/aidon.com\/dk\/fremtidens-forsyningsselskab\/\",\"name\":\"Fremtidens forsyningsselskab - Aidon\",\"isPartOf\":{\"@id\":\"https:\/\/aidon.com\/dk\/#website\"},\"primaryImageOfPage\":{\"@id\":\"https:\/\/aidon.com\/dk\/fremtidens-forsyningsselskab\/#primaryimage\"},\"image\":{\"@id\":\"https:\/\/aidon.com\/dk\/fremtidens-forsyningsselskab\/#primaryimage\"},\"thumbnailUrl\":\"https:\/\/aidon.com\/wp-content\/uploads\/2023\/05\/Denmark_landing_page_2_banner_717.png\",\"datePublished\":\"2023-05-11T05:53:01+00:00\",\"dateModified\":\"2023-05-31T19:23:37+00:00\",\"inLanguage\":\"dk-DK\",\"potentialAction\":[{\"@type\":\"ReadAction\",\"target\":[\"https:\/\/aidon.com\/dk\/fremtidens-forsyningsselskab\/\"]}]},{\"@type\":\"ImageObject\",\"inLanguage\":\"dk-DK\",\"@id\":\"https:\/\/aidon.com\/dk\/fremtidens-forsyningsselskab\/#primaryimage\",\"url\":\"https:\/\/aidon.com\/wp-content\/uploads\/2023\/05\/Denmark_landing_page_2_banner_717.png\",\"contentUrl\":\"https:\/\/aidon.com\/wp-content\/uploads\/2023\/05\/Denmark_landing_page_2_banner_717.png\"},{\"@type\":\"WebSite\",\"@id\":\"https:\/\/aidon.com\/dk\/#website\",\"url\":\"https:\/\/aidon.com\/dk\/\",\"name\":\"Aidon\",\"description\":\"\",\"potentialAction\":[{\"@type\":\"SearchAction\",\"target\":{\"@type\":\"EntryPoint\",\"urlTemplate\":\"https:\/\/aidon.com\/dk\/?s={search_term_string}\"},\"query-input\":{\"@type\":\"PropertyValueSpecification\",\"valueRequired\":true,\"valueName\":\"search_term_string\"}}],\"inLanguage\":\"dk-DK\"}]}<\/script>\n<!-- \/ Yoast SEO plugin. -->","yoast_head_json":{"title":"Fremtidens forsyningsselskab - Aidon","robots":{"index":"index","follow":"follow","max-snippet":"max-snippet:-1","max-image-preview":"max-image-preview:large","max-video-preview":"max-video-preview:-1"},"canonical":"https:\/\/aidon.com\/dk\/fremtidens-forsyningsselskab\/","og_locale":"en_US","og_type":"article","og_title":"Fremtidens forsyningsselskab - Aidon","og_description":"ER I KLAR TIL FREMTIDEN SOM FORSYNINGSSELSKAB? Forsyningsselskaberne st\u00e5r overfor en r\u00e6kke udfordringer, og det er nemt at overse nogle ellers v\u00e6sentlige fokuspunkter. Hent vores 7 gode r\u00e5d til hvordan man kan optimere, og hvad man skal v\u00e6re opm\u00e6rksom p\u00e5 som en del af forsyningsbranchen. T\u00e6nk smart og udskyd de&hellip;","og_url":"https:\/\/aidon.com\/dk\/fremtidens-forsyningsselskab\/","og_site_name":"Aidon","article_modified_time":"2023-05-31T19:23:37+00:00","og_image":[{"width":717,"height":350,"url":"https:\/\/aidon.com\/wp-content\/uploads\/2023\/05\/Denmark_landing_page_2_banner_717_low.png","type":"image\/png"}],"twitter_card":"summary_large_image","twitter_image":"https:\/\/aidon.com\/wp-content\/uploads\/2023\/05\/Denmark_landing_page_2_banner_717_low.png","twitter_misc":{"Est. reading time":"1 minute"},"schema":{"@context":"https:\/\/schema.org","@graph":[{"@type":"WebPage","@id":"https:\/\/aidon.com\/dk\/fremtidens-forsyningsselskab\/","url":"https:\/\/aidon.com\/dk\/fremtidens-forsyningsselskab\/","name":"Fremtidens forsyningsselskab - Aidon","isPartOf":{"@id":"https:\/\/aidon.com\/dk\/#website"},"primaryImageOfPage":{"@id":"https:\/\/aidon.com\/dk\/fremtidens-forsyningsselskab\/#primaryimage"},"image":{"@id":"https:\/\/aidon.com\/dk\/fremtidens-forsyningsselskab\/#primaryimage"},"thumbnailUrl":"https:\/\/aidon.com\/wp-content\/uploads\/2023\/05\/Denmark_landing_page_2_banner_717.png","datePublished":"2023-05-11T05:53:01+00:00","dateModified":"2023-05-31T19:23:37+00:00","inLanguage":"dk-DK","potentialAction":[{"@type":"ReadAction","target":["https:\/\/aidon.com\/dk\/fremtidens-forsyningsselskab\/"]}]},{"@type":"ImageObject","inLanguage":"dk-DK","@id":"https:\/\/aidon.com\/dk\/fremtidens-forsyningsselskab\/#primaryimage","url":"https:\/\/aidon.com\/wp-content\/uploads\/2023\/05\/Denmark_landing_page_2_banner_717.png","contentUrl":"https:\/\/aidon.com\/wp-content\/uploads\/2023\/05\/Denmark_landing_page_2_banner_717.png"},{"@type":"WebSite","@id":"https:\/\/aidon.com\/dk\/#website","url":"https:\/\/aidon.com\/dk\/","name":"Aidon","description":"","potentialAction":[{"@type":"SearchAction","target":{"@type":"EntryPoint","urlTemplate":"https:\/\/aidon.com\/dk\/?s={search_term_string}"},"query-input":{"@type":"PropertyValueSpecification","valueRequired":true,"valueName":"search_term_string"}}],"inLanguage":"dk-DK"}]}},"_links":{"self":[{"href":"https:\/\/aidon.com\/dk\/wp-json\/wp\/v2\/pages\/10086","targetHints":{"allow":["GET"]}}],"collection":[{"href":"https:\/\/aidon.com\/dk\/wp-json\/wp\/v2\/pages"}],"about":[{"href":"https:\/\/aidon.com\/dk\/wp-json\/wp\/v2\/types\/page"}],"author":[{"embeddable":true,"href":"https:\/\/aidon.com\/dk\/wp-json\/wp\/v2\/users\/2"}],"replies":[{"embeddable":true,"href":"https:\/\/aidon.com\/dk\/wp-json\/wp\/v2\/comments?post=10086"}],"version-history":[{"count":26,"href":"https:\/\/aidon.com\/dk\/wp-json\/wp\/v2\/pages\/10086\/revisions"}],"predecessor-version":[{"id":10330,"href":"https:\/\/aidon.com\/dk\/wp-json\/wp\/v2\/pages\/10086\/revisions\/10330"}],"wp:attachment":[{"href":"https:\/\/aidon.com\/dk\/wp-json\/wp\/v2\/media?parent=10086"}],"curies":[{"name":"wp","href":"https:\/\/api.w.org\/{rel}","templated":true}]}}