{"id":9732,"date":"2022-10-13T14:33:41","date_gmt":"2022-10-13T14:33:41","guid":{"rendered":"https:\/\/aidon.com\/?page_id=9732"},"modified":"2023-05-31T13:56:39","modified_gmt":"2023-05-31T13:56:39","slug":"legal-notice","status":"publish","type":"page","link":"https:\/\/aidon.com\/de\/legal-notice\/","title":{"rendered":"Haftungsausschluss"},"content":{"rendered":"<p><strong>BITTE LESEN SIE DIESE ALLGEMEINEN NUTZUNGSBEDINGUNGEN AUFMERKSAM DURCH BEVOR SIE AUF EINE DER WELTWEITEN WEBSITES VON AIDON ZUGREIFEN UND DIESE NUTZEN.<\/strong><\/p>\n<p>Durch den Zugriff auf die WWW-Websites von Aidon und deren Nutzung erkl\u00e4ren Sie Ihr Einverst\u00e4ndnis mit den folgenden Nutzungsbedingungen: Sollten Sie den Nutzungsbedingungen nicht zustimmen, werden Sie gebeten, diese Seiten nicht zu benutzen.<\/p>\n<p>Diese WWW-Seiten, einschlie\u00dflich aller Inhalte sowie die Auswahl und die Anordnung von Inhalten auf jeder einzelnen Seite, die Seitensammlung, die Daten und andere Materialien, die \u00fcber die Seiten zug\u00e4nglich sind, sind das vollst\u00e4ndige Eigentum von Aidon Oy. Urheberrecht \u00a9 2023 Aidon Oy. Alle Rechte vorbehalten.<\/p>\n<p>Sie d\u00fcrfen Ausz\u00fcge aus den Seiten von Aidon auf Ihrem Computer speichern und davon Kopien ausdrucken, dies jedoch nur zu Ihrer pers\u00f6nlichen, nichtgewerblichen Nutzung, und der \u00f6ffentlichen Anzeige von Aidon-Seiten. Sie d\u00fcrfen notwendige kleinere Ausz\u00fcge aus den Seiten von Aidon nutzen und verteilen, um eine direkte Verkn\u00fcpfung zu den Seiten oder f\u00fcr die Verlinkung mit Internet-Suchdiensten herzustellen. Jede sonstige Nutzung, Vervielf\u00e4ltigung, \u00dcbersetzung, Bearbeitung, Gestaltung, \u00c4nderung, Verteilung oder Speicherung der Seiten von Aidon, gleich in welcher Form und mit welchen Mitteln, ob ganz oder teilweise, ist nicht gestattet, es sei denn es liegt die vorherige schriftliche Genehmigung von Aidon vor.<\/p>\n<p>Die WWW-Seiten von Aidon werden wie besehen und ohne jegliche Zusicherung oder Gew\u00e4hrleistung jeglicher Art, sei es Richtigkeit, Genauigkeit, Zuverl\u00e4ssigkeit oder Verf\u00fcgbarkeit dieser Seiten zur Verf\u00fcgung gestellt. Aidon gew\u00e4hrleistet nicht, dass diese Seiten oder der Server, der sie bereitstellt, frei von Viren oder anderen sch\u00e4dlichen Komponenten sind. Aidon beh\u00e4lt sich das Recht vor, die WWW-Seiten zu ver\u00e4ndern und\/oder den Zugriff darauf jederzeit zur\u00fcckzuziehen. Aidon \u00fcbernimmt keine Haftung f\u00fcr Materialien, die von Dritten ver\u00f6ffentlicht und\/oder erstellt werden, und die einen Link auf die WWW-Seiten von Aidon enthalten.<\/p>\n<p>Unter keinen Umst\u00e4nden, einschlie\u00dflich, aber nicht beschr\u00e4nkt auf Fahrl\u00e4ssigkeit, haftet Aidon, einer seiner Direktoren, Officer oder Mitarbeiter f\u00fcr irgendeine Art von direkten, indirekten, speziellen, zuf\u00e4lligen oder sonstigen Sch\u00e4den, die Sie im Zusammenhang mit der Nutzung dieser Seiten oder im Falle eines Ausfalls oder Unterbrechung dieser Seiten erleiden.<\/p>\n<p>Aidon Oy, das Unternehmenslogo und die Aidon Produktnamen sind Handelsmarken von Aidon. Wenn Sie Informationen oder Material von dieser Website herunterladen, stimmen Sie zu, dass Sie keine Urheberrechtshinweise oder andere Hinweisen und\/oder Legenden aus solchen Informationen kopieren, entfernen oder ver\u00e4ndern werden.<\/p>\n<p>Jegliche Streitigkeiten im Zusammenhang mit diesen Seiten wird vor dem Amtsgericht in Helsinki, Finnland, nach finnischem Recht beigelegt.<\/p>\n","protected":false},"excerpt":{"rendered":"<p>BITTE LESEN SIE DIESE ALLGEMEINEN NUTZUNGSBEDINGUNGEN AUFMERKSAM DURCH BEVOR SIE AUF EINE DER WELTWEITEN WEBSITES VON AIDON ZUGREIFEN UND DIESE NUTZEN. Durch den Zugriff auf die WWW-Websites von Aidon und deren Nutzung erkl\u00e4ren Sie Ihr Einverst\u00e4ndnis mit den folgenden Nutzungsbedingungen: Sollten Sie den Nutzungsbedingungen nicht zustimmen, werden Sie gebeten, diese&hellip;<\/p>\n","protected":false},"author":2,"featured_media":0,"parent":0,"menu_order":0,"comment_status":"closed","ping_status":"closed","template":"","meta":{"_acf_changed":false,"footnotes":""},"class_list":["post-9732","page","type-page","status-publish","hentry"],"acf":[],"yoast_head":"<!-- This site is optimized with the Yoast SEO plugin v27.0 - https:\/\/yoast.com\/product\/yoast-seo-wordpress\/ -->\n<title>Haftungsausschluss - Aidon<\/title>\n<meta name=\"robots\" content=\"index, follow, max-snippet:-1, max-image-preview:large, max-video-preview:-1\" \/>\n<link rel=\"canonical\" href=\"https:\/\/aidon.com\/de\/legal-notice\/\" \/>\n<meta property=\"og:locale\" content=\"de_DE\" \/>\n<meta property=\"og:type\" content=\"article\" \/>\n<meta property=\"og:title\" content=\"Haftungsausschluss - Aidon\" \/>\n<meta property=\"og:description\" content=\"BITTE LESEN SIE DIESE ALLGEMEINEN NUTZUNGSBEDINGUNGEN AUFMERKSAM DURCH BEVOR SIE AUF EINE DER WELTWEITEN WEBSITES VON AIDON ZUGREIFEN UND DIESE NUTZEN. Durch den Zugriff auf die WWW-Websites von Aidon und deren Nutzung erkl\u00e4ren Sie Ihr Einverst\u00e4ndnis mit den folgenden Nutzungsbedingungen: Sollten Sie den Nutzungsbedingungen nicht zustimmen, werden Sie gebeten, diese&hellip;\" \/>\n<meta property=\"og:url\" content=\"https:\/\/aidon.com\/de\/legal-notice\/\" \/>\n<meta property=\"og:site_name\" content=\"Aidon\" \/>\n<meta property=\"article:modified_time\" content=\"2023-05-31T13:56:39+00:00\" \/>\n<meta name=\"twitter:card\" content=\"summary_large_image\" \/>\n<meta name=\"twitter:label1\" content=\"Gesch\u00e4tzte Lesezeit\" \/>\n\t<meta name=\"twitter:data1\" content=\"2\u00a0Minuten\" \/>\n<script type=\"application\/ld+json\" class=\"yoast-schema-graph\">{\"@context\":\"https:\/\/schema.org\",\"@graph\":[{\"@type\":\"WebPage\",\"@id\":\"https:\/\/aidon.com\/de\/legal-notice\/\",\"url\":\"https:\/\/aidon.com\/de\/legal-notice\/\",\"name\":\"Haftungsausschluss - Aidon\",\"isPartOf\":{\"@id\":\"https:\/\/aidon.com\/de\/#website\"},\"datePublished\":\"2022-10-13T14:33:41+00:00\",\"dateModified\":\"2023-05-31T13:56:39+00:00\",\"inLanguage\":\"de\",\"potentialAction\":[{\"@type\":\"ReadAction\",\"target\":[\"https:\/\/aidon.com\/de\/legal-notice\/\"]}]},{\"@type\":\"WebSite\",\"@id\":\"https:\/\/aidon.com\/de\/#website\",\"url\":\"https:\/\/aidon.com\/de\/\",\"name\":\"Aidon\",\"description\":\"\",\"potentialAction\":[{\"@type\":\"SearchAction\",\"target\":{\"@type\":\"EntryPoint\",\"urlTemplate\":\"https:\/\/aidon.com\/de\/?s={search_term_string}\"},\"query-input\":{\"@type\":\"PropertyValueSpecification\",\"valueRequired\":true,\"valueName\":\"search_term_string\"}}],\"inLanguage\":\"de\"}]}<\/script>\n<!-- \/ Yoast SEO plugin. -->","yoast_head_json":{"title":"Haftungsausschluss - Aidon","robots":{"index":"index","follow":"follow","max-snippet":"max-snippet:-1","max-image-preview":"max-image-preview:large","max-video-preview":"max-video-preview:-1"},"canonical":"https:\/\/aidon.com\/de\/legal-notice\/","og_locale":"de_DE","og_type":"article","og_title":"Haftungsausschluss - Aidon","og_description":"BITTE LESEN SIE DIESE ALLGEMEINEN NUTZUNGSBEDINGUNGEN AUFMERKSAM DURCH BEVOR SIE AUF EINE DER WELTWEITEN WEBSITES VON AIDON ZUGREIFEN UND DIESE NUTZEN. Durch den Zugriff auf die WWW-Websites von Aidon und deren Nutzung erkl\u00e4ren Sie Ihr Einverst\u00e4ndnis mit den folgenden Nutzungsbedingungen: Sollten Sie den Nutzungsbedingungen nicht zustimmen, werden Sie gebeten, diese&hellip;","og_url":"https:\/\/aidon.com\/de\/legal-notice\/","og_site_name":"Aidon","article_modified_time":"2023-05-31T13:56:39+00:00","twitter_card":"summary_large_image","twitter_misc":{"Gesch\u00e4tzte Lesezeit":"2\u00a0Minuten"},"schema":{"@context":"https:\/\/schema.org","@graph":[{"@type":"WebPage","@id":"https:\/\/aidon.com\/de\/legal-notice\/","url":"https:\/\/aidon.com\/de\/legal-notice\/","name":"Haftungsausschluss - Aidon","isPartOf":{"@id":"https:\/\/aidon.com\/de\/#website"},"datePublished":"2022-10-13T14:33:41+00:00","dateModified":"2023-05-31T13:56:39+00:00","inLanguage":"de","potentialAction":[{"@type":"ReadAction","target":["https:\/\/aidon.com\/de\/legal-notice\/"]}]},{"@type":"WebSite","@id":"https:\/\/aidon.com\/de\/#website","url":"https:\/\/aidon.com\/de\/","name":"Aidon","description":"","potentialAction":[{"@type":"SearchAction","target":{"@type":"EntryPoint","urlTemplate":"https:\/\/aidon.com\/de\/?s={search_term_string}"},"query-input":{"@type":"PropertyValueSpecification","valueRequired":true,"valueName":"search_term_string"}}],"inLanguage":"de"}]}},"_links":{"self":[{"href":"https:\/\/aidon.com\/de\/wp-json\/wp\/v2\/pages\/9732","targetHints":{"allow":["GET"]}}],"collection":[{"href":"https:\/\/aidon.com\/de\/wp-json\/wp\/v2\/pages"}],"about":[{"href":"https:\/\/aidon.com\/de\/wp-json\/wp\/v2\/types\/page"}],"author":[{"embeddable":true,"href":"https:\/\/aidon.com\/de\/wp-json\/wp\/v2\/users\/2"}],"replies":[{"embeddable":true,"href":"https:\/\/aidon.com\/de\/wp-json\/wp\/v2\/comments?post=9732"}],"version-history":[{"count":5,"href":"https:\/\/aidon.com\/de\/wp-json\/wp\/v2\/pages\/9732\/revisions"}],"predecessor-version":[{"id":10914,"href":"https:\/\/aidon.com\/de\/wp-json\/wp\/v2\/pages\/9732\/revisions\/10914"}],"wp:attachment":[{"href":"https:\/\/aidon.com\/de\/wp-json\/wp\/v2\/media?parent=9732"}],"curies":[{"name":"wp","href":"https:\/\/api.w.org\/{rel}","templated":true}]}}