{"id":9602,"date":"2022-08-12T12:06:09","date_gmt":"2022-08-12T12:06:09","guid":{"rendered":"https:\/\/aidon.com\/?page_id=9602"},"modified":"2023-11-22T07:34:31","modified_gmt":"2023-11-22T07:34:31","slug":"aidon-one","status":"publish","type":"page","link":"https:\/\/aidon.com\/de\/losungen\/aidon-one\/","title":{"rendered":"L\u00f6sung f\u00fcr die Verwaltung von Feldarbeits&shy;prozessen"},"content":{"rendered":"<p><img loading=\"lazy\" decoding=\"async\" class=\"alignnone wp-image-6501 size-full\" src=\"https:\/\/aidon.com\/wp-content\/uploads\/2023\/02\/Aidon_com_Aidon_One_solution_web_900_5.png\" alt=\"\" width=\"900\" height=\"341\" srcset=\"https:\/\/aidon.com\/wp-content\/uploads\/2023\/02\/Aidon_com_Aidon_One_solution_web_900_5.png 900w, https:\/\/aidon.com\/wp-content\/uploads\/2023\/02\/Aidon_com_Aidon_One_solution_web_900_5-300x114.png 300w, https:\/\/aidon.com\/wp-content\/uploads\/2023\/02\/Aidon_com_Aidon_One_solution_web_900_5-768x291.png 768w\" sizes=\"auto, (max-width: 900px) 100vw, 900px\" \/><\/p>\n<p>&nbsp;<\/p>\n<p><strong>Aidon One ist eine effiziente und einfach zu bedienende SaaS-L\u00f6sung f\u00fcr das Management von Au\u00dfendiensteins\u00e4tzen, Stromnetzen, AMM-Messstellen und Konnektivit\u00e4t sowie f\u00fcr den Kundendienst. Aidon One wurde speziell f\u00fcr die Bed\u00fcrfnisse von Energieversorgungsunternehmen entwickelt und optimiert. Es eignet sich auch f\u00fcr andere Unternehmen, die eine nahtlose Verwaltung der Arbeitsprozesse im Au\u00dfendienst ben\u00f6tigen, wie z. B. verschiedene Installations- und Dienstleistungsunternehmen. Aidon One wurde f\u00fcr den mobilen Einsatz konzipiert und verf\u00fcgt \u00fcber eine kartenbasierte Benutzeroberfl\u00e4che. Es ist damit ein ideales Werkzeug f\u00fcr Au\u00dfendienstmitarbeiter und kann vor Ort mit einem mobilen Ger\u00e4t verwendet werden.<\/strong><\/p>\n<p>Aidon stellt Aidon One als sicheren Cloud-basierten Dienst zur Verf\u00fcgung und ist f\u00fcr dessen Verf\u00fcgbarkeit und Informationssicherheit verantwortlich, was die Bereitstellung und den Betrieb f\u00fcr das Kundenunternehmen vereinfacht.<\/p>\n<h4>Modularit\u00e4t bringt kundenspezifische Flexibilit\u00e4t<\/h4>\n<p>Aidon One besteht aus f\u00fcr unterschiedliche Aufgaben und Zwecken konzipierten Modulen. Dazu geh\u00f6ren Arbeitsauftragsmanagement, Stromnetzmanagement, Kundendienst, Wartung und AMI-Konnektivit\u00e4t. Dank ihrer Modularit\u00e4t kann der Kunde die Module f\u00fcr seinen Bedarf ausw\u00e4hlen und kombinieren. Sollten sich die Anforderungen \u00e4ndern, kann die Funktionalit\u00e4t von Aidon One leicht erweitert werden.<\/p>\n<h4>Kombiniert Daten aus verschiedenen Systemen in einem Dienst<\/h4>\n<p>Die Grundidee von Aidon One besteht darin, Daten aus verschiedenen Systemen in einer kartenbasierten Ansicht zusammenzufassen und nahtlose Arbeitsabl\u00e4ufe und den Informationsaustausch zwischen Menschen, Teams und Systemen zu erm\u00f6glichen. Dadurch wird beispielsweise die Arbeit von Installateuren oder Wartungsteams wesentlich effizienter als bei einem parallelen Einsatz vieler Einzelsysteme.<\/p>\n<h4>Umfangreiche Anpassungsm\u00f6glichkeiten<\/h4>\n<p>Die umfangreichen Anpassungsm\u00f6glichkeiten von Aidon One erm\u00f6glichen die Nutzung des Dienstes durch verschiedene Teams, die auch aus externen Unternehmen bestehen k\u00f6nnen. Dar\u00fcber hinaus basieren viele der Funktionen, z. B. Arbeitsauftr\u00e4ge und Wartungsmodule, auf bearbeitbaren Formularvorlagen, so dass die Formulare leicht angepasst oder bei Bedarf neu erstellt werden k\u00f6nnen.<\/p>\n<p><strong>Nutzen Sie Aidon One, wenn Sie Ihrem Unternehmen eine L\u00f6sung f\u00fcr nahtlose Arbeitsabl\u00e4ufe und Echtzeitinformationen in den folgenden Bereichen zur Verf\u00fcgung stellen m\u00f6chten:<\/strong><\/p>\n<ul>\n<li>Management des Au\u00dfendienstes<\/li>\n<li>\u00dcberwachung des t\u00e4glichen Status der AMM-Messwerte an jedem Messpunkt<\/li>\n<li>\u00dcberwachung des Status der AMM-Konnektivit\u00e4t und effiziente Fehlerbehebung bei Problemen<\/li>\n<li>Empfang von Alarmen aus Fehlern und Ereignissen im Niederspannungsnetz<\/li>\n<li>Durchf\u00fchrung von und Berichtserstellung \u00fcber Inspektionen und Wartungsaufgaben vor Ort<\/li>\n<li>Planung der gesetzlich vorgeschriebenen Inspektionen von Netzstandorten und Erstellung von Inspektionsberichten<\/li>\n<li>Ihre Kunden \u00fcber geplante und laufende Wartungsunterbrechungen auf dem neuesten Stand halten<\/li>\n<li>Einbindung Ihrer Kunden in die Online-Meldung von Fehlern und anderen Beobachtungen<\/li>\n<\/ul>\n<p>&nbsp;<\/p>\n<hr \/>\n<p>&nbsp;<\/p>\n<h4>Lesen Sie, wie Aidon One unseren Kunden hilft, ihre Arbeitsabl\u00e4ufe zu optimieren:<\/h4>\n<p>Vantaa Energy: Aidon One renewed field work management and installers\u2019 working practices<br \/>\n<a href=\"https:\/\/aidon.com\/de\/aidon-one-renewed-field-work-management-and-installers-working-practices\/\" target=\"_blank\" rel=\"noopener\">Read customer case story<\/a><\/p>\n","protected":false},"excerpt":{"rendered":"<p>&nbsp; Aidon One ist eine effiziente und einfach zu bedienende SaaS-L\u00f6sung f\u00fcr das Management von Au\u00dfendiensteins\u00e4tzen, Stromnetzen, AMM-Messstellen und Konnektivit\u00e4t sowie f\u00fcr den Kundendienst. Aidon One wurde speziell f\u00fcr die Bed\u00fcrfnisse von Energieversorgungsunternehmen entwickelt und optimiert. Es eignet sich auch f\u00fcr andere Unternehmen, die eine nahtlose Verwaltung der Arbeitsprozesse im&hellip;<\/p>\n","protected":false},"author":2,"featured_media":7251,"parent":8926,"menu_order":0,"comment_status":"closed","ping_status":"closed","template":"page-single-solutions.php","meta":{"_acf_changed":false,"footnotes":""},"class_list":["post-9602","page","type-page","status-publish","has-post-thumbnail","hentry"],"acf":[],"yoast_head":"<!-- This site is optimized with the Yoast SEO plugin v27.5 - https:\/\/yoast.com\/product\/yoast-seo-wordpress\/ -->\n<title>L\u00f6sung f\u00fcr die Verwaltung von Feldarbeits&shy;prozessen - Aidon<\/title>\n<meta name=\"robots\" content=\"index, follow, max-snippet:-1, max-image-preview:large, max-video-preview:-1\" \/>\n<link rel=\"canonical\" href=\"https:\/\/aidon.com\/de\/losungen\/aidon-one\/\" \/>\n<meta property=\"og:locale\" content=\"de_DE\" \/>\n<meta property=\"og:type\" content=\"article\" \/>\n<meta property=\"og:title\" content=\"L\u00f6sung f\u00fcr die Verwaltung von Feldarbeits&shy;prozessen - Aidon\" \/>\n<meta property=\"og:description\" content=\"&nbsp; Aidon One ist eine effiziente und einfach zu bedienende SaaS-L\u00f6sung f\u00fcr das Management von Au\u00dfendiensteins\u00e4tzen, Stromnetzen, AMM-Messstellen und Konnektivit\u00e4t sowie f\u00fcr den Kundendienst. Aidon One wurde speziell f\u00fcr die Bed\u00fcrfnisse von Energieversorgungsunternehmen entwickelt und optimiert. Es eignet sich auch f\u00fcr andere Unternehmen, die eine nahtlose Verwaltung der Arbeitsprozesse im&hellip;\" \/>\n<meta property=\"og:url\" content=\"https:\/\/aidon.com\/de\/losungen\/aidon-one\/\" \/>\n<meta property=\"og:site_name\" content=\"Aidon\" \/>\n<meta property=\"article:modified_time\" content=\"2023-11-22T07:34:31+00:00\" \/>\n<meta property=\"og:image\" content=\"https:\/\/aidon.com\/wp-content\/uploads\/2022\/08\/aidonone-1.png\" \/>\n\t<meta property=\"og:image:width\" content=\"397\" \/>\n\t<meta property=\"og:image:height\" content=\"397\" \/>\n\t<meta property=\"og:image:type\" content=\"image\/png\" \/>\n<meta name=\"twitter:card\" content=\"summary_large_image\" \/>\n<meta name=\"twitter:label1\" content=\"Gesch\u00e4tzte Lesezeit\" \/>\n\t<meta name=\"twitter:data1\" content=\"2\u00a0Minuten\" \/>\n<script type=\"application\/ld+json\" class=\"yoast-schema-graph\">{\"@context\":\"https:\\\/\\\/schema.org\",\"@graph\":[{\"@type\":\"WebPage\",\"@id\":\"https:\\\/\\\/aidon.com\\\/de\\\/losungen\\\/aidon-one\\\/\",\"url\":\"https:\\\/\\\/aidon.com\\\/de\\\/losungen\\\/aidon-one\\\/\",\"name\":\"L\u00f6sung f\u00fcr die Verwaltung von Feldarbeits&shy;prozessen - Aidon\",\"isPartOf\":{\"@id\":\"https:\\\/\\\/aidon.com\\\/de\\\/#website\"},\"primaryImageOfPage\":{\"@id\":\"https:\\\/\\\/aidon.com\\\/de\\\/losungen\\\/aidon-one\\\/#primaryimage\"},\"image\":{\"@id\":\"https:\\\/\\\/aidon.com\\\/de\\\/losungen\\\/aidon-one\\\/#primaryimage\"},\"thumbnailUrl\":\"https:\\\/\\\/aidon.com\\\/wp-content\\\/uploads\\\/2022\\\/08\\\/aidonone-1.png\",\"datePublished\":\"2022-08-12T12:06:09+00:00\",\"dateModified\":\"2023-11-22T07:34:31+00:00\",\"breadcrumb\":{\"@id\":\"https:\\\/\\\/aidon.com\\\/de\\\/losungen\\\/aidon-one\\\/#breadcrumb\"},\"inLanguage\":\"de\",\"potentialAction\":[{\"@type\":\"ReadAction\",\"target\":[\"https:\\\/\\\/aidon.com\\\/de\\\/losungen\\\/aidon-one\\\/\"]}]},{\"@type\":\"ImageObject\",\"inLanguage\":\"de\",\"@id\":\"https:\\\/\\\/aidon.com\\\/de\\\/losungen\\\/aidon-one\\\/#primaryimage\",\"url\":\"https:\\\/\\\/aidon.com\\\/wp-content\\\/uploads\\\/2022\\\/08\\\/aidonone-1.png\",\"contentUrl\":\"https:\\\/\\\/aidon.com\\\/wp-content\\\/uploads\\\/2022\\\/08\\\/aidonone-1.png\",\"width\":397,\"height\":397},{\"@type\":\"BreadcrumbList\",\"@id\":\"https:\\\/\\\/aidon.com\\\/de\\\/losungen\\\/aidon-one\\\/#breadcrumb\",\"itemListElement\":[{\"@type\":\"ListItem\",\"position\":1,\"name\":\"L\u00f6sungen\",\"item\":\"https:\\\/\\\/aidon.com\\\/de\\\/losungen\\\/\"},{\"@type\":\"ListItem\",\"position\":2,\"name\":\"L\u00f6sung f\u00fcr die Verwaltung von Feldarbeits&shy;prozessen\"}]},{\"@type\":\"WebSite\",\"@id\":\"https:\\\/\\\/aidon.com\\\/de\\\/#website\",\"url\":\"https:\\\/\\\/aidon.com\\\/de\\\/\",\"name\":\"Aidon\",\"description\":\"\",\"potentialAction\":[{\"@type\":\"SearchAction\",\"target\":{\"@type\":\"EntryPoint\",\"urlTemplate\":\"https:\\\/\\\/aidon.com\\\/de\\\/?s={search_term_string}\"},\"query-input\":{\"@type\":\"PropertyValueSpecification\",\"valueRequired\":true,\"valueName\":\"search_term_string\"}}],\"inLanguage\":\"de\"}]}<\/script>\n<!-- \/ Yoast SEO plugin. -->","yoast_head_json":{"title":"L\u00f6sung f\u00fcr die Verwaltung von Feldarbeits&shy;prozessen - Aidon","robots":{"index":"index","follow":"follow","max-snippet":"max-snippet:-1","max-image-preview":"max-image-preview:large","max-video-preview":"max-video-preview:-1"},"canonical":"https:\/\/aidon.com\/de\/losungen\/aidon-one\/","og_locale":"de_DE","og_type":"article","og_title":"L\u00f6sung f\u00fcr die Verwaltung von Feldarbeits&shy;prozessen - Aidon","og_description":"&nbsp; Aidon One ist eine effiziente und einfach zu bedienende SaaS-L\u00f6sung f\u00fcr das Management von Au\u00dfendiensteins\u00e4tzen, Stromnetzen, AMM-Messstellen und Konnektivit\u00e4t sowie f\u00fcr den Kundendienst. Aidon One wurde speziell f\u00fcr die Bed\u00fcrfnisse von Energieversorgungsunternehmen entwickelt und optimiert. Es eignet sich auch f\u00fcr andere Unternehmen, die eine nahtlose Verwaltung der Arbeitsprozesse im&hellip;","og_url":"https:\/\/aidon.com\/de\/losungen\/aidon-one\/","og_site_name":"Aidon","article_modified_time":"2023-11-22T07:34:31+00:00","og_image":[{"width":397,"height":397,"url":"https:\/\/aidon.com\/wp-content\/uploads\/2022\/08\/aidonone-1.png","type":"image\/png"}],"twitter_card":"summary_large_image","twitter_misc":{"Gesch\u00e4tzte Lesezeit":"2\u00a0Minuten"},"schema":{"@context":"https:\/\/schema.org","@graph":[{"@type":"WebPage","@id":"https:\/\/aidon.com\/de\/losungen\/aidon-one\/","url":"https:\/\/aidon.com\/de\/losungen\/aidon-one\/","name":"L\u00f6sung f\u00fcr die Verwaltung von Feldarbeits&shy;prozessen - Aidon","isPartOf":{"@id":"https:\/\/aidon.com\/de\/#website"},"primaryImageOfPage":{"@id":"https:\/\/aidon.com\/de\/losungen\/aidon-one\/#primaryimage"},"image":{"@id":"https:\/\/aidon.com\/de\/losungen\/aidon-one\/#primaryimage"},"thumbnailUrl":"https:\/\/aidon.com\/wp-content\/uploads\/2022\/08\/aidonone-1.png","datePublished":"2022-08-12T12:06:09+00:00","dateModified":"2023-11-22T07:34:31+00:00","breadcrumb":{"@id":"https:\/\/aidon.com\/de\/losungen\/aidon-one\/#breadcrumb"},"inLanguage":"de","potentialAction":[{"@type":"ReadAction","target":["https:\/\/aidon.com\/de\/losungen\/aidon-one\/"]}]},{"@type":"ImageObject","inLanguage":"de","@id":"https:\/\/aidon.com\/de\/losungen\/aidon-one\/#primaryimage","url":"https:\/\/aidon.com\/wp-content\/uploads\/2022\/08\/aidonone-1.png","contentUrl":"https:\/\/aidon.com\/wp-content\/uploads\/2022\/08\/aidonone-1.png","width":397,"height":397},{"@type":"BreadcrumbList","@id":"https:\/\/aidon.com\/de\/losungen\/aidon-one\/#breadcrumb","itemListElement":[{"@type":"ListItem","position":1,"name":"L\u00f6sungen","item":"https:\/\/aidon.com\/de\/losungen\/"},{"@type":"ListItem","position":2,"name":"L\u00f6sung f\u00fcr die Verwaltung von Feldarbeits&shy;prozessen"}]},{"@type":"WebSite","@id":"https:\/\/aidon.com\/de\/#website","url":"https:\/\/aidon.com\/de\/","name":"Aidon","description":"","potentialAction":[{"@type":"SearchAction","target":{"@type":"EntryPoint","urlTemplate":"https:\/\/aidon.com\/de\/?s={search_term_string}"},"query-input":{"@type":"PropertyValueSpecification","valueRequired":true,"valueName":"search_term_string"}}],"inLanguage":"de"}]}},"_links":{"self":[{"href":"https:\/\/aidon.com\/de\/wp-json\/wp\/v2\/pages\/9602","targetHints":{"allow":["GET"]}}],"collection":[{"href":"https:\/\/aidon.com\/de\/wp-json\/wp\/v2\/pages"}],"about":[{"href":"https:\/\/aidon.com\/de\/wp-json\/wp\/v2\/types\/page"}],"author":[{"embeddable":true,"href":"https:\/\/aidon.com\/de\/wp-json\/wp\/v2\/users\/2"}],"replies":[{"embeddable":true,"href":"https:\/\/aidon.com\/de\/wp-json\/wp\/v2\/comments?post=9602"}],"version-history":[{"count":13,"href":"https:\/\/aidon.com\/de\/wp-json\/wp\/v2\/pages\/9602\/revisions"}],"predecessor-version":[{"id":12386,"href":"https:\/\/aidon.com\/de\/wp-json\/wp\/v2\/pages\/9602\/revisions\/12386"}],"up":[{"embeddable":true,"href":"https:\/\/aidon.com\/de\/wp-json\/wp\/v2\/pages\/8926"}],"wp:featuredmedia":[{"embeddable":true,"href":"https:\/\/aidon.com\/de\/wp-json\/wp\/v2\/media\/7251"}],"wp:attachment":[{"href":"https:\/\/aidon.com\/de\/wp-json\/wp\/v2\/media?parent=9602"}],"curies":[{"name":"wp","href":"https:\/\/api.w.org\/{rel}","templated":true}]}}