{"id":9599,"date":"2022-08-12T12:05:47","date_gmt":"2022-08-12T09:05:47","guid":{"rendered":"https:\/\/aidon.com\/?page_id=9599"},"modified":"2026-03-02T12:47:06","modified_gmt":"2026-03-02T10:47:06","slug":"trafo-konzept-fur-niederspannungs-management","status":"publish","type":"page","link":"https:\/\/aidon.com\/de\/losungen\/trafo-konzept-fur-niederspannungs-management\/","title":{"rendered":"TRAFO-Konzept f\u00fcr Niederspannungs-Management"},"content":{"rendered":"<p><img loading=\"lazy\" decoding=\"async\" class=\"alignnone wp-image-13345 size-full\" src=\"https:\/\/aidon.com\/wp-content\/uploads\/2024\/03\/Aidon_Trafo_Solution_2024_web_800.png\" alt=\"\" width=\"800\" height=\"355\" srcset=\"https:\/\/aidon.com\/wp-content\/uploads\/2024\/03\/Aidon_Trafo_Solution_2024_web_800.png 800w, https:\/\/aidon.com\/wp-content\/uploads\/2024\/03\/Aidon_Trafo_Solution_2024_web_800-300x133.png 300w, https:\/\/aidon.com\/wp-content\/uploads\/2024\/03\/Aidon_Trafo_Solution_2024_web_800-768x341.png 768w\" sizes=\"auto, (max-width: 800px) 100vw, 800px\" \/><\/p>\n<p><strong>Aidon bietet eine erschwingliche Alternative zur \u00dcberwachung von Trafostationen und dem Niederspannungsnetz. Die Aidon TRAFO-L\u00f6sung besteht aus einem intelligenten Lastprofilz\u00e4hler in Kombination mit einer phasengenauen Messwerterfassung (L1, L2, L3, N) aller Niederspannungsabg\u00e4nge sowie smarten IoT-Sensoren. <\/strong><\/p>\n<p>Die Aidon-L\u00f6sung kombiniert vielseitige Messfunktionen f\u00fcr das Niederspannungsnetz mit Echtzeit\u00fcberwachung und Alarmfunktionen und h\u00e4lt Sie dadurch jederzeit \u00fcber den Status und den Zustand Ihrer Trafostationen und des Netzes auf dem Laufenden. Die k\u00fcrzlich erlassene \u00a714a EnWG-Norm und zus\u00e4tzliche Anforderungen f\u00fcr die Bereitstellung von Netzstatusdaten werden so erf\u00fcllt und \u00fcbertroffen.<\/p>\n<h3>Vorteile der Aidon TRAFO-L\u00f6sung<\/h3>\n<p><strong>Kapazit\u00e4tsmanagement<\/strong><br \/>\n\u2022 Analytische Auswertungen auf Transformator- und Kabelabgangsebene<br \/>\n\u2022 Daten f\u00fcr Netzplanung, Betrieb und Instandhaltung<\/p>\n<p><strong>\u00dcberlastmanagement<\/strong><br \/>\n\u2022 Echtzeit\u00fcberwachung der Aus- und \u00dcberlastung auf Transformator- und Abgangsebene<br \/>\n\u2022 Alle Abg\u00e4nge werden phasenscharf (L1, L2, L3, N) und in Echtzeit \u00fcberwacht<\/p>\n<p><strong>Management der Versorgungsqualit\u00e4t<\/strong><br \/>\n\u2022 Unterst\u00fctzt die Priorisierung von Instandhaltungsaufgaben im Niederspannungsnetz<br \/>\n\u2022 Fehler- und Ursachenanalyse f\u00fcr das Niederspannungsnetz<\/p>\n<p><strong>Asset Management<\/strong><br \/>\n\u2022 \u00dcberwachung und Absicherung der Transformatorstationen gegen\u00fcber Fremdeinfl\u00fcssen<br \/>\n\u2022 Verl\u00e4ngerung der Betriebszeiten von Trafostationen durch pr\u00e4ventive Wartung und Instandhaltung<\/p>\n<p>&nbsp;<\/p>\n<p>Siehe auch: <a href=\"https:\/\/aidon.com\/de\/losungen\/intelligente-messgeraete\/#fmd\" rel=\"noopener\"><strong>Aidon Kabelabgangsmessger\u00e4t (FMD)<\/strong><\/a><\/p>\n<p>Sehen Sie sich auch dieses Video an:\u00a0<a href=\"https:\/\/aidon.com\/de\/die-aidon-trafo-losung-eine-neue-transparenz-fur-das-niederspannungsnetz\/\"><strong>Die Aidon TRAFO-l\u00f6sung \u2013 Eine neue Transparenz f\u00fcr das Niederspannungsnetz<\/strong><\/a><\/p>\n<p>&nbsp;<\/p>\n<h3><a href=\"https:\/\/aidon.com\/wp-content\/uploads\/2025\/02\/Aidon_2_pager_Trafo_FMD_solution_DE_2025_web.pdf\" target=\"_blank\" rel=\"noopener\"><img loading=\"lazy\" decoding=\"async\" class=\"alignright wp-image-16284\" src=\"https:\/\/aidon.com\/wp-content\/uploads\/2025\/02\/Aidon_2_pager_Trafo_FMD_solution_DE_2025_web_tn-212x300.jpg\" alt=\"\" width=\"150\" height=\"213\" srcset=\"https:\/\/aidon.com\/wp-content\/uploads\/2025\/02\/Aidon_2_pager_Trafo_FMD_solution_DE_2025_web_tn-212x300.jpg 212w, https:\/\/aidon.com\/wp-content\/uploads\/2025\/02\/Aidon_2_pager_Trafo_FMD_solution_DE_2025_web_tn.jpg 608w\" sizes=\"auto, (max-width: 150px) 100vw, 150px\" \/><\/a>Erfahren Sie mehr<\/h3>\n<p><strong>F\u00fcr weitere Informationen, laden Sie bitte das Datenblatt herunter:<\/strong><\/p>\n<p><a href=\"https:\/\/aidon.com\/wp-content\/uploads\/2025\/02\/Aidon_2_pager_Trafo_FMD_solution_DE_2025_web.pdf\" target=\"_blank\" rel=\"noopener\"><strong>Aidon TRAFO-L\u00f6sung: Digitale Ortsnetzstation der Zukunft &#8211; \u00a714a EnWG und mehr<\/strong><\/a><\/p>\n<p>&nbsp;<\/p>\n<p><img loading=\"lazy\" decoding=\"async\" class=\"alignnone wp-image-9675\" src=\"https:\/\/aidon.com\/wp-content\/uploads\/2023\/04\/Aidon_solutions_legend_DE.png\" alt=\"\" width=\"400\" height=\"112\" srcset=\"https:\/\/aidon.com\/wp-content\/uploads\/2023\/04\/Aidon_solutions_legend_DE.png 500w, https:\/\/aidon.com\/wp-content\/uploads\/2023\/04\/Aidon_solutions_legend_DE-300x84.png 300w\" sizes=\"auto, (max-width: 400px) 100vw, 400px\" \/><\/p>\n<!-- imagelinks begin -->\n<div id=\"imgl-7-9extl\" class=\"imgl-map imgl-map-7 \"data-json-src=\"https:\/\/aidon.com\/wp-content\/uploads\/imagelinks\/7\/config.json?ver=1708680116\" data-item-id=\"7\" style=\"display:none;\" >\n<div class=\"imgl-store\">\n<div class=\"imgl-pin imgl-pin-1\" data-id=\"1\">\n<div class=\"imgl-pin-pulse\"><\/div>\n<div class=\"imgl-pin-data\">\n<\/div>\n<\/div>\n<div class=\"imgl-pin imgl-pin-2\" data-id=\"2\">\n<div class=\"imgl-pin-pulse\"><\/div>\n<div class=\"imgl-pin-data\">\n<\/div>\n<\/div>\n<div class=\"imgl-pin imgl-pin-3\" data-id=\"3\">\n<div class=\"imgl-pin-pulse\"><\/div>\n<div class=\"imgl-pin-data\">\n<\/div>\n<\/div>\n<div class=\"imgl-pin imgl-pin-4\" data-id=\"4\">\n<div class=\"imgl-pin-pulse\"><\/div>\n<div class=\"imgl-pin-data\">\n<\/div>\n<\/div>\n<div class=\"imgl-pin imgl-pin-5\" data-id=\"5\">\n<div class=\"imgl-pin-pulse\"><\/div>\n<div class=\"imgl-pin-data\">\n<\/div>\n<\/div>\n<div class=\"imgl-pin imgl-pin-6\" data-id=\"6\">\n<div class=\"imgl-pin-pulse\"><\/div>\n<div class=\"imgl-pin-data\">\n<\/div>\n<\/div>\n<div class=\"imgl-pin imgl-pin-7\" data-id=\"7\">\n<div class=\"imgl-pin-pulse\"><\/div>\n<div class=\"imgl-pin-data\">\n<\/div>\n<\/div>\n<div class=\"imgl-pin imgl-pin-8\" data-id=\"8\">\n<div class=\"imgl-pin-pulse\"><\/div>\n<div class=\"imgl-pin-data\">\n<\/div>\n<\/div>\n<div class=\"imgl-pin imgl-pin-9\" data-id=\"9\">\n<div class=\"imgl-pin-pulse\"><\/div>\n<div class=\"imgl-pin-data\">\n<\/div>\n<\/div>\n<div class=\"imgl-pin imgl-pin-10\" data-id=\"10\">\n<div class=\"imgl-pin-pulse\"><\/div>\n<div class=\"imgl-pin-data\">\n<\/div>\n<\/div>\n<div class=\"imgl-pin imgl-pin-11\" data-id=\"11\">\n<div class=\"imgl-pin-pulse\"><\/div>\n<div class=\"imgl-pin-data\">\n<\/div>\n<\/div>\n<div class=\"imgl-pin imgl-pin-12\" data-id=\"12\">\n<div class=\"imgl-pin-pulse\"><\/div>\n<div class=\"imgl-pin-data\">\n<\/div>\n<\/div>\n<div class=\"imgl-pin imgl-pin-13\" data-id=\"13\">\n<div class=\"imgl-pin-pulse\"><\/div>\n<div class=\"imgl-pin-data\">\n<\/div>\n<\/div>\n<div class=\"imgl-pin imgl-pin-14\" data-id=\"14\">\n<div class=\"imgl-pin-pulse\"><\/div>\n<div class=\"imgl-pin-data\">\n<\/div>\n<\/div>\n<div class=\"imgl-pin imgl-pin-15\" data-id=\"15\">\n<div class=\"imgl-pin-pulse\"><\/div>\n<div class=\"imgl-pin-data\">\n<\/div>\n<\/div>\n<div class=\"imgl-pin imgl-pin-16\" data-id=\"16\">\n<div class=\"imgl-pin-pulse\"><\/div>\n<div class=\"imgl-pin-data\">\n<\/div>\n<\/div>\n<div class=\"imgl-pin imgl-pin-17\" data-id=\"17\">\n<div class=\"imgl-pin-pulse\"><\/div>\n<div class=\"imgl-pin-data\">\n<\/div>\n<\/div>\n<div class=\"imgl-pin imgl-pin-18\" data-id=\"18\">\n<div class=\"imgl-pin-pulse\"><\/div>\n<div class=\"imgl-pin-data\">\n<\/div>\n<\/div>\n<div class=\"imgl-pin imgl-pin-19\" data-id=\"19\">\n<div class=\"imgl-pin-pulse\"><\/div>\n<div class=\"imgl-pin-data\">\n<\/div>\n<\/div>\n<div class=\"imgl-tt imgl-tt-1\" data-id=\"1\" >\n<p class=\"boksi-teksti-wrapper\"><span class=\"boksi-teksti\">Echtzeitwerte aus Trafo-Stationen zur Unterst\u00fctzung des Tagesgesch\u00e4fts<\/span><\/p><\/div>\n<div class=\"imgl-tt imgl-tt-2\" data-id=\"2\" >\n<p class=\"boksi-teksti-wrapper\"><span class=\"boksi-teksti\">Hochgeschwindigskeitsmessungen in Echtzeit als 4-Quadranten-Messungen (phasenscharfe Summenmessung) <br \/><\/span><\/p><\/div>\n<div class=\"imgl-tt imgl-tt-3\" data-id=\"3\" >\n<p class=\"boksi-teksti-wrapper\"><span class=\"boksi-teksti\">Strommessung f\u00fcr jede einzelne Phase und Neutralleiter<\/span><\/p><\/div>\n<div class=\"imgl-tt imgl-tt-4\" data-id=\"4\" >\n<p class=\"boksi-teksti-wrapper\"><span class=\"boksi-teksti\">Modulare Messeinheit zur Aufnahme der Stromwandler f\u00fcr bis zu 18 Abgangskabel<\/span><\/p><\/div>\n<div class=\"imgl-tt imgl-tt-5\" data-id=\"5\" >\n<p class=\"boksi-teksti-wrapper\"><span class=\"boksi-teksti\">Kurzschlussanzeiger<\/span><\/p><\/div>\n<div class=\"imgl-tt imgl-tt-6\" data-id=\"6\" >\n<p class=\"boksi-teksti-wrapper\"><span class=\"boksi-teksti\">Z\u00e4hlerbasierte Summenmessung<\/span><\/p><\/div>\n<div class=\"imgl-tt imgl-tt-7\" data-id=\"7\" >\n<p class=\"boksi-teksti-wrapper\"><span class=\"boksi-teksti\">\u00dcberwachung Niederspannungsnetz<\/span><\/p><\/div>\n<div class=\"imgl-tt imgl-tt-8\" data-id=\"8\" >\n<p class=\"boksi-teksti-wrapper\"><span class=\"boksi-teksti\">Anschluss an das CT-meter Gateway \u00fcber RS-485<\/span><\/p><\/div>\n<div class=\"imgl-tt imgl-tt-9\" data-id=\"9\" >\n<p class=\"boksi-teksti-wrapper\"><span class=\"boksi-teksti\">Sensor\u00fcberwachung - Temperatur<\/span><\/p><\/div>\n<div class=\"imgl-tt imgl-tt-10\" data-id=\"10\" >\n<p class=\"boksi-teksti-wrapper\"><span class=\"boksi-teksti\">4-Quadranten Lastprofilz\u00e4hler (CT-Meter)<\/span><\/p><\/div>\n<div class=\"imgl-tt imgl-tt-11\" data-id=\"11\" >\n<p class=\"boksi-teksti-wrapper\"><span class=\"boksi-teksti\">Power Quality Messungen, Alarme, Statistiken \u00fcber z.B. Spannung, Strom, Klirrfaktor<\/span><\/p><\/div>\n<div class=\"imgl-tt imgl-tt-12\" data-id=\"12\" >\n<p class=\"boksi-teksti-wrapper\"><span class=\"boksi-teksti\">2G\/ 4G Gateway zur sicheren Anbindung an das Head-End-System<\/span><\/p><\/div>\n<div class=\"imgl-tt imgl-tt-13\" data-id=\"13\" >\n<p class=\"boksi-teksti-wrapper\"><span class=\"boksi-teksti\">Multi-IO-Adapter mit Sensoranschl\u00fcssen zur\u00a0 \u00dcberwachung von Trafo-Stationen<\/span><\/p><\/div>\n<div class=\"imgl-tt imgl-tt-14\" data-id=\"14\" >\n<p class=\"boksi-teksti-wrapper\"><span class=\"boksi-teksti\">8 digitale Eing\u00e4nge und Eingang f\u00fcr einen PT-100 Temperatursensor<\/span><\/p><\/div>\n<div class=\"imgl-tt imgl-tt-15\" data-id=\"15\" >\n<p class=\"boksi-teksti-wrapper\"><span class=\"boksi-teksti\">Sensor\u00fcberwachung \u2013 Wasser<\/span><\/p><\/div>\n<div class=\"imgl-tt imgl-tt-16\" data-id=\"16\" >\n<p class=\"boksi-teksti-wrapper\"><span class=\"boksi-teksti\">Netzauslastungsplanung, Netzoptimierung<\/span><\/p><\/div>\n<div class=\"imgl-tt imgl-tt-17\" data-id=\"17\" >\n<p class=\"boksi-teksti-wrapper\"><span class=\"boksi-teksti\">\u00dcberwachung der Transformator\u00fcberlast<\/span><\/p><\/div>\n<div class=\"imgl-tt imgl-tt-18\" data-id=\"18\" >\n<p class=\"boksi-teksti-wrapper\"><span class=\"boksi-teksti\">\u00dcberwachung des Transformatorzustandes<\/span><\/p><\/div>\n<div class=\"imgl-tt imgl-tt-19\" data-id=\"19\" >\n<p class=\"boksi-teksti-wrapper\"><span class=\"boksi-teksti\">Sensor\u00fcberwachung \u2013 T\u00fcrkontakte<\/span><\/p><\/div>\n<\/div>\n<\/div>\n<!-- imagelinks end -->\n\n<p>&nbsp;<\/p>\n<p style=\"text-align: center;\">\n","protected":false},"excerpt":{"rendered":"<p>Aidon bietet eine erschwingliche Alternative zur \u00dcberwachung von Trafostationen und dem Niederspannungsnetz. Die Aidon TRAFO-L\u00f6sung besteht aus einem intelligenten Lastprofilz\u00e4hler in Kombination mit einer phasengenauen Messwerterfassung (L1, L2, L3, N) aller Niederspannungsabg\u00e4nge sowie smarten IoT-Sensoren. Die Aidon-L\u00f6sung kombiniert vielseitige Messfunktionen f\u00fcr das Niederspannungsnetz mit Echtzeit\u00fcberwachung und Alarmfunktionen und h\u00e4lt Sie&hellip;<\/p>\n","protected":false},"author":2,"featured_media":7510,"parent":8926,"menu_order":5,"comment_status":"closed","ping_status":"closed","template":"page-single-solutions.php","meta":{"_acf_changed":false,"footnotes":""},"class_list":["post-9599","page","type-page","status-publish","has-post-thumbnail","hentry"],"acf":[],"yoast_head":"<!-- This site is optimized with the Yoast SEO plugin v27.0 - https:\/\/yoast.com\/product\/yoast-seo-wordpress\/ -->\n<title>TRAFO-Konzept f\u00fcr Niederspannungs-Management - Aidon<\/title>\n<meta name=\"robots\" content=\"index, follow, max-snippet:-1, max-image-preview:large, max-video-preview:-1\" \/>\n<link rel=\"canonical\" href=\"https:\/\/aidon.com\/de\/losungen\/trafo-konzept-fur-niederspannungs-management\/\" \/>\n<meta property=\"og:locale\" content=\"de_DE\" \/>\n<meta property=\"og:type\" content=\"article\" \/>\n<meta property=\"og:title\" content=\"TRAFO-Konzept f\u00fcr Niederspannungs-Management - Aidon\" \/>\n<meta property=\"og:description\" content=\"Aidon bietet eine erschwingliche Alternative zur \u00dcberwachung von Trafostationen und dem Niederspannungsnetz. Die Aidon TRAFO-L\u00f6sung besteht aus einem intelligenten Lastprofilz\u00e4hler in Kombination mit einer phasengenauen Messwerterfassung (L1, L2, L3, N) aller Niederspannungsabg\u00e4nge sowie smarten IoT-Sensoren. Die Aidon-L\u00f6sung kombiniert vielseitige Messfunktionen f\u00fcr das Niederspannungsnetz mit Echtzeit\u00fcberwachung und Alarmfunktionen und h\u00e4lt Sie&hellip;\" \/>\n<meta property=\"og:url\" content=\"https:\/\/aidon.com\/de\/losungen\/trafo-konzept-fur-niederspannungs-management\/\" \/>\n<meta property=\"og:site_name\" content=\"Aidon\" \/>\n<meta property=\"article:modified_time\" content=\"2026-03-02T10:47:06+00:00\" \/>\n<meta property=\"og:image\" content=\"https:\/\/aidon.com\/wp-content\/uploads\/2022\/09\/smartgrid.png\" \/>\n\t<meta property=\"og:image:width\" content=\"528\" \/>\n\t<meta property=\"og:image:height\" content=\"528\" \/>\n\t<meta property=\"og:image:type\" content=\"image\/png\" \/>\n<meta name=\"twitter:card\" content=\"summary_large_image\" \/>\n<meta name=\"twitter:label1\" content=\"Gesch\u00e4tzte Lesezeit\" \/>\n\t<meta name=\"twitter:data1\" content=\"2\u00a0Minuten\" \/>\n<script type=\"application\/ld+json\" class=\"yoast-schema-graph\">{\"@context\":\"https:\/\/schema.org\",\"@graph\":[{\"@type\":\"WebPage\",\"@id\":\"https:\/\/aidon.com\/de\/losungen\/trafo-konzept-fur-niederspannungs-management\/\",\"url\":\"https:\/\/aidon.com\/de\/losungen\/trafo-konzept-fur-niederspannungs-management\/\",\"name\":\"TRAFO-Konzept f\u00fcr Niederspannungs-Management - Aidon\",\"isPartOf\":{\"@id\":\"https:\/\/aidon.com\/de\/#website\"},\"primaryImageOfPage\":{\"@id\":\"https:\/\/aidon.com\/de\/losungen\/trafo-konzept-fur-niederspannungs-management\/#primaryimage\"},\"image\":{\"@id\":\"https:\/\/aidon.com\/de\/losungen\/trafo-konzept-fur-niederspannungs-management\/#primaryimage\"},\"thumbnailUrl\":\"https:\/\/aidon.com\/wp-content\/uploads\/2022\/09\/smartgrid.png\",\"datePublished\":\"2022-08-12T09:05:47+00:00\",\"dateModified\":\"2026-03-02T10:47:06+00:00\",\"breadcrumb\":{\"@id\":\"https:\/\/aidon.com\/de\/losungen\/trafo-konzept-fur-niederspannungs-management\/#breadcrumb\"},\"inLanguage\":\"de\",\"potentialAction\":[{\"@type\":\"ReadAction\",\"target\":[\"https:\/\/aidon.com\/de\/losungen\/trafo-konzept-fur-niederspannungs-management\/\"]}]},{\"@type\":\"ImageObject\",\"inLanguage\":\"de\",\"@id\":\"https:\/\/aidon.com\/de\/losungen\/trafo-konzept-fur-niederspannungs-management\/#primaryimage\",\"url\":\"https:\/\/aidon.com\/wp-content\/uploads\/2022\/09\/smartgrid.png\",\"contentUrl\":\"https:\/\/aidon.com\/wp-content\/uploads\/2022\/09\/smartgrid.png\",\"width\":528,\"height\":528},{\"@type\":\"BreadcrumbList\",\"@id\":\"https:\/\/aidon.com\/de\/losungen\/trafo-konzept-fur-niederspannungs-management\/#breadcrumb\",\"itemListElement\":[{\"@type\":\"ListItem\",\"position\":1,\"name\":\"L\u00f6sungen\",\"item\":\"https:\/\/aidon.com\/de\/losungen\/\"},{\"@type\":\"ListItem\",\"position\":2,\"name\":\"TRAFO-Konzept f\u00fcr Niederspannungs-Management\"}]},{\"@type\":\"WebSite\",\"@id\":\"https:\/\/aidon.com\/de\/#website\",\"url\":\"https:\/\/aidon.com\/de\/\",\"name\":\"Aidon\",\"description\":\"\",\"potentialAction\":[{\"@type\":\"SearchAction\",\"target\":{\"@type\":\"EntryPoint\",\"urlTemplate\":\"https:\/\/aidon.com\/de\/?s={search_term_string}\"},\"query-input\":{\"@type\":\"PropertyValueSpecification\",\"valueRequired\":true,\"valueName\":\"search_term_string\"}}],\"inLanguage\":\"de\"}]}<\/script>\n<!-- \/ Yoast SEO plugin. -->","yoast_head_json":{"title":"TRAFO-Konzept f\u00fcr Niederspannungs-Management - Aidon","robots":{"index":"index","follow":"follow","max-snippet":"max-snippet:-1","max-image-preview":"max-image-preview:large","max-video-preview":"max-video-preview:-1"},"canonical":"https:\/\/aidon.com\/de\/losungen\/trafo-konzept-fur-niederspannungs-management\/","og_locale":"de_DE","og_type":"article","og_title":"TRAFO-Konzept f\u00fcr Niederspannungs-Management - Aidon","og_description":"Aidon bietet eine erschwingliche Alternative zur \u00dcberwachung von Trafostationen und dem Niederspannungsnetz. Die Aidon TRAFO-L\u00f6sung besteht aus einem intelligenten Lastprofilz\u00e4hler in Kombination mit einer phasengenauen Messwerterfassung (L1, L2, L3, N) aller Niederspannungsabg\u00e4nge sowie smarten IoT-Sensoren. Die Aidon-L\u00f6sung kombiniert vielseitige Messfunktionen f\u00fcr das Niederspannungsnetz mit Echtzeit\u00fcberwachung und Alarmfunktionen und h\u00e4lt Sie&hellip;","og_url":"https:\/\/aidon.com\/de\/losungen\/trafo-konzept-fur-niederspannungs-management\/","og_site_name":"Aidon","article_modified_time":"2026-03-02T10:47:06+00:00","og_image":[{"width":528,"height":528,"url":"https:\/\/aidon.com\/wp-content\/uploads\/2022\/09\/smartgrid.png","type":"image\/png"}],"twitter_card":"summary_large_image","twitter_misc":{"Gesch\u00e4tzte Lesezeit":"2\u00a0Minuten"},"schema":{"@context":"https:\/\/schema.org","@graph":[{"@type":"WebPage","@id":"https:\/\/aidon.com\/de\/losungen\/trafo-konzept-fur-niederspannungs-management\/","url":"https:\/\/aidon.com\/de\/losungen\/trafo-konzept-fur-niederspannungs-management\/","name":"TRAFO-Konzept f\u00fcr Niederspannungs-Management - Aidon","isPartOf":{"@id":"https:\/\/aidon.com\/de\/#website"},"primaryImageOfPage":{"@id":"https:\/\/aidon.com\/de\/losungen\/trafo-konzept-fur-niederspannungs-management\/#primaryimage"},"image":{"@id":"https:\/\/aidon.com\/de\/losungen\/trafo-konzept-fur-niederspannungs-management\/#primaryimage"},"thumbnailUrl":"https:\/\/aidon.com\/wp-content\/uploads\/2022\/09\/smartgrid.png","datePublished":"2022-08-12T09:05:47+00:00","dateModified":"2026-03-02T10:47:06+00:00","breadcrumb":{"@id":"https:\/\/aidon.com\/de\/losungen\/trafo-konzept-fur-niederspannungs-management\/#breadcrumb"},"inLanguage":"de","potentialAction":[{"@type":"ReadAction","target":["https:\/\/aidon.com\/de\/losungen\/trafo-konzept-fur-niederspannungs-management\/"]}]},{"@type":"ImageObject","inLanguage":"de","@id":"https:\/\/aidon.com\/de\/losungen\/trafo-konzept-fur-niederspannungs-management\/#primaryimage","url":"https:\/\/aidon.com\/wp-content\/uploads\/2022\/09\/smartgrid.png","contentUrl":"https:\/\/aidon.com\/wp-content\/uploads\/2022\/09\/smartgrid.png","width":528,"height":528},{"@type":"BreadcrumbList","@id":"https:\/\/aidon.com\/de\/losungen\/trafo-konzept-fur-niederspannungs-management\/#breadcrumb","itemListElement":[{"@type":"ListItem","position":1,"name":"L\u00f6sungen","item":"https:\/\/aidon.com\/de\/losungen\/"},{"@type":"ListItem","position":2,"name":"TRAFO-Konzept f\u00fcr Niederspannungs-Management"}]},{"@type":"WebSite","@id":"https:\/\/aidon.com\/de\/#website","url":"https:\/\/aidon.com\/de\/","name":"Aidon","description":"","potentialAction":[{"@type":"SearchAction","target":{"@type":"EntryPoint","urlTemplate":"https:\/\/aidon.com\/de\/?s={search_term_string}"},"query-input":{"@type":"PropertyValueSpecification","valueRequired":true,"valueName":"search_term_string"}}],"inLanguage":"de"}]}},"_links":{"self":[{"href":"https:\/\/aidon.com\/de\/wp-json\/wp\/v2\/pages\/9599","targetHints":{"allow":["GET"]}}],"collection":[{"href":"https:\/\/aidon.com\/de\/wp-json\/wp\/v2\/pages"}],"about":[{"href":"https:\/\/aidon.com\/de\/wp-json\/wp\/v2\/types\/page"}],"author":[{"embeddable":true,"href":"https:\/\/aidon.com\/de\/wp-json\/wp\/v2\/users\/2"}],"replies":[{"embeddable":true,"href":"https:\/\/aidon.com\/de\/wp-json\/wp\/v2\/comments?post=9599"}],"version-history":[{"count":85,"href":"https:\/\/aidon.com\/de\/wp-json\/wp\/v2\/pages\/9599\/revisions"}],"predecessor-version":[{"id":18522,"href":"https:\/\/aidon.com\/de\/wp-json\/wp\/v2\/pages\/9599\/revisions\/18522"}],"up":[{"embeddable":true,"href":"https:\/\/aidon.com\/de\/wp-json\/wp\/v2\/pages\/8926"}],"wp:featuredmedia":[{"embeddable":true,"href":"https:\/\/aidon.com\/de\/wp-json\/wp\/v2\/media\/7510"}],"wp:attachment":[{"href":"https:\/\/aidon.com\/de\/wp-json\/wp\/v2\/media?parent=9599"}],"curies":[{"name":"wp","href":"https:\/\/api.w.org\/{rel}","templated":true}]}}