{"id":9597,"date":"2022-08-12T12:05:16","date_gmt":"2022-08-12T12:05:16","guid":{"rendered":"https:\/\/aidon.com\/?page_id=9597"},"modified":"2023-04-06T12:46:20","modified_gmt":"2023-04-06T12:46:20","slug":"fachliche-dienstleistungen","status":"publish","type":"page","link":"https:\/\/aidon.com\/de\/losungen\/fachliche-dienstleistungen\/","title":{"rendered":"Fachliche Dienstleistungen"},"content":{"rendered":"<p><img loading=\"lazy\" decoding=\"async\" class=\"alignnone wp-image-6431 size-full\" src=\"https:\/\/aidon.com\/wp-content\/uploads\/2023\/02\/Aidon_Expert_services_web_900.png\" alt=\"\" width=\"900\" height=\"249\" srcset=\"https:\/\/aidon.com\/wp-content\/uploads\/2023\/02\/Aidon_Expert_services_web_900.png 900w, https:\/\/aidon.com\/wp-content\/uploads\/2023\/02\/Aidon_Expert_services_web_900-300x83.png 300w, https:\/\/aidon.com\/wp-content\/uploads\/2023\/02\/Aidon_Expert_services_web_900-768x212.png 768w\" sizes=\"auto, (max-width: 900px) 100vw, 900px\" \/><\/p>\n<p><strong>Unser kompetenter Service unterst\u00fctzt unsere Kunden bei der Nutzung und Wartung unserer Produkte sowie bei der L\u00f6sung von Problemen w\u00e4hrend der gesamten Lebensdauer.<\/strong><\/p>\n<h4>Service Desk \u2013 f\u00fcr den t\u00e4glichen Bedarf<\/h4>\n<p>Der Service Desk hilft unseren Kunden bei t\u00e4glichen Fragen und L\u00f6sungen von Problemen. Mit fundierten Kenntnissen \u00fcber die Produkte und L\u00f6sungen von Aidon sowie \u00fcber die verschiedenen Systemumgebungen der Kunden bietet der Service Desk professionelle und effiziente Unterst\u00fctzung entsprechend der Kundendienstvereinbarung.<\/p>\n<h4>Schulungen \u2013 damit Sie auf dem Laufenden bleiben<\/h4>\n<p>Unsere Schulungen vermitteln den Kunden das Know-how, das sie f\u00fcr die Nutzung und Wartung ihrer Aidon-L\u00f6sungen ben\u00f6tigen. Das Schulungsangebot umfasst system- und ger\u00e4teorientierte Schulungen, die allen Kunden offenstehen, sowie ma\u00dfgeschneiderte Schulungen f\u00fcr Kunden, die einen entsprechenden Bedarf haben.<\/p>\n<h4>Projektleitung &amp; -beratung \u2013 flexible L\u00f6sung<\/h4>\n<p>Unsere erfahrenen Fachleute bringen ihr Fachwissen auf eine gemeinsam vereinbarte Art und Weise und in einem gemeinsam vereinbarten Umfang bei unseren Kunden ein. Die Dienstleistungen stehen f\u00fcr gro\u00dfe Systemeinf\u00fchrungsprojekte, kleinere Upgrade- oder Integrationsprojekte sowie f\u00fcr Aufgaben, die spezielles Fachwissen erfordern, zur Verf\u00fcgung.<\/p>\n","protected":false},"excerpt":{"rendered":"<p>Unser kompetenter Service unterst\u00fctzt unsere Kunden bei der Nutzung und Wartung unserer Produkte sowie bei der L\u00f6sung von Problemen w\u00e4hrend der gesamten Lebensdauer. Service Desk \u2013 f\u00fcr den t\u00e4glichen Bedarf Der Service Desk hilft unseren Kunden bei t\u00e4glichen Fragen und L\u00f6sungen von Problemen. Mit fundierten Kenntnissen \u00fcber die Produkte und&hellip;<\/p>\n","protected":false},"author":2,"featured_media":7245,"parent":8926,"menu_order":0,"comment_status":"closed","ping_status":"closed","template":"page-single-solutions.php","meta":{"_acf_changed":false,"footnotes":""},"class_list":["post-9597","page","type-page","status-publish","has-post-thumbnail","hentry"],"acf":[],"yoast_head":"<!-- This site is optimized with the Yoast SEO plugin v27.0 - https:\/\/yoast.com\/product\/yoast-seo-wordpress\/ -->\n<title>Fachliche Dienstleistungen - Aidon<\/title>\n<meta name=\"robots\" content=\"index, follow, max-snippet:-1, max-image-preview:large, max-video-preview:-1\" \/>\n<link rel=\"canonical\" href=\"https:\/\/aidon.com\/de\/losungen\/fachliche-dienstleistungen\/\" \/>\n<meta property=\"og:locale\" content=\"de_DE\" \/>\n<meta property=\"og:type\" content=\"article\" \/>\n<meta property=\"og:title\" content=\"Fachliche Dienstleistungen - Aidon\" \/>\n<meta property=\"og:description\" content=\"Unser kompetenter Service unterst\u00fctzt unsere Kunden bei der Nutzung und Wartung unserer Produkte sowie bei der L\u00f6sung von Problemen w\u00e4hrend der gesamten Lebensdauer. Service Desk \u2013 f\u00fcr den t\u00e4glichen Bedarf Der Service Desk hilft unseren Kunden bei t\u00e4glichen Fragen und L\u00f6sungen von Problemen. Mit fundierten Kenntnissen \u00fcber die Produkte und&hellip;\" \/>\n<meta property=\"og:url\" content=\"https:\/\/aidon.com\/de\/losungen\/fachliche-dienstleistungen\/\" \/>\n<meta property=\"og:site_name\" content=\"Aidon\" \/>\n<meta property=\"article:modified_time\" content=\"2023-04-06T12:46:20+00:00\" \/>\n<meta property=\"og:image\" content=\"https:\/\/aidon.com\/wp-content\/uploads\/2022\/08\/expert.png\" \/>\n\t<meta property=\"og:image:width\" content=\"397\" \/>\n\t<meta property=\"og:image:height\" content=\"397\" \/>\n\t<meta property=\"og:image:type\" content=\"image\/png\" \/>\n<meta name=\"twitter:card\" content=\"summary_large_image\" \/>\n<meta name=\"twitter:label1\" content=\"Gesch\u00e4tzte Lesezeit\" \/>\n\t<meta name=\"twitter:data1\" content=\"1\u00a0Minute\" \/>\n<script type=\"application\/ld+json\" class=\"yoast-schema-graph\">{\"@context\":\"https:\/\/schema.org\",\"@graph\":[{\"@type\":\"WebPage\",\"@id\":\"https:\/\/aidon.com\/de\/losungen\/fachliche-dienstleistungen\/\",\"url\":\"https:\/\/aidon.com\/de\/losungen\/fachliche-dienstleistungen\/\",\"name\":\"Fachliche Dienstleistungen - Aidon\",\"isPartOf\":{\"@id\":\"https:\/\/aidon.com\/de\/#website\"},\"primaryImageOfPage\":{\"@id\":\"https:\/\/aidon.com\/de\/losungen\/fachliche-dienstleistungen\/#primaryimage\"},\"image\":{\"@id\":\"https:\/\/aidon.com\/de\/losungen\/fachliche-dienstleistungen\/#primaryimage\"},\"thumbnailUrl\":\"https:\/\/aidon.com\/wp-content\/uploads\/2022\/08\/expert.png\",\"datePublished\":\"2022-08-12T12:05:16+00:00\",\"dateModified\":\"2023-04-06T12:46:20+00:00\",\"breadcrumb\":{\"@id\":\"https:\/\/aidon.com\/de\/losungen\/fachliche-dienstleistungen\/#breadcrumb\"},\"inLanguage\":\"de\",\"potentialAction\":[{\"@type\":\"ReadAction\",\"target\":[\"https:\/\/aidon.com\/de\/losungen\/fachliche-dienstleistungen\/\"]}]},{\"@type\":\"ImageObject\",\"inLanguage\":\"de\",\"@id\":\"https:\/\/aidon.com\/de\/losungen\/fachliche-dienstleistungen\/#primaryimage\",\"url\":\"https:\/\/aidon.com\/wp-content\/uploads\/2022\/08\/expert.png\",\"contentUrl\":\"https:\/\/aidon.com\/wp-content\/uploads\/2022\/08\/expert.png\",\"width\":397,\"height\":397},{\"@type\":\"BreadcrumbList\",\"@id\":\"https:\/\/aidon.com\/de\/losungen\/fachliche-dienstleistungen\/#breadcrumb\",\"itemListElement\":[{\"@type\":\"ListItem\",\"position\":1,\"name\":\"L\u00f6sungen\",\"item\":\"https:\/\/aidon.com\/de\/losungen\/\"},{\"@type\":\"ListItem\",\"position\":2,\"name\":\"Fachliche Dienstleistungen\"}]},{\"@type\":\"WebSite\",\"@id\":\"https:\/\/aidon.com\/de\/#website\",\"url\":\"https:\/\/aidon.com\/de\/\",\"name\":\"Aidon\",\"description\":\"\",\"potentialAction\":[{\"@type\":\"SearchAction\",\"target\":{\"@type\":\"EntryPoint\",\"urlTemplate\":\"https:\/\/aidon.com\/de\/?s={search_term_string}\"},\"query-input\":{\"@type\":\"PropertyValueSpecification\",\"valueRequired\":true,\"valueName\":\"search_term_string\"}}],\"inLanguage\":\"de\"}]}<\/script>\n<!-- \/ Yoast SEO plugin. -->","yoast_head_json":{"title":"Fachliche Dienstleistungen - Aidon","robots":{"index":"index","follow":"follow","max-snippet":"max-snippet:-1","max-image-preview":"max-image-preview:large","max-video-preview":"max-video-preview:-1"},"canonical":"https:\/\/aidon.com\/de\/losungen\/fachliche-dienstleistungen\/","og_locale":"de_DE","og_type":"article","og_title":"Fachliche Dienstleistungen - Aidon","og_description":"Unser kompetenter Service unterst\u00fctzt unsere Kunden bei der Nutzung und Wartung unserer Produkte sowie bei der L\u00f6sung von Problemen w\u00e4hrend der gesamten Lebensdauer. Service Desk \u2013 f\u00fcr den t\u00e4glichen Bedarf Der Service Desk hilft unseren Kunden bei t\u00e4glichen Fragen und L\u00f6sungen von Problemen. Mit fundierten Kenntnissen \u00fcber die Produkte und&hellip;","og_url":"https:\/\/aidon.com\/de\/losungen\/fachliche-dienstleistungen\/","og_site_name":"Aidon","article_modified_time":"2023-04-06T12:46:20+00:00","og_image":[{"width":397,"height":397,"url":"https:\/\/aidon.com\/wp-content\/uploads\/2022\/08\/expert.png","type":"image\/png"}],"twitter_card":"summary_large_image","twitter_misc":{"Gesch\u00e4tzte Lesezeit":"1\u00a0Minute"},"schema":{"@context":"https:\/\/schema.org","@graph":[{"@type":"WebPage","@id":"https:\/\/aidon.com\/de\/losungen\/fachliche-dienstleistungen\/","url":"https:\/\/aidon.com\/de\/losungen\/fachliche-dienstleistungen\/","name":"Fachliche Dienstleistungen - Aidon","isPartOf":{"@id":"https:\/\/aidon.com\/de\/#website"},"primaryImageOfPage":{"@id":"https:\/\/aidon.com\/de\/losungen\/fachliche-dienstleistungen\/#primaryimage"},"image":{"@id":"https:\/\/aidon.com\/de\/losungen\/fachliche-dienstleistungen\/#primaryimage"},"thumbnailUrl":"https:\/\/aidon.com\/wp-content\/uploads\/2022\/08\/expert.png","datePublished":"2022-08-12T12:05:16+00:00","dateModified":"2023-04-06T12:46:20+00:00","breadcrumb":{"@id":"https:\/\/aidon.com\/de\/losungen\/fachliche-dienstleistungen\/#breadcrumb"},"inLanguage":"de","potentialAction":[{"@type":"ReadAction","target":["https:\/\/aidon.com\/de\/losungen\/fachliche-dienstleistungen\/"]}]},{"@type":"ImageObject","inLanguage":"de","@id":"https:\/\/aidon.com\/de\/losungen\/fachliche-dienstleistungen\/#primaryimage","url":"https:\/\/aidon.com\/wp-content\/uploads\/2022\/08\/expert.png","contentUrl":"https:\/\/aidon.com\/wp-content\/uploads\/2022\/08\/expert.png","width":397,"height":397},{"@type":"BreadcrumbList","@id":"https:\/\/aidon.com\/de\/losungen\/fachliche-dienstleistungen\/#breadcrumb","itemListElement":[{"@type":"ListItem","position":1,"name":"L\u00f6sungen","item":"https:\/\/aidon.com\/de\/losungen\/"},{"@type":"ListItem","position":2,"name":"Fachliche Dienstleistungen"}]},{"@type":"WebSite","@id":"https:\/\/aidon.com\/de\/#website","url":"https:\/\/aidon.com\/de\/","name":"Aidon","description":"","potentialAction":[{"@type":"SearchAction","target":{"@type":"EntryPoint","urlTemplate":"https:\/\/aidon.com\/de\/?s={search_term_string}"},"query-input":{"@type":"PropertyValueSpecification","valueRequired":true,"valueName":"search_term_string"}}],"inLanguage":"de"}]}},"_links":{"self":[{"href":"https:\/\/aidon.com\/de\/wp-json\/wp\/v2\/pages\/9597","targetHints":{"allow":["GET"]}}],"collection":[{"href":"https:\/\/aidon.com\/de\/wp-json\/wp\/v2\/pages"}],"about":[{"href":"https:\/\/aidon.com\/de\/wp-json\/wp\/v2\/types\/page"}],"author":[{"embeddable":true,"href":"https:\/\/aidon.com\/de\/wp-json\/wp\/v2\/users\/2"}],"replies":[{"embeddable":true,"href":"https:\/\/aidon.com\/de\/wp-json\/wp\/v2\/comments?post=9597"}],"version-history":[{"count":2,"href":"https:\/\/aidon.com\/de\/wp-json\/wp\/v2\/pages\/9597\/revisions"}],"predecessor-version":[{"id":10478,"href":"https:\/\/aidon.com\/de\/wp-json\/wp\/v2\/pages\/9597\/revisions\/10478"}],"up":[{"embeddable":true,"href":"https:\/\/aidon.com\/de\/wp-json\/wp\/v2\/pages\/8926"}],"wp:featuredmedia":[{"embeddable":true,"href":"https:\/\/aidon.com\/de\/wp-json\/wp\/v2\/media\/7245"}],"wp:attachment":[{"href":"https:\/\/aidon.com\/de\/wp-json\/wp\/v2\/media?parent=9597"}],"curies":[{"name":"wp","href":"https:\/\/api.w.org\/{rel}","templated":true}]}}