{"id":9595,"date":"2022-08-12T12:04:38","date_gmt":"2022-08-12T09:04:38","guid":{"rendered":"https:\/\/aidon.com\/?page_id=9595"},"modified":"2025-09-05T17:48:40","modified_gmt":"2025-09-05T14:48:40","slug":"intelligente-messgeraete","status":"publish","type":"page","link":"https:\/\/aidon.com\/de\/losungen\/intelligente-messgeraete\/","title":{"rendered":"Intelligente Messger\u00e4te"},"content":{"rendered":"<p><img loading=\"lazy\" decoding=\"async\" src=\"https:\/\/aidon.com\/wp-content\/uploads\/2023\/02\/Aidon_Smart_Energy_Service_Devices_web_900_2.png\" alt=\"\" width=\"900\" height=\"430\" \/><\/p>\n<h3>Aidon-Messger\u00e4te (ESD)<\/h3>\n<p><strong>Die Aidon-Messger\u00e4te (ESD) der Serie7000 vereinen einen Z\u00e4hler, Konnektivit\u00e4t, vielseitige Sensoren und Schnittstellen mit hoher Leistung. Die zuverl\u00e4ssige Ger\u00e4teplattform ist so konzipiert, dass sie die Anforderungen und anspruchsvollen Bedingungen der nordischen Verteilernetzgesellschaften erf\u00fcllt.<\/strong><\/p>\n<h4>Mehrere Vorteile<\/h4>\n<p>Das Ger\u00e4t hat ein klares Design, eine robuste Struktur und ist einfach zu installieren. Die Remote-Upgrade-F\u00e4higkeit erm\u00f6glicht die Bereitstellung neuer Anwendungen und die Aktivierung neuer Funktionen w\u00e4hrend des Lebenszyklus des Ger\u00e4ts.<\/p>\n<h4>Serie 7000 mit innovativen Funktionen<\/h4>\n<p>Die neuen Ger\u00e4te der Serie 7000 verf\u00fcgen \u00fcber v\u00f6llig neuartige Funktionen wie die Hochgeschwindigkeits-Datenerfassungsschnittstelle (HSDC) mit extrem genauer Abtastung. Dies erm\u00f6glicht vielseitige Echtzeit-Kontrollen und -Diagnoseanwendungen.<\/p>\n<h4>Systemmodul \u2013 f\u00fcr nahtlose Upgrades<\/h4>\n<p>Das Ger\u00e4t besteht aus einem Stromz\u00e4hler und einem Systemmodul. Das Systemmodul \u00fcbernimmt die Daten\u00fcbertragung vom Energiedienstleistungsger\u00e4t, wobei der Modultyp entsprechend der verwendeten Kommunikationstechnologie gew\u00e4hlt wird. Ein vom Z\u00e4hler getrenntes Systemmodul erm\u00f6glicht die Einf\u00fchrung einer neuen Verbindungstechnologien w\u00e4hrend des Lebenszyklus des Systems, ohne dass der Z\u00e4hler ausgetauscht werden muss.<\/p>\n<h4>Funktionsweise<\/h4>\n<p>Der Z\u00e4hler misst den Energieverbrauch und liefert in bestimmten Intervallen, z. B. alle 15 oder 60 Minuten, entsprechende Informationen. Die Messdaten werden zur Verarbeitung an das Systemmodul des Ger\u00e4ts \u00fcbermittelt. Das Systemmodul steuert den Z\u00e4hler und erm\u00f6glicht die Bereitstellung von zeitgestempelten Registrierungswerten, die Steuerung von Lasten, die \u00dcberwachung der Stromqualit\u00e4t, die Registrierung von Stromausf\u00e4llen und St\u00f6rungsinformationen sowie das Auslesen externer Statusinformationen.<\/p>\n<h4>Aidon Energieserviceger\u00e4te der Serien 7000<\/h4>\n<div id='gallery-1' class='gallery galleryid-9595 gallery-columns-2 gallery-size-medium'><figure class='gallery-item'>\n\t\t\t<div class='gallery-icon portrait'>\n\t\t\t\t<a href='https:\/\/aidon.com\/wp-content\/uploads\/2022\/10\/Aidon-7534-front-right-web-1.jpg' title=\"Aidon 7534 - 3-phasige Energieservice&shy;ger\u00e4te f\u00fcr Haushalte\" data-rl_title=\"Aidon 7534 - 3-phasige Energieservice&shy;ger\u00e4te f\u00fcr Haushalte\" class=\"rl-gallery-link\" data-rl_caption=\"Aidon 7534 - 3-phasige Energieservice&shy;ger\u00e4te f\u00fcr Haushalte\" data-rel=\"lightbox-gallery-1\"><img loading=\"lazy\" decoding=\"async\" width=\"223\" height=\"300\" src=\"https:\/\/aidon.com\/wp-content\/uploads\/2022\/10\/Aidon-7534-front-right-web-1-223x300.jpg\" class=\"attachment-medium size-medium\" alt=\"\" aria-describedby=\"gallery-1-7890\" srcset=\"https:\/\/aidon.com\/wp-content\/uploads\/2022\/10\/Aidon-7534-front-right-web-1-223x300.jpg 223w, https:\/\/aidon.com\/wp-content\/uploads\/2022\/10\/Aidon-7534-front-right-web-1-760x1024.jpg 760w, https:\/\/aidon.com\/wp-content\/uploads\/2022\/10\/Aidon-7534-front-right-web-1-768x1035.jpg 768w, https:\/\/aidon.com\/wp-content\/uploads\/2022\/10\/Aidon-7534-front-right-web-1.jpg 1104w\" sizes=\"auto, (max-width: 223px) 100vw, 223px\" \/><\/a>\n\t\t\t<\/div>\n\t\t\t\t<figcaption class='wp-caption-text gallery-caption' id='gallery-1-7890'>\n\t\t\t\tAidon 7534 &#8211; 3-phasige Energieservice&shy;ger\u00e4te f\u00fcr Haushalte\n\t\t\t\t<\/figcaption><\/figure><figure class='gallery-item'>\n\t\t\t<div class='gallery-icon portrait'>\n\t\t\t\t<a href='https:\/\/aidon.com\/wp-content\/uploads\/2022\/12\/Aidon-7550-front-right-web.jpg' title=\"Aidon 7550 - 3-phasige Energieservice&shy;ger\u00e4te f\u00fcr den industriellen Einsatz (CT)\" data-rl_title=\"Aidon 7550 - 3-phasige Energieservice&shy;ger\u00e4te f\u00fcr den industriellen Einsatz (CT)\" class=\"rl-gallery-link\" data-rl_caption=\"Aidon 7550 - 3-phasige Energieservice&shy;ger\u00e4te f\u00fcr den industriellen Einsatz (CT)\" data-rel=\"lightbox-gallery-1\"><img loading=\"lazy\" decoding=\"async\" width=\"223\" height=\"300\" src=\"https:\/\/aidon.com\/wp-content\/uploads\/2022\/12\/Aidon-7550-front-right-web-223x300.jpg\" class=\"attachment-medium size-medium\" alt=\"\" aria-describedby=\"gallery-1-8012\" srcset=\"https:\/\/aidon.com\/wp-content\/uploads\/2022\/12\/Aidon-7550-front-right-web-223x300.jpg 223w, https:\/\/aidon.com\/wp-content\/uploads\/2022\/12\/Aidon-7550-front-right-web-760x1024.jpg 760w, https:\/\/aidon.com\/wp-content\/uploads\/2022\/12\/Aidon-7550-front-right-web-768x1035.jpg 768w, https:\/\/aidon.com\/wp-content\/uploads\/2022\/12\/Aidon-7550-front-right-web.jpg 1104w\" sizes=\"auto, (max-width: 223px) 100vw, 223px\" \/><\/a>\n\t\t\t<\/div>\n\t\t\t\t<figcaption class='wp-caption-text gallery-caption' id='gallery-1-8012'>\n\t\t\t\tAidon 7550 &#8211; 3-phasige Energieservice&shy;ger\u00e4te f\u00fcr den industriellen Einsatz (CT)\n\t\t\t\t<\/figcaption><\/figure><figure class='gallery-item'>\n\t\t\t<div class='gallery-icon portrait'>\n\t\t\t\t<a href='https:\/\/aidon.com\/wp-content\/uploads\/2022\/12\/Aidon-7560-front-right-web.jpg' title=\"Aidon 7560 - 3-phasige Energieservice&shy;ger\u00e4te f\u00fcr den industriellen Einsatz (CT\/VT)\" data-rl_title=\"Aidon 7560 - 3-phasige Energieservice&shy;ger\u00e4te f\u00fcr den industriellen Einsatz (CT\/VT)\" class=\"rl-gallery-link\" data-rl_caption=\"Aidon 7560 - 3-phasige Energieservice&shy;ger\u00e4te f\u00fcr den industriellen Einsatz (CT\/VT)\" data-rel=\"lightbox-gallery-1\"><img loading=\"lazy\" decoding=\"async\" width=\"222\" height=\"300\" src=\"https:\/\/aidon.com\/wp-content\/uploads\/2022\/12\/Aidon-7560-front-right-web-222x300.jpg\" class=\"attachment-medium size-medium\" alt=\"\" aria-describedby=\"gallery-1-8014\" srcset=\"https:\/\/aidon.com\/wp-content\/uploads\/2022\/12\/Aidon-7560-front-right-web-222x300.jpg 222w, https:\/\/aidon.com\/wp-content\/uploads\/2022\/12\/Aidon-7560-front-right-web-759x1024.jpg 759w, https:\/\/aidon.com\/wp-content\/uploads\/2022\/12\/Aidon-7560-front-right-web-768x1037.jpg 768w, https:\/\/aidon.com\/wp-content\/uploads\/2022\/12\/Aidon-7560-front-right-web-1138x1536.jpg 1138w, https:\/\/aidon.com\/wp-content\/uploads\/2022\/12\/Aidon-7560-front-right-web.jpg 1280w\" sizes=\"auto, (max-width: 222px) 100vw, 222px\" \/><\/a>\n\t\t\t<\/div>\n\t\t\t\t<figcaption class='wp-caption-text gallery-caption' id='gallery-1-8014'>\n\t\t\t\tAidon 7560 &#8211; 3-phasige Energieservice&shy;ger\u00e4te f\u00fcr den industriellen Einsatz (CT\/VT)\n\t\t\t\t<\/figcaption><\/figure>\n\t\t<\/div>\n\n<p>&nbsp;<\/p>\n<h4 id=\"fmd\"><\/h4>\n<p>&nbsp;<\/p>\n<h3>Aidon Kabelabgangsmessger\u00e4t (FMD)<\/h3>\n<p>Das Aidon Kabelabgangsmessger\u00e4ten (Feeder Line Measurement Device, FMD) erg\u00e4nzt Aidons L\u00f6sung zur \u00dcberwachung von Trafostationen. Es bietet Lastmessungen und andere Merkmale von jeder an die Trafostation angeschlossenen Niederspannungsabgangsleitung. Das FMD in Verbindung mit dem Wandlerz\u00e4hler von Aidon bildet eine Komplettl\u00f6sung f\u00fcr die \u00dcberwachung von Verteiltransformatoren. Dank seines modularen Designs k\u00f6nnen mehrere FMDs in Reihe geschaltet werden, um die ben\u00f6tigte Anzahl an Abgangsleitungen zu unterst\u00fctzen. Es ist f\u00fcr die Nachr\u00fcstung bestehender Stationen optimiert, die keine Messfunktionen haben, und l\u00e4sst sich einfach und unkompliziert von den eigenen Mitarbeitern des Netzbetreibers in bestehenden oder neuen Trafostationen installieren.<\/p>\n<p>Siehe auch: <a href=\"https:\/\/aidon.com\/de\/losungen\/trafo-konzept-fur-niederspannungs-management\/\" rel=\"noopener\">TRAFO-Konzept f\u00fcr Niederspannungs-Management &#8211; Aidon<\/a><\/p>\n<p>Sehen Sie sich auch dieses Video an:\u00a0<a href=\"https:\/\/aidon.com\/de\/die-aidon-trafo-losung-eine-neue-transparenz-fur-das-niederspannungsnetz\/\"><strong>Die Aidon TRAFO-l\u00f6sung \u2013 Eine neue Transparenz f\u00fcr das Niederspannungsnetz<\/strong><\/a><\/p>\n<p>Lesen Sie unsere Pressemitteilung:\u00a0<a href=\"https:\/\/aidon.com\/de\/aidon-praesentiert-die-digitale-ortsnetzstation-als-innovative-loesung-zur-ueberwachung-des-niederspannungsnetzes-auf-der-e-world-2024\/\" target=\"_blank\" rel=\"noopener\">Aidon pr\u00e4sentiert die Digitale Ortsnetzstation als innovative L\u00f6sung zur \u00dcberwachung des Niederspannungsnetzes auf der E-world 2024 in Essen<\/a><\/p>\n<div id='gallery-2' class='gallery galleryid-9595 gallery-columns-1 gallery-size-medium'><figure class='gallery-item'>\n\t\t\t<div class='gallery-icon landscape'>\n\t\t\t\t<a href='https:\/\/aidon.com\/wp-content\/uploads\/2024\/11\/Aidon-7571-FMD-Mains-Unit-with-LEDs.jpg' title=\"Aidon Kabelabgangsmessger\u00e4t (FMD)\" data-rl_title=\"Aidon Kabelabgangsmessger\u00e4t (FMD)\" class=\"rl-gallery-link\" data-rl_caption=\"Aidon Kabelabgangsmessger\u00e4t (FMD)\" data-rel=\"lightbox-gallery-2\"><img loading=\"lazy\" decoding=\"async\" width=\"300\" height=\"240\" src=\"https:\/\/aidon.com\/wp-content\/uploads\/2024\/11\/Aidon-7571-FMD-Mains-Unit-with-LEDs-300x240.jpg\" class=\"attachment-medium size-medium\" alt=\"\" aria-describedby=\"gallery-2-15758\" srcset=\"https:\/\/aidon.com\/wp-content\/uploads\/2024\/11\/Aidon-7571-FMD-Mains-Unit-with-LEDs-300x240.jpg 300w, https:\/\/aidon.com\/wp-content\/uploads\/2024\/11\/Aidon-7571-FMD-Mains-Unit-with-LEDs-1024x820.jpg 1024w, https:\/\/aidon.com\/wp-content\/uploads\/2024\/11\/Aidon-7571-FMD-Mains-Unit-with-LEDs-768x615.jpg 768w, https:\/\/aidon.com\/wp-content\/uploads\/2024\/11\/Aidon-7571-FMD-Mains-Unit-with-LEDs-1536x1231.jpg 1536w, https:\/\/aidon.com\/wp-content\/uploads\/2024\/11\/Aidon-7571-FMD-Mains-Unit-with-LEDs-2048x1641.jpg 2048w, https:\/\/aidon.com\/wp-content\/uploads\/2024\/11\/Aidon-7571-FMD-Mains-Unit-with-LEDs-1920x1538.jpg 1920w\" sizes=\"auto, (max-width: 300px) 100vw, 300px\" \/><\/a>\n\t\t\t<\/div>\n\t\t\t\t<figcaption class='wp-caption-text gallery-caption' id='gallery-2-15758'>\n\t\t\t\tAidon Kabelabgangsmessger\u00e4t (FMD)\n\t\t\t\t<\/figcaption><\/figure>\n\t\t<\/div>\n\n","protected":false},"excerpt":{"rendered":"<p>Aidon-Messger\u00e4te (ESD) Die Aidon-Messger\u00e4te (ESD) der Serie7000 vereinen einen Z\u00e4hler, Konnektivit\u00e4t, vielseitige Sensoren und Schnittstellen mit hoher Leistung. Die zuverl\u00e4ssige Ger\u00e4teplattform ist so konzipiert, dass sie die Anforderungen und anspruchsvollen Bedingungen der nordischen Verteilernetzgesellschaften erf\u00fcllt. Mehrere Vorteile Das Ger\u00e4t hat ein klares Design, eine robuste Struktur und ist einfach zu&hellip;<\/p>\n","protected":false},"author":2,"featured_media":7243,"parent":8926,"menu_order":0,"comment_status":"closed","ping_status":"closed","template":"page-single-solutions.php","meta":{"_acf_changed":false,"footnotes":""},"class_list":["post-9595","page","type-page","status-publish","has-post-thumbnail","hentry"],"acf":[],"yoast_head":"<!-- This site is optimized with the Yoast SEO plugin v27.0 - https:\/\/yoast.com\/product\/yoast-seo-wordpress\/ -->\n<title>Intelligente Messger\u00e4te - Aidon<\/title>\n<meta name=\"robots\" content=\"index, follow, max-snippet:-1, max-image-preview:large, max-video-preview:-1\" \/>\n<link rel=\"canonical\" href=\"https:\/\/aidon.com\/de\/losungen\/intelligente-messgeraete\/\" \/>\n<meta property=\"og:locale\" content=\"de_DE\" \/>\n<meta property=\"og:type\" content=\"article\" \/>\n<meta property=\"og:title\" content=\"Intelligente Messger\u00e4te - Aidon\" \/>\n<meta property=\"og:description\" content=\"Aidon-Messger\u00e4te (ESD) Die Aidon-Messger\u00e4te (ESD) der Serie7000 vereinen einen Z\u00e4hler, Konnektivit\u00e4t, vielseitige Sensoren und Schnittstellen mit hoher Leistung. Die zuverl\u00e4ssige Ger\u00e4teplattform ist so konzipiert, dass sie die Anforderungen und anspruchsvollen Bedingungen der nordischen Verteilernetzgesellschaften erf\u00fcllt. Mehrere Vorteile Das Ger\u00e4t hat ein klares Design, eine robuste Struktur und ist einfach zu&hellip;\" \/>\n<meta property=\"og:url\" content=\"https:\/\/aidon.com\/de\/losungen\/intelligente-messgeraete\/\" \/>\n<meta property=\"og:site_name\" content=\"Aidon\" \/>\n<meta property=\"article:modified_time\" content=\"2025-09-05T14:48:40+00:00\" \/>\n<meta property=\"og:image\" content=\"https:\/\/aidon.com\/wp-content\/uploads\/2022\/08\/smartenergy-1.png\" \/>\n\t<meta property=\"og:image:width\" content=\"397\" \/>\n\t<meta property=\"og:image:height\" content=\"397\" \/>\n\t<meta property=\"og:image:type\" content=\"image\/png\" \/>\n<meta name=\"twitter:card\" content=\"summary_large_image\" \/>\n<meta name=\"twitter:label1\" content=\"Gesch\u00e4tzte Lesezeit\" \/>\n\t<meta name=\"twitter:data1\" content=\"3\u00a0Minuten\" \/>\n<script type=\"application\/ld+json\" class=\"yoast-schema-graph\">{\"@context\":\"https:\/\/schema.org\",\"@graph\":[{\"@type\":\"WebPage\",\"@id\":\"https:\/\/aidon.com\/de\/losungen\/intelligente-messgeraete\/\",\"url\":\"https:\/\/aidon.com\/de\/losungen\/intelligente-messgeraete\/\",\"name\":\"Intelligente Messger\u00e4te - Aidon\",\"isPartOf\":{\"@id\":\"https:\/\/aidon.com\/de\/#website\"},\"primaryImageOfPage\":{\"@id\":\"https:\/\/aidon.com\/de\/losungen\/intelligente-messgeraete\/#primaryimage\"},\"image\":{\"@id\":\"https:\/\/aidon.com\/de\/losungen\/intelligente-messgeraete\/#primaryimage\"},\"thumbnailUrl\":\"https:\/\/aidon.com\/wp-content\/uploads\/2022\/08\/smartenergy-1.png\",\"datePublished\":\"2022-08-12T09:04:38+00:00\",\"dateModified\":\"2025-09-05T14:48:40+00:00\",\"breadcrumb\":{\"@id\":\"https:\/\/aidon.com\/de\/losungen\/intelligente-messgeraete\/#breadcrumb\"},\"inLanguage\":\"de\",\"potentialAction\":[{\"@type\":\"ReadAction\",\"target\":[\"https:\/\/aidon.com\/de\/losungen\/intelligente-messgeraete\/\"]}]},{\"@type\":\"ImageObject\",\"inLanguage\":\"de\",\"@id\":\"https:\/\/aidon.com\/de\/losungen\/intelligente-messgeraete\/#primaryimage\",\"url\":\"https:\/\/aidon.com\/wp-content\/uploads\/2022\/08\/smartenergy-1.png\",\"contentUrl\":\"https:\/\/aidon.com\/wp-content\/uploads\/2022\/08\/smartenergy-1.png\",\"width\":397,\"height\":397},{\"@type\":\"BreadcrumbList\",\"@id\":\"https:\/\/aidon.com\/de\/losungen\/intelligente-messgeraete\/#breadcrumb\",\"itemListElement\":[{\"@type\":\"ListItem\",\"position\":1,\"name\":\"L\u00f6sungen\",\"item\":\"https:\/\/aidon.com\/de\/losungen\/\"},{\"@type\":\"ListItem\",\"position\":2,\"name\":\"Intelligente Messger\u00e4te\"}]},{\"@type\":\"WebSite\",\"@id\":\"https:\/\/aidon.com\/de\/#website\",\"url\":\"https:\/\/aidon.com\/de\/\",\"name\":\"Aidon\",\"description\":\"\",\"potentialAction\":[{\"@type\":\"SearchAction\",\"target\":{\"@type\":\"EntryPoint\",\"urlTemplate\":\"https:\/\/aidon.com\/de\/?s={search_term_string}\"},\"query-input\":{\"@type\":\"PropertyValueSpecification\",\"valueRequired\":true,\"valueName\":\"search_term_string\"}}],\"inLanguage\":\"de\"}]}<\/script>\n<!-- \/ Yoast SEO plugin. -->","yoast_head_json":{"title":"Intelligente Messger\u00e4te - Aidon","robots":{"index":"index","follow":"follow","max-snippet":"max-snippet:-1","max-image-preview":"max-image-preview:large","max-video-preview":"max-video-preview:-1"},"canonical":"https:\/\/aidon.com\/de\/losungen\/intelligente-messgeraete\/","og_locale":"de_DE","og_type":"article","og_title":"Intelligente Messger\u00e4te - Aidon","og_description":"Aidon-Messger\u00e4te (ESD) Die Aidon-Messger\u00e4te (ESD) der Serie7000 vereinen einen Z\u00e4hler, Konnektivit\u00e4t, vielseitige Sensoren und Schnittstellen mit hoher Leistung. Die zuverl\u00e4ssige Ger\u00e4teplattform ist so konzipiert, dass sie die Anforderungen und anspruchsvollen Bedingungen der nordischen Verteilernetzgesellschaften erf\u00fcllt. Mehrere Vorteile Das Ger\u00e4t hat ein klares Design, eine robuste Struktur und ist einfach zu&hellip;","og_url":"https:\/\/aidon.com\/de\/losungen\/intelligente-messgeraete\/","og_site_name":"Aidon","article_modified_time":"2025-09-05T14:48:40+00:00","og_image":[{"width":397,"height":397,"url":"https:\/\/aidon.com\/wp-content\/uploads\/2022\/08\/smartenergy-1.png","type":"image\/png"}],"twitter_card":"summary_large_image","twitter_misc":{"Gesch\u00e4tzte Lesezeit":"3\u00a0Minuten"},"schema":{"@context":"https:\/\/schema.org","@graph":[{"@type":"WebPage","@id":"https:\/\/aidon.com\/de\/losungen\/intelligente-messgeraete\/","url":"https:\/\/aidon.com\/de\/losungen\/intelligente-messgeraete\/","name":"Intelligente Messger\u00e4te - Aidon","isPartOf":{"@id":"https:\/\/aidon.com\/de\/#website"},"primaryImageOfPage":{"@id":"https:\/\/aidon.com\/de\/losungen\/intelligente-messgeraete\/#primaryimage"},"image":{"@id":"https:\/\/aidon.com\/de\/losungen\/intelligente-messgeraete\/#primaryimage"},"thumbnailUrl":"https:\/\/aidon.com\/wp-content\/uploads\/2022\/08\/smartenergy-1.png","datePublished":"2022-08-12T09:04:38+00:00","dateModified":"2025-09-05T14:48:40+00:00","breadcrumb":{"@id":"https:\/\/aidon.com\/de\/losungen\/intelligente-messgeraete\/#breadcrumb"},"inLanguage":"de","potentialAction":[{"@type":"ReadAction","target":["https:\/\/aidon.com\/de\/losungen\/intelligente-messgeraete\/"]}]},{"@type":"ImageObject","inLanguage":"de","@id":"https:\/\/aidon.com\/de\/losungen\/intelligente-messgeraete\/#primaryimage","url":"https:\/\/aidon.com\/wp-content\/uploads\/2022\/08\/smartenergy-1.png","contentUrl":"https:\/\/aidon.com\/wp-content\/uploads\/2022\/08\/smartenergy-1.png","width":397,"height":397},{"@type":"BreadcrumbList","@id":"https:\/\/aidon.com\/de\/losungen\/intelligente-messgeraete\/#breadcrumb","itemListElement":[{"@type":"ListItem","position":1,"name":"L\u00f6sungen","item":"https:\/\/aidon.com\/de\/losungen\/"},{"@type":"ListItem","position":2,"name":"Intelligente Messger\u00e4te"}]},{"@type":"WebSite","@id":"https:\/\/aidon.com\/de\/#website","url":"https:\/\/aidon.com\/de\/","name":"Aidon","description":"","potentialAction":[{"@type":"SearchAction","target":{"@type":"EntryPoint","urlTemplate":"https:\/\/aidon.com\/de\/?s={search_term_string}"},"query-input":{"@type":"PropertyValueSpecification","valueRequired":true,"valueName":"search_term_string"}}],"inLanguage":"de"}]}},"_links":{"self":[{"href":"https:\/\/aidon.com\/de\/wp-json\/wp\/v2\/pages\/9595","targetHints":{"allow":["GET"]}}],"collection":[{"href":"https:\/\/aidon.com\/de\/wp-json\/wp\/v2\/pages"}],"about":[{"href":"https:\/\/aidon.com\/de\/wp-json\/wp\/v2\/types\/page"}],"author":[{"embeddable":true,"href":"https:\/\/aidon.com\/de\/wp-json\/wp\/v2\/users\/2"}],"replies":[{"embeddable":true,"href":"https:\/\/aidon.com\/de\/wp-json\/wp\/v2\/comments?post=9595"}],"version-history":[{"count":23,"href":"https:\/\/aidon.com\/de\/wp-json\/wp\/v2\/pages\/9595\/revisions"}],"predecessor-version":[{"id":17495,"href":"https:\/\/aidon.com\/de\/wp-json\/wp\/v2\/pages\/9595\/revisions\/17495"}],"up":[{"embeddable":true,"href":"https:\/\/aidon.com\/de\/wp-json\/wp\/v2\/pages\/8926"}],"wp:featuredmedia":[{"embeddable":true,"href":"https:\/\/aidon.com\/de\/wp-json\/wp\/v2\/media\/7243"}],"wp:attachment":[{"href":"https:\/\/aidon.com\/de\/wp-json\/wp\/v2\/media?parent=9595"}],"curies":[{"name":"wp","href":"https:\/\/api.w.org\/{rel}","templated":true}]}}