{"id":9593,"date":"2022-08-12T11:43:09","date_gmt":"2022-08-12T08:43:09","guid":{"rendered":"https:\/\/aidon.com\/?page_id=9593"},"modified":"2023-05-16T11:12:25","modified_gmt":"2023-05-16T11:12:25","slug":"iot-konnektivitaet","status":"publish","type":"page","link":"https:\/\/aidon.com\/de\/losungen\/iot-konnektivitaet\/","title":{"rendered":"IoT-Konnektivit\u00e4t"},"content":{"rendered":"<p><strong><img loading=\"lazy\" decoding=\"async\" class=\"alignnone wp-image-6416 size-full\" src=\"https:\/\/aidon.com\/wp-content\/uploads\/2023\/02\/Aidon_IoT_connectivity_web_900.png\" alt=\"\" width=\"900\" height=\"342\" srcset=\"https:\/\/aidon.com\/wp-content\/uploads\/2023\/02\/Aidon_IoT_connectivity_web_900.png 900w, https:\/\/aidon.com\/wp-content\/uploads\/2023\/02\/Aidon_IoT_connectivity_web_900-300x114.png 300w, https:\/\/aidon.com\/wp-content\/uploads\/2023\/02\/Aidon_IoT_connectivity_web_900-768x292.png 768w\" sizes=\"auto, (max-width: 900px) 100vw, 900px\" \/><\/strong><\/p>\n<p><strong>Die Wahl der Kommunikationstechnologie spielt eine Schl\u00fcsselrolle f\u00fcr die Leistung und Zuverl\u00e4ssigkeit des AMM-Systems. Aidon bietet Konnektivit\u00e4tstechnologien f\u00fcr unterschiedliche Bed\u00fcrfnisse und Gegebenheiten an, die miteinander kombiniert werden k\u00f6nnen, um die beste L\u00f6sung f\u00fcr den Kunden zu finden. Die Konnektivit\u00e4t kann auch als Service von uns bezogen werden.<\/strong><\/p>\n<h4>Mehrere Faktoren beeinflussen die Wahl der Konnektivit\u00e4tsl\u00f6sung<\/h4>\n<p>Mehrere Faktoren spielen f\u00fcr die Wahl der am besten geeigneten Konnektivit\u00e4tsl\u00f6sung eine Rolle. Hierzu geh\u00f6ren unter anderem:<\/p>\n<ul>\n<li>Anzahl und Dichte der Messpunkte<\/li>\n<li>Geografische Topologie<\/li>\n<li>Technologische und betriebliche Anforderungen, wie z. B. die Menge der Daten und die Notwendigkeit einer Verf\u00fcgbarkeit der Daten in Echtzeit<\/li>\n<li>Verf\u00fcgbarkeit geeigneter IdD\/IoT Netze und deren Leistung<\/li>\n<li>Anf\u00e4ngliche Investitionskosten und Betriebslebenszykluskosten<\/li>\n<li>Zeitplan f\u00fcr die Einf\u00fchrungs- und \u00dcbergangsphase zur neuen L\u00f6sung<\/li>\n<li>Die richtige Konnektivit\u00e4tstechnologie am richtigen Ort<\/li>\n<\/ul>\n<p>Der Bedarf an Verteilernetzbetreibern ist von Unternehmen zu Unternehmen unterschiedlich. Innerhalb desselben Verteilernetzgebiets kann es Gebiete mit sehr unterschiedlichen Verbrauchsprofilen, Bev\u00f6lkerungszahlen und geografischen Gegebenheiten geben. Eine Kombination verschiedener Technologien zu einer hybriden L\u00f6sung erm\u00f6glicht die Nutzung der Vorteile jeder Technologie an jedem Ort innerhalb des Netzes.<\/p>\n<p>Das Konnektivit\u00e4tsangebot von Aidon basiert auf zwei Konnektivit\u00e4tstechnologien oder kann zu einer Hybridl\u00f6sung kombiniert werden:<\/p>\n<h6>Funkbasiertes RF Mesh Netzwerk \u2013 f\u00fcr st\u00e4dtische und vorst\u00e4dtische Gebiete<\/h6>\n<p>Die Energiedienstleistungsger\u00e4te nutzen einander, um Mesh-Netzwerke aufzubauen, die sich automatisch umleiten. Bei dieser L\u00f6sung \u00fcbertragen die Slave-Ger\u00e4te Daten \u00fcber andere Ger\u00e4te oder direkt an das Master-Ger\u00e4t. Master-Ger\u00e4te verwenden eine 2G\/4G-Verbindung f\u00fcr die Kommunikation mit dem Head-End-System. Alternativ kann auch die eigene Ethernet-Verbindung des Versorgungsunternehmens genutzt werden. Die RF-L\u00f6sung eignet sich besonders f\u00fcr st\u00e4dtische und vorst\u00e4dtische Gebiete, in denen die Messpunkte f\u00fcr die Bildung eines vermaschtes Netzes nahe genug beieinander liegen.<\/p>\n<h6>Punkt-zu-Punkt (P2P) \u2013 f\u00fcr abgelegene Standorte und die Industrie<\/h6>\n<p>Bei der Punkt-zu-Punkt-L\u00f6sung stehen die Messger\u00e4te \u00fcber ihr eigenes IdD\/IoT-Abonnement \u00fcber das LTE-M-\/NB-IdD-Netz in direkter Verbindung mit dem Head-End-System. In Bezug auf Zug\u00e4nglichkeit, Leistung und Kosten eignet sich diese L\u00f6sung am besten f\u00fcr weiter voneinander entfernte Z\u00e4hler und f\u00fcr Messstellen mit hohem Verbrauch, wie z. B. in Industriegebieten.<\/p>\n<p>Aidon hilft seinen Kunden dabei, die beste L\u00f6sung f\u00fcr jeden Zweck zu finden. Dies soll die Flexibilit\u00e4t und Skalierbarkeit der Konnektivit\u00e4t w\u00e4hrend der Installation und w\u00e4hrend des gesamten Lebenszyklus des Systems gew\u00e4hrleisten, z. B. f\u00fcr den Fall, dass die Menge der \u00fcbertragenen Daten zunimmt oder sich die Betreiberdienste weiterentwickeln.<\/p>\n<h4>Flexibles Dienstleistungspaket<\/h4>\n<p>F\u00fcr Kunden, die Konnektivit\u00e4t als Gesamtdienstleistung zu einem Festpreis erhalten m\u00f6chten, ist das Aidon-Angebot \u201eConnectivity as a Service\u201c die richtige Wahl. Im Rahmen der Dienstleistung ist Aidon f\u00fcr die Konnektivit\u00e4t zwischen den Ger\u00e4ten und dem System gem\u00e4\u00df der Dienstg\u00fctevereinbarung verantwortlich. Die Dienstleistung umfasst die Auswahl des am besten geeigneten IdD\/IoT-Betreiberdienstes mit Datenabonnements sowie einer von Aidon bereitgestellten Dienstg\u00fctevereinbarung mit dem ausgew\u00e4hlten Betreiber. Das technologische Know-how von Aidon steht dem Kunden als Teil der Dienstleistung zur Verf\u00fcgung. Dadurch muss das Kundenunternehmen keine eigenen Ressourcen f\u00fcr die Verwaltung, \u00dcberwachung und Wartung der mobilen Konnektivit\u00e4t f\u00fcr AMI aufwenden.<\/p>\n<h4>eSIM f\u00fcr ein garantiertes Dienstleistungsniveau w\u00e4hrend des gesamten Lebenszyklus<\/h4>\n<p>Dar\u00fcber hinaus kann der Kunde unseren eSIM-Service in Anspruch nehmen, der eine zuverl\u00e4ssige, flexible und betreiberunabh\u00e4ngige IdD\/IoT-Konnektivit\u00e4t \u00fcber den gesamten Lebenszyklus des Systems gew\u00e4hrleistet. Ger\u00e4te, die mit einer eSIM-L\u00f6sung ausgestattet sind, k\u00f6nnen automatisch oder kontrolliert auf den Dienst eines anderen Betreibers \u00fcbertragen werden, um z. B. das erforderliche Serviceniveau oder wettbewerbsf\u00e4hige Preise zu gew\u00e4hrleisten.<\/p>\n","protected":false},"excerpt":{"rendered":"<p>Die Wahl der Kommunikationstechnologie spielt eine Schl\u00fcsselrolle f\u00fcr die Leistung und Zuverl\u00e4ssigkeit des AMM-Systems. Aidon bietet Konnektivit\u00e4tstechnologien f\u00fcr unterschiedliche Bed\u00fcrfnisse und Gegebenheiten an, die miteinander kombiniert werden k\u00f6nnen, um die beste L\u00f6sung f\u00fcr den Kunden zu finden. Die Konnektivit\u00e4t kann auch als Service von uns bezogen werden. Mehrere Faktoren beeinflussen&hellip;<\/p>\n","protected":false},"author":2,"featured_media":7241,"parent":8926,"menu_order":0,"comment_status":"closed","ping_status":"closed","template":"page-single-solutions.php","meta":{"_acf_changed":false,"footnotes":""},"class_list":["post-9593","page","type-page","status-publish","has-post-thumbnail","hentry"],"acf":[],"yoast_head":"<!-- This site is optimized with the Yoast SEO plugin v27.0 - https:\/\/yoast.com\/product\/yoast-seo-wordpress\/ -->\n<title>IoT-Konnektivit\u00e4t - Aidon<\/title>\n<meta name=\"robots\" content=\"index, follow, max-snippet:-1, max-image-preview:large, max-video-preview:-1\" \/>\n<link rel=\"canonical\" href=\"https:\/\/aidon.com\/de\/losungen\/iot-konnektivitaet\/\" \/>\n<meta property=\"og:locale\" content=\"de_DE\" \/>\n<meta property=\"og:type\" content=\"article\" \/>\n<meta property=\"og:title\" content=\"IoT-Konnektivit\u00e4t - Aidon\" \/>\n<meta property=\"og:description\" content=\"Die Wahl der Kommunikationstechnologie spielt eine Schl\u00fcsselrolle f\u00fcr die Leistung und Zuverl\u00e4ssigkeit des AMM-Systems. Aidon bietet Konnektivit\u00e4tstechnologien f\u00fcr unterschiedliche Bed\u00fcrfnisse und Gegebenheiten an, die miteinander kombiniert werden k\u00f6nnen, um die beste L\u00f6sung f\u00fcr den Kunden zu finden. Die Konnektivit\u00e4t kann auch als Service von uns bezogen werden. Mehrere Faktoren beeinflussen&hellip;\" \/>\n<meta property=\"og:url\" content=\"https:\/\/aidon.com\/de\/losungen\/iot-konnektivitaet\/\" \/>\n<meta property=\"og:site_name\" content=\"Aidon\" \/>\n<meta property=\"article:modified_time\" content=\"2023-05-16T11:12:25+00:00\" \/>\n<meta property=\"og:image\" content=\"https:\/\/aidon.com\/wp-content\/uploads\/2022\/08\/iot-1.png\" \/>\n\t<meta property=\"og:image:width\" content=\"397\" \/>\n\t<meta property=\"og:image:height\" content=\"397\" \/>\n\t<meta property=\"og:image:type\" content=\"image\/png\" \/>\n<meta name=\"twitter:card\" content=\"summary_large_image\" \/>\n<meta name=\"twitter:label1\" content=\"Gesch\u00e4tzte Lesezeit\" \/>\n\t<meta name=\"twitter:data1\" content=\"3\u00a0Minuten\" \/>\n<script type=\"application\/ld+json\" class=\"yoast-schema-graph\">{\"@context\":\"https:\/\/schema.org\",\"@graph\":[{\"@type\":\"WebPage\",\"@id\":\"https:\/\/aidon.com\/de\/losungen\/iot-konnektivitaet\/\",\"url\":\"https:\/\/aidon.com\/de\/losungen\/iot-konnektivitaet\/\",\"name\":\"IoT-Konnektivit\u00e4t - Aidon\",\"isPartOf\":{\"@id\":\"https:\/\/aidon.com\/de\/#website\"},\"primaryImageOfPage\":{\"@id\":\"https:\/\/aidon.com\/de\/losungen\/iot-konnektivitaet\/#primaryimage\"},\"image\":{\"@id\":\"https:\/\/aidon.com\/de\/losungen\/iot-konnektivitaet\/#primaryimage\"},\"thumbnailUrl\":\"https:\/\/aidon.com\/wp-content\/uploads\/2022\/08\/iot-1.png\",\"datePublished\":\"2022-08-12T08:43:09+00:00\",\"dateModified\":\"2023-05-16T11:12:25+00:00\",\"breadcrumb\":{\"@id\":\"https:\/\/aidon.com\/de\/losungen\/iot-konnektivitaet\/#breadcrumb\"},\"inLanguage\":\"de\",\"potentialAction\":[{\"@type\":\"ReadAction\",\"target\":[\"https:\/\/aidon.com\/de\/losungen\/iot-konnektivitaet\/\"]}]},{\"@type\":\"ImageObject\",\"inLanguage\":\"de\",\"@id\":\"https:\/\/aidon.com\/de\/losungen\/iot-konnektivitaet\/#primaryimage\",\"url\":\"https:\/\/aidon.com\/wp-content\/uploads\/2022\/08\/iot-1.png\",\"contentUrl\":\"https:\/\/aidon.com\/wp-content\/uploads\/2022\/08\/iot-1.png\",\"width\":397,\"height\":397},{\"@type\":\"BreadcrumbList\",\"@id\":\"https:\/\/aidon.com\/de\/losungen\/iot-konnektivitaet\/#breadcrumb\",\"itemListElement\":[{\"@type\":\"ListItem\",\"position\":1,\"name\":\"L\u00f6sungen\",\"item\":\"https:\/\/aidon.com\/de\/losungen\/\"},{\"@type\":\"ListItem\",\"position\":2,\"name\":\"IoT-Konnektivit\u00e4t\"}]},{\"@type\":\"WebSite\",\"@id\":\"https:\/\/aidon.com\/de\/#website\",\"url\":\"https:\/\/aidon.com\/de\/\",\"name\":\"Aidon\",\"description\":\"\",\"potentialAction\":[{\"@type\":\"SearchAction\",\"target\":{\"@type\":\"EntryPoint\",\"urlTemplate\":\"https:\/\/aidon.com\/de\/?s={search_term_string}\"},\"query-input\":{\"@type\":\"PropertyValueSpecification\",\"valueRequired\":true,\"valueName\":\"search_term_string\"}}],\"inLanguage\":\"de\"}]}<\/script>\n<!-- \/ Yoast SEO plugin. -->","yoast_head_json":{"title":"IoT-Konnektivit\u00e4t - Aidon","robots":{"index":"index","follow":"follow","max-snippet":"max-snippet:-1","max-image-preview":"max-image-preview:large","max-video-preview":"max-video-preview:-1"},"canonical":"https:\/\/aidon.com\/de\/losungen\/iot-konnektivitaet\/","og_locale":"de_DE","og_type":"article","og_title":"IoT-Konnektivit\u00e4t - Aidon","og_description":"Die Wahl der Kommunikationstechnologie spielt eine Schl\u00fcsselrolle f\u00fcr die Leistung und Zuverl\u00e4ssigkeit des AMM-Systems. Aidon bietet Konnektivit\u00e4tstechnologien f\u00fcr unterschiedliche Bed\u00fcrfnisse und Gegebenheiten an, die miteinander kombiniert werden k\u00f6nnen, um die beste L\u00f6sung f\u00fcr den Kunden zu finden. Die Konnektivit\u00e4t kann auch als Service von uns bezogen werden. Mehrere Faktoren beeinflussen&hellip;","og_url":"https:\/\/aidon.com\/de\/losungen\/iot-konnektivitaet\/","og_site_name":"Aidon","article_modified_time":"2023-05-16T11:12:25+00:00","og_image":[{"width":397,"height":397,"url":"https:\/\/aidon.com\/wp-content\/uploads\/2022\/08\/iot-1.png","type":"image\/png"}],"twitter_card":"summary_large_image","twitter_misc":{"Gesch\u00e4tzte Lesezeit":"3\u00a0Minuten"},"schema":{"@context":"https:\/\/schema.org","@graph":[{"@type":"WebPage","@id":"https:\/\/aidon.com\/de\/losungen\/iot-konnektivitaet\/","url":"https:\/\/aidon.com\/de\/losungen\/iot-konnektivitaet\/","name":"IoT-Konnektivit\u00e4t - Aidon","isPartOf":{"@id":"https:\/\/aidon.com\/de\/#website"},"primaryImageOfPage":{"@id":"https:\/\/aidon.com\/de\/losungen\/iot-konnektivitaet\/#primaryimage"},"image":{"@id":"https:\/\/aidon.com\/de\/losungen\/iot-konnektivitaet\/#primaryimage"},"thumbnailUrl":"https:\/\/aidon.com\/wp-content\/uploads\/2022\/08\/iot-1.png","datePublished":"2022-08-12T08:43:09+00:00","dateModified":"2023-05-16T11:12:25+00:00","breadcrumb":{"@id":"https:\/\/aidon.com\/de\/losungen\/iot-konnektivitaet\/#breadcrumb"},"inLanguage":"de","potentialAction":[{"@type":"ReadAction","target":["https:\/\/aidon.com\/de\/losungen\/iot-konnektivitaet\/"]}]},{"@type":"ImageObject","inLanguage":"de","@id":"https:\/\/aidon.com\/de\/losungen\/iot-konnektivitaet\/#primaryimage","url":"https:\/\/aidon.com\/wp-content\/uploads\/2022\/08\/iot-1.png","contentUrl":"https:\/\/aidon.com\/wp-content\/uploads\/2022\/08\/iot-1.png","width":397,"height":397},{"@type":"BreadcrumbList","@id":"https:\/\/aidon.com\/de\/losungen\/iot-konnektivitaet\/#breadcrumb","itemListElement":[{"@type":"ListItem","position":1,"name":"L\u00f6sungen","item":"https:\/\/aidon.com\/de\/losungen\/"},{"@type":"ListItem","position":2,"name":"IoT-Konnektivit\u00e4t"}]},{"@type":"WebSite","@id":"https:\/\/aidon.com\/de\/#website","url":"https:\/\/aidon.com\/de\/","name":"Aidon","description":"","potentialAction":[{"@type":"SearchAction","target":{"@type":"EntryPoint","urlTemplate":"https:\/\/aidon.com\/de\/?s={search_term_string}"},"query-input":{"@type":"PropertyValueSpecification","valueRequired":true,"valueName":"search_term_string"}}],"inLanguage":"de"}]}},"_links":{"self":[{"href":"https:\/\/aidon.com\/de\/wp-json\/wp\/v2\/pages\/9593","targetHints":{"allow":["GET"]}}],"collection":[{"href":"https:\/\/aidon.com\/de\/wp-json\/wp\/v2\/pages"}],"about":[{"href":"https:\/\/aidon.com\/de\/wp-json\/wp\/v2\/types\/page"}],"author":[{"embeddable":true,"href":"https:\/\/aidon.com\/de\/wp-json\/wp\/v2\/users\/2"}],"replies":[{"embeddable":true,"href":"https:\/\/aidon.com\/de\/wp-json\/wp\/v2\/comments?post=9593"}],"version-history":[{"count":4,"href":"https:\/\/aidon.com\/de\/wp-json\/wp\/v2\/pages\/9593\/revisions"}],"predecessor-version":[{"id":10211,"href":"https:\/\/aidon.com\/de\/wp-json\/wp\/v2\/pages\/9593\/revisions\/10211"}],"up":[{"embeddable":true,"href":"https:\/\/aidon.com\/de\/wp-json\/wp\/v2\/pages\/8926"}],"wp:featuredmedia":[{"embeddable":true,"href":"https:\/\/aidon.com\/de\/wp-json\/wp\/v2\/media\/7241"}],"wp:attachment":[{"href":"https:\/\/aidon.com\/de\/wp-json\/wp\/v2\/media?parent=9593"}],"curies":[{"name":"wp","href":"https:\/\/api.w.org\/{rel}","templated":true}]}}