{"id":9591,"date":"2022-08-10T12:52:49","date_gmt":"2022-08-10T09:52:49","guid":{"rendered":"https:\/\/aidon.com\/?page_id=9591"},"modified":"2026-01-22T13:42:51","modified_gmt":"2026-01-22T11:42:51","slug":"messdienstleistungen-und-systeme","status":"publish","type":"page","link":"https:\/\/aidon.com\/de\/losungen\/messdienstleistungen-und-systeme\/","title":{"rendered":"Messdienst&shy;leistungen und -systeme"},"content":{"rendered":"<p><img loading=\"lazy\" decoding=\"async\" class=\"alignnone wp-image-6411 size-full\" src=\"https:\/\/aidon.com\/wp-content\/uploads\/2023\/02\/Aidon_Metering_Services_and_Systems_web_900.png\" alt=\"\" width=\"900\" height=\"369\" srcset=\"https:\/\/aidon.com\/wp-content\/uploads\/2023\/02\/Aidon_Metering_Services_and_Systems_web_900.png 900w, https:\/\/aidon.com\/wp-content\/uploads\/2023\/02\/Aidon_Metering_Services_and_Systems_web_900-300x123.png 300w, https:\/\/aidon.com\/wp-content\/uploads\/2023\/02\/Aidon_Metering_Services_and_Systems_web_900-768x315.png 768w\" sizes=\"auto, (max-width: 900px) 100vw, 900px\" \/><\/p>\n<p><strong>AMI (Advanced Metering Infrastructure) ist ein wesentlicher Bestandteil des Energieverteilungssystems: Es liefert die notwendigen Daten f\u00fcr die Rechnungsstellung und sichert gleichzeitig die Prozesse der Energieverteilung und Netzwartung.<\/strong><\/p>\n<p>Aidon bietet Messfunktionalit\u00e4t in drei alternativen L\u00f6sungsmodellen an, aus denen der Verteilernetzbetreiber die am besten zu seinem eigenen Betriebsmodell passende Option w\u00e4hlen kann.<\/p>\n<h4>Messen als Dienstleistung (MaaS)<\/h4>\n<p>Ein umfassender Service, bei dem Aidon f\u00fcr den gesamten Messbetrieb des Kunden verantwortlich ist, von den Ger\u00e4ten bis hin zu den Gesch\u00e4ftssystemen des Verteilernetzbetreibers. Dieser Messdienst basiert auf der von Aidon entwickelten modernen Service-Provisioning-Plattform, deren St\u00e4rken ein hoher Automatisierungsgrad und eine einfache Integration mit den Systemen des Kunden sind.<\/p>\n<h4>Aidon ACloud, Software-as-a-Service (SaaS)<\/h4>\n<p>Aidon k\u00fcmmert sich um die Einrichtung der Systemumgebung sowie um das Systemhosting, die lebenslange Wartung und Sicherheitsupdates. Die Kunden bedienen das Cloud-basierte System \u00fcber eine webbasierte Benutzeroberfl\u00e4che und\/oder Integrationsschnittstellen.<\/p>\n<h4>Aidon Gateware, vom Kunden verwaltet<\/h4>\n<p>Ein vor Ort installiertes Messsystem, das in einer vom Kunden verwalteten und gewarteten IT-Umgebung l\u00e4uft. Der Kunde ist f\u00fcr den laufenden Betrieb des Systems verantwortlich. Die Gateware verf\u00fcgt \u00fcber eine anwenderorientierte, webbasierte Benutzeroberfl\u00e4che, die f\u00fcr eine nahtlose Steuerung des Betriebs ausgelegt ist. Das System bietet moderne und vielseitige Integrationsschnittstellen zu anderen Systemen des Kunden.<\/p>\n<p>&nbsp;<\/p>\n<hr \/>\n<p>&nbsp;<\/p>\n<h4>Lesen Sie mehr \u00fcber Aidon MaaS:<\/h4>\n<p>Over 1 million energy metering points in Aidon\u2019s Metering Service<br \/>\n<a href=\"https:\/\/aidon.com\/de\/over-1-million-energy-metering-points-in-aidons-metering-service\/\" target=\"_blank\" rel=\"noopener\">Lesen Sie die Pressemitteilung<\/a><\/p>\n<p>Two burning topics: chili growing and metering as a service<br \/>\n<a href=\"https:\/\/aidon.com\/de\/two-hot-topics-chili-growing-and-metering-as-a-service\/\" target=\"_blank\" rel=\"noopener\">Lesen Sie Juha J\u00e4rvenp\u00e4\u00e4s \u00dcberlegungen<\/a><\/p>\n","protected":false},"excerpt":{"rendered":"<p>AMI (Advanced Metering Infrastructure) ist ein wesentlicher Bestandteil des Energieverteilungssystems: Es liefert die notwendigen Daten f\u00fcr die Rechnungsstellung und sichert gleichzeitig die Prozesse der Energieverteilung und Netzwartung. Aidon bietet Messfunktionalit\u00e4t in drei alternativen L\u00f6sungsmodellen an, aus denen der Verteilernetzbetreiber die am besten zu seinem eigenen Betriebsmodell passende Option w\u00e4hlen kann.&hellip;<\/p>\n","protected":false},"author":2,"featured_media":7249,"parent":8926,"menu_order":0,"comment_status":"closed","ping_status":"closed","template":"page-single-solutions.php","meta":{"_acf_changed":false,"footnotes":""},"class_list":["post-9591","page","type-page","status-publish","has-post-thumbnail","hentry"],"acf":[],"yoast_head":"<!-- This site is optimized with the Yoast SEO plugin v27.0 - https:\/\/yoast.com\/product\/yoast-seo-wordpress\/ -->\n<title>Messdienst&shy;leistungen und -systeme - Aidon<\/title>\n<meta name=\"robots\" content=\"index, follow, max-snippet:-1, max-image-preview:large, max-video-preview:-1\" \/>\n<link rel=\"canonical\" href=\"https:\/\/aidon.com\/de\/losungen\/messdienstleistungen-und-systeme\/\" \/>\n<meta property=\"og:locale\" content=\"de_DE\" \/>\n<meta property=\"og:type\" content=\"article\" \/>\n<meta property=\"og:title\" content=\"Messdienst&shy;leistungen und -systeme - Aidon\" \/>\n<meta property=\"og:description\" content=\"AMI (Advanced Metering Infrastructure) ist ein wesentlicher Bestandteil des Energieverteilungssystems: Es liefert die notwendigen Daten f\u00fcr die Rechnungsstellung und sichert gleichzeitig die Prozesse der Energieverteilung und Netzwartung. Aidon bietet Messfunktionalit\u00e4t in drei alternativen L\u00f6sungsmodellen an, aus denen der Verteilernetzbetreiber die am besten zu seinem eigenen Betriebsmodell passende Option w\u00e4hlen kann.&hellip;\" \/>\n<meta property=\"og:url\" content=\"https:\/\/aidon.com\/de\/losungen\/messdienstleistungen-und-systeme\/\" \/>\n<meta property=\"og:site_name\" content=\"Aidon\" \/>\n<meta property=\"article:modified_time\" content=\"2026-01-22T11:42:51+00:00\" \/>\n<meta property=\"og:image\" content=\"https:\/\/aidon.com\/wp-content\/uploads\/2022\/08\/metering-2.png\" \/>\n\t<meta property=\"og:image:width\" content=\"397\" \/>\n\t<meta property=\"og:image:height\" content=\"397\" \/>\n\t<meta property=\"og:image:type\" content=\"image\/png\" \/>\n<meta name=\"twitter:card\" content=\"summary_large_image\" \/>\n<meta name=\"twitter:label1\" content=\"Gesch\u00e4tzte Lesezeit\" \/>\n\t<meta name=\"twitter:data1\" content=\"2\u00a0Minuten\" \/>\n<script type=\"application\/ld+json\" class=\"yoast-schema-graph\">{\"@context\":\"https:\/\/schema.org\",\"@graph\":[{\"@type\":\"WebPage\",\"@id\":\"https:\/\/aidon.com\/de\/losungen\/messdienstleistungen-und-systeme\/\",\"url\":\"https:\/\/aidon.com\/de\/losungen\/messdienstleistungen-und-systeme\/\",\"name\":\"Messdienst&shy;leistungen und -systeme - Aidon\",\"isPartOf\":{\"@id\":\"https:\/\/aidon.com\/de\/#website\"},\"primaryImageOfPage\":{\"@id\":\"https:\/\/aidon.com\/de\/losungen\/messdienstleistungen-und-systeme\/#primaryimage\"},\"image\":{\"@id\":\"https:\/\/aidon.com\/de\/losungen\/messdienstleistungen-und-systeme\/#primaryimage\"},\"thumbnailUrl\":\"https:\/\/aidon.com\/wp-content\/uploads\/2022\/08\/metering-2.png\",\"datePublished\":\"2022-08-10T09:52:49+00:00\",\"dateModified\":\"2026-01-22T11:42:51+00:00\",\"breadcrumb\":{\"@id\":\"https:\/\/aidon.com\/de\/losungen\/messdienstleistungen-und-systeme\/#breadcrumb\"},\"inLanguage\":\"de\",\"potentialAction\":[{\"@type\":\"ReadAction\",\"target\":[\"https:\/\/aidon.com\/de\/losungen\/messdienstleistungen-und-systeme\/\"]}]},{\"@type\":\"ImageObject\",\"inLanguage\":\"de\",\"@id\":\"https:\/\/aidon.com\/de\/losungen\/messdienstleistungen-und-systeme\/#primaryimage\",\"url\":\"https:\/\/aidon.com\/wp-content\/uploads\/2022\/08\/metering-2.png\",\"contentUrl\":\"https:\/\/aidon.com\/wp-content\/uploads\/2022\/08\/metering-2.png\",\"width\":397,\"height\":397},{\"@type\":\"BreadcrumbList\",\"@id\":\"https:\/\/aidon.com\/de\/losungen\/messdienstleistungen-und-systeme\/#breadcrumb\",\"itemListElement\":[{\"@type\":\"ListItem\",\"position\":1,\"name\":\"L\u00f6sungen\",\"item\":\"https:\/\/aidon.com\/de\/losungen\/\"},{\"@type\":\"ListItem\",\"position\":2,\"name\":\"Messdienst&shy;leistungen und -systeme\"}]},{\"@type\":\"WebSite\",\"@id\":\"https:\/\/aidon.com\/de\/#website\",\"url\":\"https:\/\/aidon.com\/de\/\",\"name\":\"Aidon\",\"description\":\"\",\"potentialAction\":[{\"@type\":\"SearchAction\",\"target\":{\"@type\":\"EntryPoint\",\"urlTemplate\":\"https:\/\/aidon.com\/de\/?s={search_term_string}\"},\"query-input\":{\"@type\":\"PropertyValueSpecification\",\"valueRequired\":true,\"valueName\":\"search_term_string\"}}],\"inLanguage\":\"de\"}]}<\/script>\n<!-- \/ Yoast SEO plugin. -->","yoast_head_json":{"title":"Messdienst&shy;leistungen und -systeme - Aidon","robots":{"index":"index","follow":"follow","max-snippet":"max-snippet:-1","max-image-preview":"max-image-preview:large","max-video-preview":"max-video-preview:-1"},"canonical":"https:\/\/aidon.com\/de\/losungen\/messdienstleistungen-und-systeme\/","og_locale":"de_DE","og_type":"article","og_title":"Messdienst&shy;leistungen und -systeme - Aidon","og_description":"AMI (Advanced Metering Infrastructure) ist ein wesentlicher Bestandteil des Energieverteilungssystems: Es liefert die notwendigen Daten f\u00fcr die Rechnungsstellung und sichert gleichzeitig die Prozesse der Energieverteilung und Netzwartung. Aidon bietet Messfunktionalit\u00e4t in drei alternativen L\u00f6sungsmodellen an, aus denen der Verteilernetzbetreiber die am besten zu seinem eigenen Betriebsmodell passende Option w\u00e4hlen kann.&hellip;","og_url":"https:\/\/aidon.com\/de\/losungen\/messdienstleistungen-und-systeme\/","og_site_name":"Aidon","article_modified_time":"2026-01-22T11:42:51+00:00","og_image":[{"width":397,"height":397,"url":"https:\/\/aidon.com\/wp-content\/uploads\/2022\/08\/metering-2.png","type":"image\/png"}],"twitter_card":"summary_large_image","twitter_misc":{"Gesch\u00e4tzte Lesezeit":"2\u00a0Minuten"},"schema":{"@context":"https:\/\/schema.org","@graph":[{"@type":"WebPage","@id":"https:\/\/aidon.com\/de\/losungen\/messdienstleistungen-und-systeme\/","url":"https:\/\/aidon.com\/de\/losungen\/messdienstleistungen-und-systeme\/","name":"Messdienst&shy;leistungen und -systeme - Aidon","isPartOf":{"@id":"https:\/\/aidon.com\/de\/#website"},"primaryImageOfPage":{"@id":"https:\/\/aidon.com\/de\/losungen\/messdienstleistungen-und-systeme\/#primaryimage"},"image":{"@id":"https:\/\/aidon.com\/de\/losungen\/messdienstleistungen-und-systeme\/#primaryimage"},"thumbnailUrl":"https:\/\/aidon.com\/wp-content\/uploads\/2022\/08\/metering-2.png","datePublished":"2022-08-10T09:52:49+00:00","dateModified":"2026-01-22T11:42:51+00:00","breadcrumb":{"@id":"https:\/\/aidon.com\/de\/losungen\/messdienstleistungen-und-systeme\/#breadcrumb"},"inLanguage":"de","potentialAction":[{"@type":"ReadAction","target":["https:\/\/aidon.com\/de\/losungen\/messdienstleistungen-und-systeme\/"]}]},{"@type":"ImageObject","inLanguage":"de","@id":"https:\/\/aidon.com\/de\/losungen\/messdienstleistungen-und-systeme\/#primaryimage","url":"https:\/\/aidon.com\/wp-content\/uploads\/2022\/08\/metering-2.png","contentUrl":"https:\/\/aidon.com\/wp-content\/uploads\/2022\/08\/metering-2.png","width":397,"height":397},{"@type":"BreadcrumbList","@id":"https:\/\/aidon.com\/de\/losungen\/messdienstleistungen-und-systeme\/#breadcrumb","itemListElement":[{"@type":"ListItem","position":1,"name":"L\u00f6sungen","item":"https:\/\/aidon.com\/de\/losungen\/"},{"@type":"ListItem","position":2,"name":"Messdienst&shy;leistungen und -systeme"}]},{"@type":"WebSite","@id":"https:\/\/aidon.com\/de\/#website","url":"https:\/\/aidon.com\/de\/","name":"Aidon","description":"","potentialAction":[{"@type":"SearchAction","target":{"@type":"EntryPoint","urlTemplate":"https:\/\/aidon.com\/de\/?s={search_term_string}"},"query-input":{"@type":"PropertyValueSpecification","valueRequired":true,"valueName":"search_term_string"}}],"inLanguage":"de"}]}},"_links":{"self":[{"href":"https:\/\/aidon.com\/de\/wp-json\/wp\/v2\/pages\/9591","targetHints":{"allow":["GET"]}}],"collection":[{"href":"https:\/\/aidon.com\/de\/wp-json\/wp\/v2\/pages"}],"about":[{"href":"https:\/\/aidon.com\/de\/wp-json\/wp\/v2\/types\/page"}],"author":[{"embeddable":true,"href":"https:\/\/aidon.com\/de\/wp-json\/wp\/v2\/users\/2"}],"replies":[{"embeddable":true,"href":"https:\/\/aidon.com\/de\/wp-json\/wp\/v2\/comments?post=9591"}],"version-history":[{"count":17,"href":"https:\/\/aidon.com\/de\/wp-json\/wp\/v2\/pages\/9591\/revisions"}],"predecessor-version":[{"id":18432,"href":"https:\/\/aidon.com\/de\/wp-json\/wp\/v2\/pages\/9591\/revisions\/18432"}],"up":[{"embeddable":true,"href":"https:\/\/aidon.com\/de\/wp-json\/wp\/v2\/pages\/8926"}],"wp:featuredmedia":[{"embeddable":true,"href":"https:\/\/aidon.com\/de\/wp-json\/wp\/v2\/media\/7249"}],"wp:attachment":[{"href":"https:\/\/aidon.com\/de\/wp-json\/wp\/v2\/media?parent=9591"}],"curies":[{"name":"wp","href":"https:\/\/api.w.org\/{rel}","templated":true}]}}