{"id":8934,"date":"2022-08-23T11:24:48","date_gmt":"2022-08-23T08:24:48","guid":{"rendered":"https:\/\/aidon.com\/?page_id=8934"},"modified":"2026-01-27T11:51:43","modified_gmt":"2026-01-27T09:51:43","slug":"kontakt","status":"publish","type":"page","link":"https:\/\/aidon.com\/de\/kontakt\/","title":{"rendered":"Kontakt"},"content":{"rendered":"<h2>Wie k\u00f6nnen wir Ihnen helfen?<\/h2>\n<p>Sind Sie an unseren L\u00f6sungen interessiert oder m\u00f6chten Sie aus einem anderen Grund mit uns Kontakt aufnehmen? Bitte f\u00fcllen Sie das Anfrageformular aus und beschreiben Sie Ihr Anliegen. Wir antworten Ihnen so schnell wie m\u00f6glich!<\/p>\n<p><a class=\"cta inside\" href=\"https:\/\/aidon.com\/de\/kontaktformular\/\" target=\"_blank\" rel=\"noopener\">Kontakt<\/a><\/p>\n<p>&nbsp;<\/p>\n","protected":false},"excerpt":{"rendered":"<p>Wie k\u00f6nnen wir Ihnen helfen? Sind Sie an unseren L\u00f6sungen interessiert oder m\u00f6chten Sie aus einem anderen Grund mit uns Kontakt aufnehmen? Bitte f\u00fcllen Sie das Anfrageformular aus und beschreiben Sie Ihr Anliegen. Wir antworten Ihnen so schnell wie m\u00f6glich! Kontakt &nbsp;<\/p>\n","protected":false},"author":2,"featured_media":7272,"parent":0,"menu_order":0,"comment_status":"closed","ping_status":"closed","template":"","meta":{"_acf_changed":false,"footnotes":""},"class_list":["post-8934","page","type-page","status-publish","has-post-thumbnail","hentry"],"acf":[],"yoast_head":"<!-- This site is optimized with the Yoast SEO plugin v27.5 - https:\/\/yoast.com\/product\/yoast-seo-wordpress\/ -->\n<title>Kontakt - Aidon<\/title>\n<meta name=\"robots\" content=\"index, follow, max-snippet:-1, max-image-preview:large, max-video-preview:-1\" \/>\n<link rel=\"canonical\" href=\"https:\/\/aidon.com\/de\/kontakt\/\" \/>\n<meta property=\"og:locale\" content=\"de_DE\" \/>\n<meta property=\"og:type\" content=\"article\" \/>\n<meta property=\"og:title\" content=\"Kontakt - Aidon\" \/>\n<meta property=\"og:description\" content=\"Wie k\u00f6nnen wir Ihnen helfen? Sind Sie an unseren L\u00f6sungen interessiert oder m\u00f6chten Sie aus einem anderen Grund mit uns Kontakt aufnehmen? Bitte f\u00fcllen Sie das Anfrageformular aus und beschreiben Sie Ihr Anliegen. Wir antworten Ihnen so schnell wie m\u00f6glich! Kontakt &nbsp;\" \/>\n<meta property=\"og:url\" content=\"https:\/\/aidon.com\/de\/kontakt\/\" \/>\n<meta property=\"og:site_name\" content=\"Aidon\" \/>\n<meta property=\"article:modified_time\" content=\"2026-01-27T09:51:43+00:00\" \/>\n<meta property=\"og:image\" content=\"https:\/\/aidon.com\/wp-content\/uploads\/2022\/08\/AidonCom_Contact_Desktop.jpg\" \/>\n\t<meta property=\"og:image:width\" content=\"1920\" \/>\n\t<meta property=\"og:image:height\" content=\"768\" \/>\n\t<meta property=\"og:image:type\" content=\"image\/jpeg\" \/>\n<meta name=\"twitter:card\" content=\"summary_large_image\" \/>\n<meta name=\"twitter:label1\" content=\"Gesch\u00e4tzte Lesezeit\" \/>\n\t<meta name=\"twitter:data1\" content=\"1\u00a0Minute\" \/>\n<script type=\"application\/ld+json\" class=\"yoast-schema-graph\">{\"@context\":\"https:\\\/\\\/schema.org\",\"@graph\":[{\"@type\":\"WebPage\",\"@id\":\"https:\\\/\\\/aidon.com\\\/de\\\/kontakt\\\/\",\"url\":\"https:\\\/\\\/aidon.com\\\/de\\\/kontakt\\\/\",\"name\":\"Kontakt - Aidon\",\"isPartOf\":{\"@id\":\"https:\\\/\\\/aidon.com\\\/de\\\/#website\"},\"primaryImageOfPage\":{\"@id\":\"https:\\\/\\\/aidon.com\\\/de\\\/kontakt\\\/#primaryimage\"},\"image\":{\"@id\":\"https:\\\/\\\/aidon.com\\\/de\\\/kontakt\\\/#primaryimage\"},\"thumbnailUrl\":\"https:\\\/\\\/aidon.com\\\/wp-content\\\/uploads\\\/2022\\\/08\\\/AidonCom_Contact_Desktop.jpg\",\"datePublished\":\"2022-08-23T08:24:48+00:00\",\"dateModified\":\"2026-01-27T09:51:43+00:00\",\"inLanguage\":\"de\",\"potentialAction\":[{\"@type\":\"ReadAction\",\"target\":[\"https:\\\/\\\/aidon.com\\\/de\\\/kontakt\\\/\"]}]},{\"@type\":\"ImageObject\",\"inLanguage\":\"de\",\"@id\":\"https:\\\/\\\/aidon.com\\\/de\\\/kontakt\\\/#primaryimage\",\"url\":\"https:\\\/\\\/aidon.com\\\/wp-content\\\/uploads\\\/2022\\\/08\\\/AidonCom_Contact_Desktop.jpg\",\"contentUrl\":\"https:\\\/\\\/aidon.com\\\/wp-content\\\/uploads\\\/2022\\\/08\\\/AidonCom_Contact_Desktop.jpg\",\"width\":1920,\"height\":768},{\"@type\":\"WebSite\",\"@id\":\"https:\\\/\\\/aidon.com\\\/de\\\/#website\",\"url\":\"https:\\\/\\\/aidon.com\\\/de\\\/\",\"name\":\"Aidon\",\"description\":\"\",\"potentialAction\":[{\"@type\":\"SearchAction\",\"target\":{\"@type\":\"EntryPoint\",\"urlTemplate\":\"https:\\\/\\\/aidon.com\\\/de\\\/?s={search_term_string}\"},\"query-input\":{\"@type\":\"PropertyValueSpecification\",\"valueRequired\":true,\"valueName\":\"search_term_string\"}}],\"inLanguage\":\"de\"}]}<\/script>\n<!-- \/ Yoast SEO plugin. -->","yoast_head_json":{"title":"Kontakt - Aidon","robots":{"index":"index","follow":"follow","max-snippet":"max-snippet:-1","max-image-preview":"max-image-preview:large","max-video-preview":"max-video-preview:-1"},"canonical":"https:\/\/aidon.com\/de\/kontakt\/","og_locale":"de_DE","og_type":"article","og_title":"Kontakt - Aidon","og_description":"Wie k\u00f6nnen wir Ihnen helfen? Sind Sie an unseren L\u00f6sungen interessiert oder m\u00f6chten Sie aus einem anderen Grund mit uns Kontakt aufnehmen? Bitte f\u00fcllen Sie das Anfrageformular aus und beschreiben Sie Ihr Anliegen. Wir antworten Ihnen so schnell wie m\u00f6glich! Kontakt &nbsp;","og_url":"https:\/\/aidon.com\/de\/kontakt\/","og_site_name":"Aidon","article_modified_time":"2026-01-27T09:51:43+00:00","og_image":[{"width":1920,"height":768,"url":"https:\/\/aidon.com\/wp-content\/uploads\/2022\/08\/AidonCom_Contact_Desktop.jpg","type":"image\/jpeg"}],"twitter_card":"summary_large_image","twitter_misc":{"Gesch\u00e4tzte Lesezeit":"1\u00a0Minute"},"schema":{"@context":"https:\/\/schema.org","@graph":[{"@type":"WebPage","@id":"https:\/\/aidon.com\/de\/kontakt\/","url":"https:\/\/aidon.com\/de\/kontakt\/","name":"Kontakt - Aidon","isPartOf":{"@id":"https:\/\/aidon.com\/de\/#website"},"primaryImageOfPage":{"@id":"https:\/\/aidon.com\/de\/kontakt\/#primaryimage"},"image":{"@id":"https:\/\/aidon.com\/de\/kontakt\/#primaryimage"},"thumbnailUrl":"https:\/\/aidon.com\/wp-content\/uploads\/2022\/08\/AidonCom_Contact_Desktop.jpg","datePublished":"2022-08-23T08:24:48+00:00","dateModified":"2026-01-27T09:51:43+00:00","inLanguage":"de","potentialAction":[{"@type":"ReadAction","target":["https:\/\/aidon.com\/de\/kontakt\/"]}]},{"@type":"ImageObject","inLanguage":"de","@id":"https:\/\/aidon.com\/de\/kontakt\/#primaryimage","url":"https:\/\/aidon.com\/wp-content\/uploads\/2022\/08\/AidonCom_Contact_Desktop.jpg","contentUrl":"https:\/\/aidon.com\/wp-content\/uploads\/2022\/08\/AidonCom_Contact_Desktop.jpg","width":1920,"height":768},{"@type":"WebSite","@id":"https:\/\/aidon.com\/de\/#website","url":"https:\/\/aidon.com\/de\/","name":"Aidon","description":"","potentialAction":[{"@type":"SearchAction","target":{"@type":"EntryPoint","urlTemplate":"https:\/\/aidon.com\/de\/?s={search_term_string}"},"query-input":{"@type":"PropertyValueSpecification","valueRequired":true,"valueName":"search_term_string"}}],"inLanguage":"de"}]}},"_links":{"self":[{"href":"https:\/\/aidon.com\/de\/wp-json\/wp\/v2\/pages\/8934","targetHints":{"allow":["GET"]}}],"collection":[{"href":"https:\/\/aidon.com\/de\/wp-json\/wp\/v2\/pages"}],"about":[{"href":"https:\/\/aidon.com\/de\/wp-json\/wp\/v2\/types\/page"}],"author":[{"embeddable":true,"href":"https:\/\/aidon.com\/de\/wp-json\/wp\/v2\/users\/2"}],"replies":[{"embeddable":true,"href":"https:\/\/aidon.com\/de\/wp-json\/wp\/v2\/comments?post=8934"}],"version-history":[{"count":45,"href":"https:\/\/aidon.com\/de\/wp-json\/wp\/v2\/pages\/8934\/revisions"}],"predecessor-version":[{"id":18505,"href":"https:\/\/aidon.com\/de\/wp-json\/wp\/v2\/pages\/8934\/revisions\/18505"}],"wp:featuredmedia":[{"embeddable":true,"href":"https:\/\/aidon.com\/de\/wp-json\/wp\/v2\/media\/7272"}],"wp:attachment":[{"href":"https:\/\/aidon.com\/de\/wp-json\/wp\/v2\/media?parent=8934"}],"curies":[{"name":"wp","href":"https:\/\/api.w.org\/{rel}","templated":true}]}}