{"id":8930,"date":"2022-08-15T09:51:54","date_gmt":"2022-08-15T06:51:54","guid":{"rendered":"https:\/\/aidon.com\/?page_id=8930"},"modified":"2025-06-27T15:50:26","modified_gmt":"2025-06-27T12:50:26","slug":"uber-uns","status":"publish","type":"page","link":"https:\/\/aidon.com\/de\/uber-uns\/","title":{"rendered":"\u00dcber uns"},"content":{"rendered":"<h2>Erm\u00f6glichung eines intelligenten Energielebensstils<\/h2>\n<p><strong>Aidon ist ein f\u00fchrender Anbieter von hochmodernen L\u00f6sungen f\u00fcr die Verbrauchsmessung und intelligenten Stromnetzen f\u00fcr Energieverteilernetzbetreiber. Mit unseren Innovationen unterst\u00fctzen wir unsere Kunden beim \u00dcbergang zu einem CO2-neutralen Energiesystem.<\/strong><\/p>\n<p>Eine zentrale Herausforderung der Energiewende ist die zunehmend dezentrale Erzeugung erneuerbarer Energie. Gleichzeitig m\u00fcssen wir aus der Nutzung fossiler Brennstoffe als Energiequelle aussteigen, was bedeutet, dass der Stromverbrauch rapide ansteigt.<\/p>\n<p>Der Ausgleich zwischen unterschiedlichen, variierenden Erzeugungsquellen und der steigenden Stromnachfrage erfordert neue Ideen und eine neue Flexibilit\u00e4t des Energieverteilungsnetzes.<\/p>\n<p>Wir unterst\u00fctzen unsere Kunden mit solchen Ideen, indem wir mit dem Einsatz von neuen Technologien detaillierte Sensordaten von intelligenten Z\u00e4hlern und Ger\u00e4ten sammeln und fortschrittliche Analysen und Informationsauswertung anwenden. Wir helfen unseren Kunden, ihre Prozesse zu digitalisieren und die Effizienz des Netzbetriebs zu steigern.<\/p>\n<p>Heute sind die Ger\u00e4te von Aidon und die dazugeh\u00f6rigen Software-Systeml\u00f6sungen f\u00fcr mehr als 140 Verteilernetzbetreiber in den nordischen L\u00e4ndern der Schl\u00fcssel zur Schaffung eines zuverl\u00e4ssigeren Netzes und zur Steigerung der Energieeffizienz.<\/p>\n<a href=\"\/about-us\"><strong>Read more about us on our global website (in English) \u00bb<\/strong><\/a>\n<p>&nbsp;<\/p>\n<a href=\"\/about-us\"><img loading=\"lazy\" decoding=\"async\" class=\"alignnone wp-image-17057 size-full\" src=\"https:\/\/aidon.com\/wp-content\/uploads\/2025\/06\/About-us-thumbnails-en-2025.jpg\" alt=\"\" width=\"500\" height=\"337\" srcset=\"https:\/\/aidon.com\/wp-content\/uploads\/2025\/06\/About-us-thumbnails-en-2025.jpg 500w, https:\/\/aidon.com\/wp-content\/uploads\/2025\/06\/About-us-thumbnails-en-2025-300x202.jpg 300w\" sizes=\"auto, (max-width: 500px) 100vw, 500px\" \/><\/a>\n<p>&nbsp;<\/p>\n<p>&nbsp;<\/p>\n<p>&nbsp;<\/p>\n","protected":false},"excerpt":{"rendered":"<p>Erm\u00f6glichung eines intelligenten Energielebensstils Aidon ist ein f\u00fchrender Anbieter von hochmodernen L\u00f6sungen f\u00fcr die Verbrauchsmessung und intelligenten Stromnetzen f\u00fcr Energieverteilernetzbetreiber. Mit unseren Innovationen unterst\u00fctzen wir unsere Kunden beim \u00dcbergang zu einem CO2-neutralen Energiesystem. Eine zentrale Herausforderung der Energiewende ist die zunehmend dezentrale Erzeugung erneuerbarer Energie. Gleichzeitig m\u00fcssen wir aus der&hellip;<\/p>\n","protected":false},"author":2,"featured_media":7490,"parent":0,"menu_order":0,"comment_status":"closed","ping_status":"closed","template":"page-about.php","meta":{"_acf_changed":false,"footnotes":""},"class_list":["post-8930","page","type-page","status-publish","has-post-thumbnail","hentry"],"acf":[],"yoast_head":"<!-- This site is optimized with the Yoast SEO plugin v27.0 - https:\/\/yoast.com\/product\/yoast-seo-wordpress\/ -->\n<title>\u00dcber uns - Aidon<\/title>\n<meta name=\"robots\" content=\"index, follow, max-snippet:-1, max-image-preview:large, max-video-preview:-1\" \/>\n<link rel=\"canonical\" href=\"https:\/\/aidon.com\/de\/uber-uns\/\" \/>\n<meta property=\"og:locale\" content=\"de_DE\" \/>\n<meta property=\"og:type\" content=\"article\" \/>\n<meta property=\"og:title\" content=\"\u00dcber uns - Aidon\" \/>\n<meta property=\"og:description\" content=\"Erm\u00f6glichung eines intelligenten Energielebensstils Aidon ist ein f\u00fchrender Anbieter von hochmodernen L\u00f6sungen f\u00fcr die Verbrauchsmessung und intelligenten Stromnetzen f\u00fcr Energieverteilernetzbetreiber. Mit unseren Innovationen unterst\u00fctzen wir unsere Kunden beim \u00dcbergang zu einem CO2-neutralen Energiesystem. Eine zentrale Herausforderung der Energiewende ist die zunehmend dezentrale Erzeugung erneuerbarer Energie. Gleichzeitig m\u00fcssen wir aus der&hellip;\" \/>\n<meta property=\"og:url\" content=\"https:\/\/aidon.com\/de\/uber-uns\/\" \/>\n<meta property=\"og:site_name\" content=\"Aidon\" \/>\n<meta property=\"article:modified_time\" content=\"2025-06-27T12:50:26+00:00\" \/>\n<meta property=\"og:image\" content=\"https:\/\/aidon.com\/wp-content\/uploads\/2022\/09\/Aidon_Timelapse_JKL_24X-4-100-5.jpg\" \/>\n\t<meta property=\"og:image:width\" content=\"2268\" \/>\n\t<meta property=\"og:image:height\" content=\"1064\" \/>\n\t<meta property=\"og:image:type\" content=\"image\/jpeg\" \/>\n<meta name=\"twitter:card\" content=\"summary_large_image\" \/>\n<meta name=\"twitter:label1\" content=\"Gesch\u00e4tzte Lesezeit\" \/>\n\t<meta name=\"twitter:data1\" content=\"2\u00a0Minuten\" \/>\n<script type=\"application\/ld+json\" class=\"yoast-schema-graph\">{\"@context\":\"https:\/\/schema.org\",\"@graph\":[{\"@type\":\"WebPage\",\"@id\":\"https:\/\/aidon.com\/de\/uber-uns\/\",\"url\":\"https:\/\/aidon.com\/de\/uber-uns\/\",\"name\":\"\u00dcber uns - Aidon\",\"isPartOf\":{\"@id\":\"https:\/\/aidon.com\/de\/#website\"},\"primaryImageOfPage\":{\"@id\":\"https:\/\/aidon.com\/de\/uber-uns\/#primaryimage\"},\"image\":{\"@id\":\"https:\/\/aidon.com\/de\/uber-uns\/#primaryimage\"},\"thumbnailUrl\":\"https:\/\/aidon.com\/wp-content\/uploads\/2022\/09\/Aidon_Timelapse_JKL_24X-4-100-5.jpg\",\"datePublished\":\"2022-08-15T06:51:54+00:00\",\"dateModified\":\"2025-06-27T12:50:26+00:00\",\"inLanguage\":\"de\",\"potentialAction\":[{\"@type\":\"ReadAction\",\"target\":[\"https:\/\/aidon.com\/de\/uber-uns\/\"]}]},{\"@type\":\"ImageObject\",\"inLanguage\":\"de\",\"@id\":\"https:\/\/aidon.com\/de\/uber-uns\/#primaryimage\",\"url\":\"https:\/\/aidon.com\/wp-content\/uploads\/2022\/09\/Aidon_Timelapse_JKL_24X-4-100-5.jpg\",\"contentUrl\":\"https:\/\/aidon.com\/wp-content\/uploads\/2022\/09\/Aidon_Timelapse_JKL_24X-4-100-5.jpg\",\"width\":2268,\"height\":1064},{\"@type\":\"WebSite\",\"@id\":\"https:\/\/aidon.com\/de\/#website\",\"url\":\"https:\/\/aidon.com\/de\/\",\"name\":\"Aidon\",\"description\":\"\",\"potentialAction\":[{\"@type\":\"SearchAction\",\"target\":{\"@type\":\"EntryPoint\",\"urlTemplate\":\"https:\/\/aidon.com\/de\/?s={search_term_string}\"},\"query-input\":{\"@type\":\"PropertyValueSpecification\",\"valueRequired\":true,\"valueName\":\"search_term_string\"}}],\"inLanguage\":\"de\"}]}<\/script>\n<!-- \/ Yoast SEO plugin. -->","yoast_head_json":{"title":"\u00dcber uns - Aidon","robots":{"index":"index","follow":"follow","max-snippet":"max-snippet:-1","max-image-preview":"max-image-preview:large","max-video-preview":"max-video-preview:-1"},"canonical":"https:\/\/aidon.com\/de\/uber-uns\/","og_locale":"de_DE","og_type":"article","og_title":"\u00dcber uns - Aidon","og_description":"Erm\u00f6glichung eines intelligenten Energielebensstils Aidon ist ein f\u00fchrender Anbieter von hochmodernen L\u00f6sungen f\u00fcr die Verbrauchsmessung und intelligenten Stromnetzen f\u00fcr Energieverteilernetzbetreiber. Mit unseren Innovationen unterst\u00fctzen wir unsere Kunden beim \u00dcbergang zu einem CO2-neutralen Energiesystem. Eine zentrale Herausforderung der Energiewende ist die zunehmend dezentrale Erzeugung erneuerbarer Energie. Gleichzeitig m\u00fcssen wir aus der&hellip;","og_url":"https:\/\/aidon.com\/de\/uber-uns\/","og_site_name":"Aidon","article_modified_time":"2025-06-27T12:50:26+00:00","og_image":[{"width":2268,"height":1064,"url":"https:\/\/aidon.com\/wp-content\/uploads\/2022\/09\/Aidon_Timelapse_JKL_24X-4-100-5.jpg","type":"image\/jpeg"}],"twitter_card":"summary_large_image","twitter_misc":{"Gesch\u00e4tzte Lesezeit":"2\u00a0Minuten"},"schema":{"@context":"https:\/\/schema.org","@graph":[{"@type":"WebPage","@id":"https:\/\/aidon.com\/de\/uber-uns\/","url":"https:\/\/aidon.com\/de\/uber-uns\/","name":"\u00dcber uns - Aidon","isPartOf":{"@id":"https:\/\/aidon.com\/de\/#website"},"primaryImageOfPage":{"@id":"https:\/\/aidon.com\/de\/uber-uns\/#primaryimage"},"image":{"@id":"https:\/\/aidon.com\/de\/uber-uns\/#primaryimage"},"thumbnailUrl":"https:\/\/aidon.com\/wp-content\/uploads\/2022\/09\/Aidon_Timelapse_JKL_24X-4-100-5.jpg","datePublished":"2022-08-15T06:51:54+00:00","dateModified":"2025-06-27T12:50:26+00:00","inLanguage":"de","potentialAction":[{"@type":"ReadAction","target":["https:\/\/aidon.com\/de\/uber-uns\/"]}]},{"@type":"ImageObject","inLanguage":"de","@id":"https:\/\/aidon.com\/de\/uber-uns\/#primaryimage","url":"https:\/\/aidon.com\/wp-content\/uploads\/2022\/09\/Aidon_Timelapse_JKL_24X-4-100-5.jpg","contentUrl":"https:\/\/aidon.com\/wp-content\/uploads\/2022\/09\/Aidon_Timelapse_JKL_24X-4-100-5.jpg","width":2268,"height":1064},{"@type":"WebSite","@id":"https:\/\/aidon.com\/de\/#website","url":"https:\/\/aidon.com\/de\/","name":"Aidon","description":"","potentialAction":[{"@type":"SearchAction","target":{"@type":"EntryPoint","urlTemplate":"https:\/\/aidon.com\/de\/?s={search_term_string}"},"query-input":{"@type":"PropertyValueSpecification","valueRequired":true,"valueName":"search_term_string"}}],"inLanguage":"de"}]}},"_links":{"self":[{"href":"https:\/\/aidon.com\/de\/wp-json\/wp\/v2\/pages\/8930","targetHints":{"allow":["GET"]}}],"collection":[{"href":"https:\/\/aidon.com\/de\/wp-json\/wp\/v2\/pages"}],"about":[{"href":"https:\/\/aidon.com\/de\/wp-json\/wp\/v2\/types\/page"}],"author":[{"embeddable":true,"href":"https:\/\/aidon.com\/de\/wp-json\/wp\/v2\/users\/2"}],"replies":[{"embeddable":true,"href":"https:\/\/aidon.com\/de\/wp-json\/wp\/v2\/comments?post=8930"}],"version-history":[{"count":12,"href":"https:\/\/aidon.com\/de\/wp-json\/wp\/v2\/pages\/8930\/revisions"}],"predecessor-version":[{"id":17101,"href":"https:\/\/aidon.com\/de\/wp-json\/wp\/v2\/pages\/8930\/revisions\/17101"}],"wp:featuredmedia":[{"embeddable":true,"href":"https:\/\/aidon.com\/de\/wp-json\/wp\/v2\/media\/7490"}],"wp:attachment":[{"href":"https:\/\/aidon.com\/de\/wp-json\/wp\/v2\/media?parent=8930"}],"curies":[{"name":"wp","href":"https:\/\/api.w.org\/{rel}","templated":true}]}}