{"id":8928,"date":"2022-08-24T09:45:26","date_gmt":"2022-08-24T09:45:26","guid":{"rendered":"https:\/\/aidon.com\/?page_id=8928"},"modified":"2023-06-19T08:03:58","modified_gmt":"2023-06-19T08:03:58","slug":"kunden","status":"publish","type":"page","link":"https:\/\/aidon.com\/de\/kunden\/","title":{"rendered":"Kunden"},"content":{"rendered":"<h2>Wir sind bestrebt, langfristige Werte f\u00fcr unsere Kunden zu schaffen<\/h2>\n<p><strong>Seit unseren Anf\u00e4ngen im Jahr 2004 bis heute helfen wir unseren Kunden, den Verteilernetzbetreibern (VNB), die Zuverl\u00e4ssigkeit der Stromverteilung zu erh\u00f6hen und bei der Bew\u00e4ltigung der gro\u00dfen Ver\u00e4nderungen im Energiesektor. Zu den Kunden von Aidon geh\u00f6ren sowohl gro\u00dfe nationale Verteilungsdienstleister als auch kleinere lokale Versorgungsunternehmen.<\/strong><\/p>\n<p>Durch den Einsatz modernster Technologien und dem st\u00e4ndigen Dialog mit unseren Kunden helfen wir Ihnen, Ihre Hauptaufgabe zu erf\u00fcllen: Die Sicherstellung einer perfekten Lieferung von Strom an die Endverbraucher. Gleichzeitig leisten wir mit unseren L\u00f6sungen einen Beitrag zur Steigerung der Ressourceneffizienz, zum Management erneuerbarer Energien und zu langfristig nachhaltigen Investitionen.<\/p>\n<p>Lesen Sie mehr in den Kundenberichten und Nachrichten unten.<\/p>\n<p>&nbsp;<\/p>\n","protected":false},"excerpt":{"rendered":"<p>Wir sind bestrebt, langfristige Werte f\u00fcr unsere Kunden zu schaffen Seit unseren Anf\u00e4ngen im Jahr 2004 bis heute helfen wir unseren Kunden, den Verteilernetzbetreibern (VNB), die Zuverl\u00e4ssigkeit der Stromverteilung zu erh\u00f6hen und bei der Bew\u00e4ltigung der gro\u00dfen Ver\u00e4nderungen im Energiesektor. Zu den Kunden von Aidon geh\u00f6ren sowohl gro\u00dfe nationale Verteilungsdienstleister&hellip;<\/p>\n","protected":false},"author":2,"featured_media":7480,"parent":0,"menu_order":0,"comment_status":"closed","ping_status":"closed","template":"page-customers.php","meta":{"_acf_changed":false,"footnotes":""},"class_list":["post-8928","page","type-page","status-publish","has-post-thumbnail","hentry"],"acf":[],"yoast_head":"<!-- This site is optimized with the Yoast SEO plugin v27.5 - https:\/\/yoast.com\/product\/yoast-seo-wordpress\/ -->\n<title>Kunden - Aidon<\/title>\n<meta name=\"robots\" content=\"index, follow, max-snippet:-1, max-image-preview:large, max-video-preview:-1\" \/>\n<link rel=\"canonical\" href=\"https:\/\/aidon.com\/de\/kunden\/\" \/>\n<meta property=\"og:locale\" content=\"de_DE\" \/>\n<meta property=\"og:type\" content=\"article\" \/>\n<meta property=\"og:title\" content=\"Kunden - Aidon\" \/>\n<meta property=\"og:description\" content=\"Wir sind bestrebt, langfristige Werte f\u00fcr unsere Kunden zu schaffen Seit unseren Anf\u00e4ngen im Jahr 2004 bis heute helfen wir unseren Kunden, den Verteilernetzbetreibern (VNB), die Zuverl\u00e4ssigkeit der Stromverteilung zu erh\u00f6hen und bei der Bew\u00e4ltigung der gro\u00dfen Ver\u00e4nderungen im Energiesektor. Zu den Kunden von Aidon geh\u00f6ren sowohl gro\u00dfe nationale Verteilungsdienstleister&hellip;\" \/>\n<meta property=\"og:url\" content=\"https:\/\/aidon.com\/de\/kunden\/\" \/>\n<meta property=\"og:site_name\" content=\"Aidon\" \/>\n<meta property=\"article:modified_time\" content=\"2023-06-19T08:03:58+00:00\" \/>\n<meta property=\"og:image\" content=\"https:\/\/aidon.com\/wp-content\/uploads\/2022\/09\/Aidon_Helsinki_Toolo_24x_small_RGB2.jpg\" \/>\n\t<meta property=\"og:image:width\" content=\"2000\" \/>\n\t<meta property=\"og:image:height\" content=\"1300\" \/>\n\t<meta property=\"og:image:type\" content=\"image\/jpeg\" \/>\n<meta name=\"twitter:card\" content=\"summary_large_image\" \/>\n<meta name=\"twitter:label1\" content=\"Gesch\u00e4tzte Lesezeit\" \/>\n\t<meta name=\"twitter:data1\" content=\"1\u00a0Minute\" \/>\n<script type=\"application\/ld+json\" class=\"yoast-schema-graph\">{\"@context\":\"https:\\\/\\\/schema.org\",\"@graph\":[{\"@type\":\"WebPage\",\"@id\":\"https:\\\/\\\/aidon.com\\\/de\\\/kunden\\\/\",\"url\":\"https:\\\/\\\/aidon.com\\\/de\\\/kunden\\\/\",\"name\":\"Kunden - Aidon\",\"isPartOf\":{\"@id\":\"https:\\\/\\\/aidon.com\\\/de\\\/#website\"},\"primaryImageOfPage\":{\"@id\":\"https:\\\/\\\/aidon.com\\\/de\\\/kunden\\\/#primaryimage\"},\"image\":{\"@id\":\"https:\\\/\\\/aidon.com\\\/de\\\/kunden\\\/#primaryimage\"},\"thumbnailUrl\":\"https:\\\/\\\/aidon.com\\\/wp-content\\\/uploads\\\/2022\\\/09\\\/Aidon_Helsinki_Toolo_24x_small_RGB2.jpg\",\"datePublished\":\"2022-08-24T09:45:26+00:00\",\"dateModified\":\"2023-06-19T08:03:58+00:00\",\"inLanguage\":\"de\",\"potentialAction\":[{\"@type\":\"ReadAction\",\"target\":[\"https:\\\/\\\/aidon.com\\\/de\\\/kunden\\\/\"]}]},{\"@type\":\"ImageObject\",\"inLanguage\":\"de\",\"@id\":\"https:\\\/\\\/aidon.com\\\/de\\\/kunden\\\/#primaryimage\",\"url\":\"https:\\\/\\\/aidon.com\\\/wp-content\\\/uploads\\\/2022\\\/09\\\/Aidon_Helsinki_Toolo_24x_small_RGB2.jpg\",\"contentUrl\":\"https:\\\/\\\/aidon.com\\\/wp-content\\\/uploads\\\/2022\\\/09\\\/Aidon_Helsinki_Toolo_24x_small_RGB2.jpg\",\"width\":2000,\"height\":1300},{\"@type\":\"WebSite\",\"@id\":\"https:\\\/\\\/aidon.com\\\/de\\\/#website\",\"url\":\"https:\\\/\\\/aidon.com\\\/de\\\/\",\"name\":\"Aidon\",\"description\":\"\",\"potentialAction\":[{\"@type\":\"SearchAction\",\"target\":{\"@type\":\"EntryPoint\",\"urlTemplate\":\"https:\\\/\\\/aidon.com\\\/de\\\/?s={search_term_string}\"},\"query-input\":{\"@type\":\"PropertyValueSpecification\",\"valueRequired\":true,\"valueName\":\"search_term_string\"}}],\"inLanguage\":\"de\"}]}<\/script>\n<!-- \/ Yoast SEO plugin. -->","yoast_head_json":{"title":"Kunden - Aidon","robots":{"index":"index","follow":"follow","max-snippet":"max-snippet:-1","max-image-preview":"max-image-preview:large","max-video-preview":"max-video-preview:-1"},"canonical":"https:\/\/aidon.com\/de\/kunden\/","og_locale":"de_DE","og_type":"article","og_title":"Kunden - Aidon","og_description":"Wir sind bestrebt, langfristige Werte f\u00fcr unsere Kunden zu schaffen Seit unseren Anf\u00e4ngen im Jahr 2004 bis heute helfen wir unseren Kunden, den Verteilernetzbetreibern (VNB), die Zuverl\u00e4ssigkeit der Stromverteilung zu erh\u00f6hen und bei der Bew\u00e4ltigung der gro\u00dfen Ver\u00e4nderungen im Energiesektor. Zu den Kunden von Aidon geh\u00f6ren sowohl gro\u00dfe nationale Verteilungsdienstleister&hellip;","og_url":"https:\/\/aidon.com\/de\/kunden\/","og_site_name":"Aidon","article_modified_time":"2023-06-19T08:03:58+00:00","og_image":[{"width":2000,"height":1300,"url":"https:\/\/aidon.com\/wp-content\/uploads\/2022\/09\/Aidon_Helsinki_Toolo_24x_small_RGB2.jpg","type":"image\/jpeg"}],"twitter_card":"summary_large_image","twitter_misc":{"Gesch\u00e4tzte Lesezeit":"1\u00a0Minute"},"schema":{"@context":"https:\/\/schema.org","@graph":[{"@type":"WebPage","@id":"https:\/\/aidon.com\/de\/kunden\/","url":"https:\/\/aidon.com\/de\/kunden\/","name":"Kunden - Aidon","isPartOf":{"@id":"https:\/\/aidon.com\/de\/#website"},"primaryImageOfPage":{"@id":"https:\/\/aidon.com\/de\/kunden\/#primaryimage"},"image":{"@id":"https:\/\/aidon.com\/de\/kunden\/#primaryimage"},"thumbnailUrl":"https:\/\/aidon.com\/wp-content\/uploads\/2022\/09\/Aidon_Helsinki_Toolo_24x_small_RGB2.jpg","datePublished":"2022-08-24T09:45:26+00:00","dateModified":"2023-06-19T08:03:58+00:00","inLanguage":"de","potentialAction":[{"@type":"ReadAction","target":["https:\/\/aidon.com\/de\/kunden\/"]}]},{"@type":"ImageObject","inLanguage":"de","@id":"https:\/\/aidon.com\/de\/kunden\/#primaryimage","url":"https:\/\/aidon.com\/wp-content\/uploads\/2022\/09\/Aidon_Helsinki_Toolo_24x_small_RGB2.jpg","contentUrl":"https:\/\/aidon.com\/wp-content\/uploads\/2022\/09\/Aidon_Helsinki_Toolo_24x_small_RGB2.jpg","width":2000,"height":1300},{"@type":"WebSite","@id":"https:\/\/aidon.com\/de\/#website","url":"https:\/\/aidon.com\/de\/","name":"Aidon","description":"","potentialAction":[{"@type":"SearchAction","target":{"@type":"EntryPoint","urlTemplate":"https:\/\/aidon.com\/de\/?s={search_term_string}"},"query-input":{"@type":"PropertyValueSpecification","valueRequired":true,"valueName":"search_term_string"}}],"inLanguage":"de"}]}},"_links":{"self":[{"href":"https:\/\/aidon.com\/de\/wp-json\/wp\/v2\/pages\/8928","targetHints":{"allow":["GET"]}}],"collection":[{"href":"https:\/\/aidon.com\/de\/wp-json\/wp\/v2\/pages"}],"about":[{"href":"https:\/\/aidon.com\/de\/wp-json\/wp\/v2\/types\/page"}],"author":[{"embeddable":true,"href":"https:\/\/aidon.com\/de\/wp-json\/wp\/v2\/users\/2"}],"replies":[{"embeddable":true,"href":"https:\/\/aidon.com\/de\/wp-json\/wp\/v2\/comments?post=8928"}],"version-history":[{"count":4,"href":"https:\/\/aidon.com\/de\/wp-json\/wp\/v2\/pages\/8928\/revisions"}],"predecessor-version":[{"id":10944,"href":"https:\/\/aidon.com\/de\/wp-json\/wp\/v2\/pages\/8928\/revisions\/10944"}],"wp:featuredmedia":[{"embeddable":true,"href":"https:\/\/aidon.com\/de\/wp-json\/wp\/v2\/media\/7480"}],"wp:attachment":[{"href":"https:\/\/aidon.com\/de\/wp-json\/wp\/v2\/media?parent=8928"}],"curies":[{"name":"wp","href":"https:\/\/api.w.org\/{rel}","templated":true}]}}