{"id":8926,"date":"2022-08-10T11:48:41","date_gmt":"2022-08-10T08:48:41","guid":{"rendered":"https:\/\/aidon.com\/?page_id=8926"},"modified":"2025-10-15T16:58:53","modified_gmt":"2025-10-15T13:58:53","slug":"losungen","status":"publish","type":"page","link":"https:\/\/aidon.com\/de\/losungen\/","title":{"rendered":"L\u00f6sungen"},"content":{"rendered":"<h2>Nutzen Sie die M\u00f6glichkeiten des intelligenteren Stromnetzes mit unseren L\u00f6sungen<\/h2>\n<p>Die Erfahrung von Aidon im Energiebereich, das Verst\u00e4ndnis f\u00fcr Kunden und die Art der Zusammenarbeit sind entscheidend f\u00fcr die Schaffung von Mehrwert f\u00fcr Sie als Kunden. Unsere zukunftssicheren L\u00f6sungen sind so konzipiert, dass sie \u00fcber ihre gesamte Lebensdauer hinweg hohe Leistung, Skalierbarkeit und Sicherheit bieten.<\/p>\n<p>Wir k\u00f6nnen auf eine lange Erfolgsgeschichte zur\u00fcckblicken, wenn es um die F\u00e4higkeit geht, bahnbrechende Innovationen schnell auf den Markt zu bringen. Diese Innovationen entstehen aus dem Gesch\u00e4ft unserer Kunden. Unser Ziel ist die Entwicklung von L\u00f6sungen, die der gesamten Kundengemeinschaft langfristigen Nutzen bringen und gleichzeitig die etablierten Betriebsmodelle der Branche neu definieren. <a href=\"https:\/\/aidon.com\/about-us\/innovations\/\">Lesen Sie hier mehr \u00fcber unsere Innovationen (auf Englisch).<\/a><\/p>\n<p>&nbsp;<\/p>\n<h4>Erm\u00f6glichung eines intelligenten Energie-Lebensstils und einer zuverl\u00e4ssigen Energieverteilung<\/h4>\n<p>Eine intelligente Verbrauchsmessung ist das Herzst\u00fcck des intelligenten Stromnetzes. Sie ist das Bindeglied zwischen Stromverbraucher und dem Energieverteilungssystem. In der nachstehenden Abbildung sehen Sie, wie die Bausteine der L\u00f6sung von Aidon f\u00fcr die verschiedenen Zwecke eingesetzt werden.<\/p>\n<p><img loading=\"lazy\" decoding=\"async\" class=\"alignnone wp-image-9675\" src=\"https:\/\/aidon.com\/wp-content\/uploads\/2023\/04\/Aidon_solutions_legend_DE.png\" alt=\"\" width=\"400\" height=\"112\" srcset=\"https:\/\/aidon.com\/wp-content\/uploads\/2023\/04\/Aidon_solutions_legend_DE.png 500w, https:\/\/aidon.com\/wp-content\/uploads\/2023\/04\/Aidon_solutions_legend_DE-300x84.png 300w\" sizes=\"auto, (max-width: 400px) 100vw, 400px\" \/><\/p>\n<!-- imagelinks begin -->\n<div id=\"imgl-6-9hzus\" class=\"imgl-map imgl-map-6 \"data-json-src=\"https:\/\/aidon.com\/wp-content\/uploads\/imagelinks\/6\/config.json?ver=1681225957\" data-item-id=\"6\" style=\"display:none;\" >\n<div class=\"imgl-store\">\n<div class=\"imgl-pin imgl-pin-1\" data-id=\"1\">\n<div class=\"imgl-pin-pulse\"><\/div>\n<div class=\"imgl-pin-data\">\n<\/div>\n<\/div>\n<div class=\"imgl-pin imgl-pin-2\" data-id=\"2\">\n<div class=\"imgl-pin-pulse\"><\/div>\n<div class=\"imgl-pin-data\">\n<\/div>\n<\/div>\n<div class=\"imgl-pin imgl-pin-3\" data-id=\"3\">\n<div class=\"imgl-pin-pulse\"><\/div>\n<div class=\"imgl-pin-data\">\n<\/div>\n<\/div>\n<div class=\"imgl-pin imgl-pin-4\" data-id=\"4\">\n<div class=\"imgl-pin-pulse\"><\/div>\n<div class=\"imgl-pin-data\">\n<\/div>\n<\/div>\n<div class=\"imgl-pin imgl-pin-5\" data-id=\"5\">\n<div class=\"imgl-pin-pulse\"><\/div>\n<div class=\"imgl-pin-data\">\n<\/div>\n<\/div>\n<div class=\"imgl-pin imgl-pin-6\" data-id=\"6\">\n<div class=\"imgl-pin-pulse\"><\/div>\n<div class=\"imgl-pin-data\">\n<\/div>\n<\/div>\n<div class=\"imgl-pin imgl-pin-7\" data-id=\"7\">\n<div class=\"imgl-pin-pulse\"><\/div>\n<div class=\"imgl-pin-data\">\n<\/div>\n<\/div>\n<div class=\"imgl-pin imgl-pin-8\" data-id=\"8\">\n<div class=\"imgl-pin-pulse\"><\/div>\n<div class=\"imgl-pin-data\">\n<\/div>\n<\/div>\n<div class=\"imgl-pin imgl-pin-9\" data-id=\"9\">\n<div class=\"imgl-pin-pulse\"><\/div>\n<div class=\"imgl-pin-data\">\n<\/div>\n<\/div>\n<div class=\"imgl-pin imgl-pin-10\" data-id=\"10\">\n<div class=\"imgl-pin-pulse\"><\/div>\n<div class=\"imgl-pin-data\">\n<\/div>\n<\/div>\n<div class=\"imgl-pin imgl-pin-11\" data-id=\"11\">\n<div class=\"imgl-pin-pulse\"><\/div>\n<div class=\"imgl-pin-data\">\n<\/div>\n<\/div>\n<div class=\"imgl-tt imgl-tt-1\" data-id=\"1\" >\n<p class=\"boksi-teksti-wrapper\"><span class=\"boksi-teksti\">Gro\u00dfe Auswahl an intelligenten Z\u00e4hlern f\u00fcr Haushalte und industrielle Anwendungen (CT und CT\/VT)<\/span><\/p><\/div>\n<div class=\"imgl-tt imgl-tt-2\" data-id=\"2\" >\n<p class=\"boksi-teksti-wrapper\"><span class=\"boksi-teksti\">\u00dcberwachung des Zustands von Umspannwerken<\/span><\/p><\/div>\n<div class=\"imgl-tt imgl-tt-3\" data-id=\"3\" >\n<p class=\"boksi-teksti-wrapper\"><span class=\"boksi-teksti\">\u00dcberwachung des Nieder&shy;spannungs&shy;netzes mit intelligenten Z\u00e4hlern<\/span><\/p><\/div>\n<div class=\"imgl-tt imgl-tt-4\" data-id=\"4\" >\n<p class=\"boksi-teksti-wrapper\"><span class=\"boksi-teksti\">Detaillierter Echtzeit-\u00dcberblick \u00fcber das Verteilernetz und Management von Ereignissen<\/span><\/p><\/div>\n<div class=\"imgl-tt imgl-tt-5\" data-id=\"5\" >\n<p class=\"boksi-teksti-wrapper\"><span class=\"boksi-teksti\">Rechtzeitige Planung und Verwaltung der Arbeiten vor Ort f\u00fcr einen erstklassigen Kundendienst<\/span><\/p><\/div>\n<div class=\"imgl-tt imgl-tt-6\" data-id=\"6\" >\n<p class=\"boksi-teksti-wrapper\"><span class=\"boksi-teksti\">Verbrauchs\u00admessung in den Haushalten f\u00fcr die Abrechnung f\u00fcr den Endverbraucher und einen intelligenten Lebensstil in Sachen Energie<\/span><\/p><\/div>\n<div class=\"imgl-tt imgl-tt-7\" data-id=\"7\" >\n<p class=\"boksi-teksti-wrapper\"><span class=\"boksi-teksti\">Effiziente Anwendungen f\u00fcr die Verwaltung und Durchf\u00fchrung von Au\u00dfendienst&shy;t\u00e4tigkeiten<\/span><\/p><\/div>\n<div class=\"imgl-tt imgl-tt-8\" data-id=\"8\" >\n<p class=\"boksi-teksti-wrapper\"><span class=\"boksi-teksti\">Skalierbare und anpassungsf\u00e4hige Zwei-Wege-IdD\/IoT-Konnektivit\u00e4t, optimiert f\u00fcr die Verbrauchs&shy;messung sowohl in St\u00e4dten als auch in l\u00e4ndlichen Gebieten<\/span><\/p><\/div>\n<div class=\"imgl-tt imgl-tt-9\" data-id=\"9\" >\n<p class=\"boksi-teksti-wrapper\" style=\"text-align: center;\"><span class=\"boksi-teksti\">Woof!<\/span><\/p><\/div>\n<div class=\"imgl-tt imgl-tt-10\" data-id=\"10\" >\n<p class=\"boksi-teksti-wrapper\"><span class=\"boksi-teksti\">Anpassbare mobile Anwendung f\u00fcr die proaktive Inspektion und Wartung von Verteilernetzen <\/span><\/p><\/div>\n<div class=\"imgl-tt imgl-tt-11\" data-id=\"11\" >\n<p class=\"boksi-teksti-wrapper\"><span class=\"boksi-teksti\">Effiziente intelligente L\u00f6sungen f\u00fcr die Verbrauchs\u00admessung und Dienstleistungen f\u00fcr die Abrechnung des Stromverbrauchs und die Optimierung des Verteilernetzes <\/span><\/p><\/div>\n<\/div>\n<\/div>\n<!-- imagelinks end -->\n\n<p><strong>\u00a0<\/strong><\/p>\n<p>&nbsp;<\/p>\n<p style=\"text-align: center;\">\n","protected":false},"excerpt":{"rendered":"<p>Nutzen Sie die M\u00f6glichkeiten des intelligenteren Stromnetzes mit unseren L\u00f6sungen.<\/p>\n","protected":false},"author":2,"featured_media":7492,"parent":0,"menu_order":0,"comment_status":"closed","ping_status":"closed","template":"page-solutions.php","meta":{"_acf_changed":false,"footnotes":""},"class_list":["post-8926","page","type-page","status-publish","has-post-thumbnail","hentry"],"acf":[],"yoast_head":"<!-- This site is optimized with the Yoast SEO plugin v27.0 - https:\/\/yoast.com\/product\/yoast-seo-wordpress\/ -->\n<title>L\u00f6sungen - Aidon<\/title>\n<meta name=\"robots\" content=\"index, follow, max-snippet:-1, max-image-preview:large, max-video-preview:-1\" \/>\n<link rel=\"canonical\" href=\"https:\/\/aidon.com\/de\/losungen\/\" \/>\n<meta property=\"og:locale\" content=\"de_DE\" \/>\n<meta property=\"og:type\" content=\"article\" \/>\n<meta property=\"og:title\" content=\"L\u00f6sungen - Aidon\" \/>\n<meta property=\"og:description\" content=\"Nutzen Sie die M\u00f6glichkeiten des intelligenteren Stromnetzes mit unseren L\u00f6sungen.\" \/>\n<meta property=\"og:url\" content=\"https:\/\/aidon.com\/de\/losungen\/\" \/>\n<meta property=\"og:site_name\" content=\"Aidon\" \/>\n<meta property=\"article:modified_time\" content=\"2025-10-15T13:58:53+00:00\" \/>\n<meta property=\"og:image\" content=\"https:\/\/aidon.com\/wp-content\/uploads\/2022\/09\/Aidon_Barcode_24x_v2_RGB-72.jpg\" \/>\n\t<meta property=\"og:image:width\" content=\"2000\" \/>\n\t<meta property=\"og:image:height\" content=\"1300\" \/>\n\t<meta property=\"og:image:type\" content=\"image\/jpeg\" \/>\n<meta name=\"twitter:card\" content=\"summary_large_image\" \/>\n<meta name=\"twitter:label1\" content=\"Gesch\u00e4tzte Lesezeit\" \/>\n\t<meta name=\"twitter:data1\" content=\"2\u00a0Minuten\" \/>\n<script type=\"application\/ld+json\" class=\"yoast-schema-graph\">{\"@context\":\"https:\/\/schema.org\",\"@graph\":[{\"@type\":\"WebPage\",\"@id\":\"https:\/\/aidon.com\/de\/losungen\/\",\"url\":\"https:\/\/aidon.com\/de\/losungen\/\",\"name\":\"L\u00f6sungen - Aidon\",\"isPartOf\":{\"@id\":\"https:\/\/aidon.com\/de\/#website\"},\"primaryImageOfPage\":{\"@id\":\"https:\/\/aidon.com\/de\/losungen\/#primaryimage\"},\"image\":{\"@id\":\"https:\/\/aidon.com\/de\/losungen\/#primaryimage\"},\"thumbnailUrl\":\"https:\/\/aidon.com\/wp-content\/uploads\/2022\/09\/Aidon_Barcode_24x_v2_RGB-72.jpg\",\"datePublished\":\"2022-08-10T08:48:41+00:00\",\"dateModified\":\"2025-10-15T13:58:53+00:00\",\"inLanguage\":\"de\",\"potentialAction\":[{\"@type\":\"ReadAction\",\"target\":[\"https:\/\/aidon.com\/de\/losungen\/\"]}]},{\"@type\":\"ImageObject\",\"inLanguage\":\"de\",\"@id\":\"https:\/\/aidon.com\/de\/losungen\/#primaryimage\",\"url\":\"https:\/\/aidon.com\/wp-content\/uploads\/2022\/09\/Aidon_Barcode_24x_v2_RGB-72.jpg\",\"contentUrl\":\"https:\/\/aidon.com\/wp-content\/uploads\/2022\/09\/Aidon_Barcode_24x_v2_RGB-72.jpg\",\"width\":2000,\"height\":1300,\"caption\":\"Barcode, Oslo city center, Elvia\"},{\"@type\":\"WebSite\",\"@id\":\"https:\/\/aidon.com\/de\/#website\",\"url\":\"https:\/\/aidon.com\/de\/\",\"name\":\"Aidon\",\"description\":\"\",\"potentialAction\":[{\"@type\":\"SearchAction\",\"target\":{\"@type\":\"EntryPoint\",\"urlTemplate\":\"https:\/\/aidon.com\/de\/?s={search_term_string}\"},\"query-input\":{\"@type\":\"PropertyValueSpecification\",\"valueRequired\":true,\"valueName\":\"search_term_string\"}}],\"inLanguage\":\"de\"}]}<\/script>\n<!-- \/ Yoast SEO plugin. -->","yoast_head_json":{"title":"L\u00f6sungen - Aidon","robots":{"index":"index","follow":"follow","max-snippet":"max-snippet:-1","max-image-preview":"max-image-preview:large","max-video-preview":"max-video-preview:-1"},"canonical":"https:\/\/aidon.com\/de\/losungen\/","og_locale":"de_DE","og_type":"article","og_title":"L\u00f6sungen - Aidon","og_description":"Nutzen Sie die M\u00f6glichkeiten des intelligenteren Stromnetzes mit unseren L\u00f6sungen.","og_url":"https:\/\/aidon.com\/de\/losungen\/","og_site_name":"Aidon","article_modified_time":"2025-10-15T13:58:53+00:00","og_image":[{"width":2000,"height":1300,"url":"https:\/\/aidon.com\/wp-content\/uploads\/2022\/09\/Aidon_Barcode_24x_v2_RGB-72.jpg","type":"image\/jpeg"}],"twitter_card":"summary_large_image","twitter_misc":{"Gesch\u00e4tzte Lesezeit":"2\u00a0Minuten"},"schema":{"@context":"https:\/\/schema.org","@graph":[{"@type":"WebPage","@id":"https:\/\/aidon.com\/de\/losungen\/","url":"https:\/\/aidon.com\/de\/losungen\/","name":"L\u00f6sungen - Aidon","isPartOf":{"@id":"https:\/\/aidon.com\/de\/#website"},"primaryImageOfPage":{"@id":"https:\/\/aidon.com\/de\/losungen\/#primaryimage"},"image":{"@id":"https:\/\/aidon.com\/de\/losungen\/#primaryimage"},"thumbnailUrl":"https:\/\/aidon.com\/wp-content\/uploads\/2022\/09\/Aidon_Barcode_24x_v2_RGB-72.jpg","datePublished":"2022-08-10T08:48:41+00:00","dateModified":"2025-10-15T13:58:53+00:00","inLanguage":"de","potentialAction":[{"@type":"ReadAction","target":["https:\/\/aidon.com\/de\/losungen\/"]}]},{"@type":"ImageObject","inLanguage":"de","@id":"https:\/\/aidon.com\/de\/losungen\/#primaryimage","url":"https:\/\/aidon.com\/wp-content\/uploads\/2022\/09\/Aidon_Barcode_24x_v2_RGB-72.jpg","contentUrl":"https:\/\/aidon.com\/wp-content\/uploads\/2022\/09\/Aidon_Barcode_24x_v2_RGB-72.jpg","width":2000,"height":1300,"caption":"Barcode, Oslo city center, Elvia"},{"@type":"WebSite","@id":"https:\/\/aidon.com\/de\/#website","url":"https:\/\/aidon.com\/de\/","name":"Aidon","description":"","potentialAction":[{"@type":"SearchAction","target":{"@type":"EntryPoint","urlTemplate":"https:\/\/aidon.com\/de\/?s={search_term_string}"},"query-input":{"@type":"PropertyValueSpecification","valueRequired":true,"valueName":"search_term_string"}}],"inLanguage":"de"}]}},"_links":{"self":[{"href":"https:\/\/aidon.com\/de\/wp-json\/wp\/v2\/pages\/8926","targetHints":{"allow":["GET"]}}],"collection":[{"href":"https:\/\/aidon.com\/de\/wp-json\/wp\/v2\/pages"}],"about":[{"href":"https:\/\/aidon.com\/de\/wp-json\/wp\/v2\/types\/page"}],"author":[{"embeddable":true,"href":"https:\/\/aidon.com\/de\/wp-json\/wp\/v2\/users\/2"}],"replies":[{"embeddable":true,"href":"https:\/\/aidon.com\/de\/wp-json\/wp\/v2\/comments?post=8926"}],"version-history":[{"count":10,"href":"https:\/\/aidon.com\/de\/wp-json\/wp\/v2\/pages\/8926\/revisions"}],"predecessor-version":[{"id":17877,"href":"https:\/\/aidon.com\/de\/wp-json\/wp\/v2\/pages\/8926\/revisions\/17877"}],"wp:featuredmedia":[{"embeddable":true,"href":"https:\/\/aidon.com\/de\/wp-json\/wp\/v2\/media\/7492"}],"wp:attachment":[{"href":"https:\/\/aidon.com\/de\/wp-json\/wp\/v2\/media?parent=8926"}],"curies":[{"name":"wp","href":"https:\/\/api.w.org\/{rel}","templated":true}]}}