{"id":16518,"date":"2025-04-11T16:04:13","date_gmt":"2025-04-11T13:04:13","guid":{"rendered":"https:\/\/aidon.com\/?page_id=16518"},"modified":"2025-04-24T09:07:28","modified_gmt":"2025-04-24T06:07:28","slug":"smarter-e","status":"publish","type":"page","link":"https:\/\/aidon.com\/de\/smarter-e\/","title":{"rendered":"Smarter E"},"content":{"rendered":"<h2><img loading=\"lazy\" decoding=\"async\" class=\"alignnone wp-image-16629 size-full\" src=\"https:\/\/aidon.com\/wp-content\/uploads\/2025\/04\/Smarter_e_2025_with_FMD_728.jpg\" alt=\"\" width=\"728\" height=\"250\" srcset=\"https:\/\/aidon.com\/wp-content\/uploads\/2025\/04\/Smarter_e_2025_with_FMD_728.jpg 728w, https:\/\/aidon.com\/wp-content\/uploads\/2025\/04\/Smarter_e_2025_with_FMD_728-300x103.jpg 300w\" sizes=\"auto, (max-width: 728px) 100vw, 728px\" \/><\/h2>\n<h3>Treffen Sie uns auf der smarter E, 07.-09. Mai in M\u00fcnchen!<\/h3>\n<p>Auf der <strong>smarter E,<\/strong>\u00a0auf unserem Stand<strong> C5.316,<\/strong> spr\u00e4sentieren wir unsere innovative <strong>FMD-L\u00f6sung<\/strong>\u00a0f\u00fcr die abgangsscharfe Messung von Trafostationen, die speziell f\u00fcr den deutschen Markt entwickelt wurde. Unser System unterst\u00fctzt Netzbetreiber dabei, die Anforderungen des\u00a0<strong>\u00a714a EnWG<\/strong>\u00a0effizient zu erf\u00fcllen, der unter anderem die Digitalisierung und Messung in Niederspannungsnetzen regelt.<\/p>\n<p>Zus\u00e4tzlich werden wir eine Innovation f\u00fcr Mittelspannungstationen mit dem Namen\u00a0<strong>QEd (Quantum Edge Device)<\/strong> pr\u00e4sentieren. Das QEd bringt die Automatisierung der TRAFO-Stationen mit Hilfe eines nahtlosen und effizienten Betriebs auf eine neue Stufe.<\/p>\n<p><strong>Machen Sie sich pers\u00f6nlich einen Eindruck von unseren einzigartigen L\u00f6sungen und vereinbaren einen Messetermin.<\/strong><\/p>\n<p><strong>Im folgenden Formular k\u00f6nnen Sie Ihren Terminwunsch angeben:<\/strong><br \/>\n<script src=\"https:\/\/mktdplp102cdn.azureedge.net\/public\/latest\/js\/form-loader.js?v=1.84.2007\"><\/script><\/p>\n<div class=\"d365-mkt-config\" style=\"display: none;\" data-website-id=\"T2rHz5kFo_Y9hqnTcAkY9obYDQnjLFhvvi1haVM3NWA\" data-hostname=\"4c62768fcd3c4945bae0f96aab60e7d1.svc.dynamics.com\"><\/div>\n<div data-form-block-id=\"f48f0f5b-d516-f011-9989-7ced8d14e143\"><\/div>\n<p>&nbsp;<\/p>\n","protected":false},"excerpt":{"rendered":"<p>Treffen Sie uns auf der smarter E, 07.-09. Mai in M\u00fcnchen! Auf der smarter E,\u00a0auf unserem Stand C5.316, spr\u00e4sentieren wir unsere innovative FMD-L\u00f6sung\u00a0f\u00fcr die abgangsscharfe Messung von Trafostationen, die speziell f\u00fcr den deutschen Markt entwickelt wurde. Unser System unterst\u00fctzt Netzbetreiber dabei, die Anforderungen des\u00a0\u00a714a EnWG\u00a0effizient zu erf\u00fcllen, der unter anderem&hellip;<\/p>\n","protected":false},"author":2,"featured_media":0,"parent":0,"menu_order":0,"comment_status":"closed","ping_status":"closed","template":"page-landingpage.php","meta":{"_acf_changed":false,"footnotes":""},"class_list":["post-16518","page","type-page","status-publish","hentry"],"acf":[],"yoast_head":"<!-- This site is optimized with the Yoast SEO plugin v27.0 - https:\/\/yoast.com\/product\/yoast-seo-wordpress\/ -->\n<title>Smarter E - Aidon<\/title>\n<meta name=\"robots\" content=\"index, follow, max-snippet:-1, max-image-preview:large, max-video-preview:-1\" \/>\n<link rel=\"canonical\" href=\"https:\/\/aidon.com\/de\/smarter-e\/\" \/>\n<meta property=\"og:locale\" content=\"de_DE\" \/>\n<meta property=\"og:type\" content=\"article\" \/>\n<meta property=\"og:title\" content=\"Smarter E - Aidon\" \/>\n<meta property=\"og:description\" content=\"Treffen Sie uns auf der smarter E, 07.-09. Mai in M\u00fcnchen! Auf der smarter E,\u00a0auf unserem Stand C5.316, spr\u00e4sentieren wir unsere innovative FMD-L\u00f6sung\u00a0f\u00fcr die abgangsscharfe Messung von Trafostationen, die speziell f\u00fcr den deutschen Markt entwickelt wurde. Unser System unterst\u00fctzt Netzbetreiber dabei, die Anforderungen des\u00a0\u00a714a EnWG\u00a0effizient zu erf\u00fcllen, der unter anderem&hellip;\" \/>\n<meta property=\"og:url\" content=\"https:\/\/aidon.com\/de\/smarter-e\/\" \/>\n<meta property=\"og:site_name\" content=\"Aidon\" \/>\n<meta property=\"article:modified_time\" content=\"2025-04-24T06:07:28+00:00\" \/>\n<meta property=\"og:image\" content=\"https:\/\/aidon.com\/wp-content\/uploads\/2025\/04\/Smarter_e_2025_with_FMD_728.jpg\" \/>\n\t<meta property=\"og:image:width\" content=\"728\" \/>\n\t<meta property=\"og:image:height\" content=\"250\" \/>\n\t<meta property=\"og:image:type\" content=\"image\/jpeg\" \/>\n<meta name=\"twitter:card\" content=\"summary_large_image\" \/>\n<meta name=\"twitter:label1\" content=\"Gesch\u00e4tzte Lesezeit\" \/>\n\t<meta name=\"twitter:data1\" content=\"1\u00a0Minute\" \/>\n<script type=\"application\/ld+json\" class=\"yoast-schema-graph\">{\"@context\":\"https:\/\/schema.org\",\"@graph\":[{\"@type\":\"WebPage\",\"@id\":\"https:\/\/aidon.com\/de\/smarter-e\/\",\"url\":\"https:\/\/aidon.com\/de\/smarter-e\/\",\"name\":\"Smarter E - Aidon\",\"isPartOf\":{\"@id\":\"https:\/\/aidon.com\/de\/#website\"},\"primaryImageOfPage\":{\"@id\":\"https:\/\/aidon.com\/de\/smarter-e\/#primaryimage\"},\"image\":{\"@id\":\"https:\/\/aidon.com\/de\/smarter-e\/#primaryimage\"},\"thumbnailUrl\":\"https:\/\/aidon.com\/wp-content\/uploads\/2025\/04\/Smarter_e_2025_with_FMD_728.jpg\",\"datePublished\":\"2025-04-11T13:04:13+00:00\",\"dateModified\":\"2025-04-24T06:07:28+00:00\",\"inLanguage\":\"de\",\"potentialAction\":[{\"@type\":\"ReadAction\",\"target\":[\"https:\/\/aidon.com\/de\/smarter-e\/\"]}]},{\"@type\":\"ImageObject\",\"inLanguage\":\"de\",\"@id\":\"https:\/\/aidon.com\/de\/smarter-e\/#primaryimage\",\"url\":\"https:\/\/aidon.com\/wp-content\/uploads\/2025\/04\/Smarter_e_2025_with_FMD_728.jpg\",\"contentUrl\":\"https:\/\/aidon.com\/wp-content\/uploads\/2025\/04\/Smarter_e_2025_with_FMD_728.jpg\"},{\"@type\":\"WebSite\",\"@id\":\"https:\/\/aidon.com\/de\/#website\",\"url\":\"https:\/\/aidon.com\/de\/\",\"name\":\"Aidon\",\"description\":\"\",\"potentialAction\":[{\"@type\":\"SearchAction\",\"target\":{\"@type\":\"EntryPoint\",\"urlTemplate\":\"https:\/\/aidon.com\/de\/?s={search_term_string}\"},\"query-input\":{\"@type\":\"PropertyValueSpecification\",\"valueRequired\":true,\"valueName\":\"search_term_string\"}}],\"inLanguage\":\"de\"}]}<\/script>\n<!-- \/ Yoast SEO plugin. -->","yoast_head_json":{"title":"Smarter E - Aidon","robots":{"index":"index","follow":"follow","max-snippet":"max-snippet:-1","max-image-preview":"max-image-preview:large","max-video-preview":"max-video-preview:-1"},"canonical":"https:\/\/aidon.com\/de\/smarter-e\/","og_locale":"de_DE","og_type":"article","og_title":"Smarter E - Aidon","og_description":"Treffen Sie uns auf der smarter E, 07.-09. Mai in M\u00fcnchen! Auf der smarter E,\u00a0auf unserem Stand C5.316, spr\u00e4sentieren wir unsere innovative FMD-L\u00f6sung\u00a0f\u00fcr die abgangsscharfe Messung von Trafostationen, die speziell f\u00fcr den deutschen Markt entwickelt wurde. Unser System unterst\u00fctzt Netzbetreiber dabei, die Anforderungen des\u00a0\u00a714a EnWG\u00a0effizient zu erf\u00fcllen, der unter anderem&hellip;","og_url":"https:\/\/aidon.com\/de\/smarter-e\/","og_site_name":"Aidon","article_modified_time":"2025-04-24T06:07:28+00:00","og_image":[{"width":728,"height":250,"url":"https:\/\/aidon.com\/wp-content\/uploads\/2025\/04\/Smarter_e_2025_with_FMD_728.jpg","type":"image\/jpeg"}],"twitter_card":"summary_large_image","twitter_misc":{"Gesch\u00e4tzte Lesezeit":"1\u00a0Minute"},"schema":{"@context":"https:\/\/schema.org","@graph":[{"@type":"WebPage","@id":"https:\/\/aidon.com\/de\/smarter-e\/","url":"https:\/\/aidon.com\/de\/smarter-e\/","name":"Smarter E - Aidon","isPartOf":{"@id":"https:\/\/aidon.com\/de\/#website"},"primaryImageOfPage":{"@id":"https:\/\/aidon.com\/de\/smarter-e\/#primaryimage"},"image":{"@id":"https:\/\/aidon.com\/de\/smarter-e\/#primaryimage"},"thumbnailUrl":"https:\/\/aidon.com\/wp-content\/uploads\/2025\/04\/Smarter_e_2025_with_FMD_728.jpg","datePublished":"2025-04-11T13:04:13+00:00","dateModified":"2025-04-24T06:07:28+00:00","inLanguage":"de","potentialAction":[{"@type":"ReadAction","target":["https:\/\/aidon.com\/de\/smarter-e\/"]}]},{"@type":"ImageObject","inLanguage":"de","@id":"https:\/\/aidon.com\/de\/smarter-e\/#primaryimage","url":"https:\/\/aidon.com\/wp-content\/uploads\/2025\/04\/Smarter_e_2025_with_FMD_728.jpg","contentUrl":"https:\/\/aidon.com\/wp-content\/uploads\/2025\/04\/Smarter_e_2025_with_FMD_728.jpg"},{"@type":"WebSite","@id":"https:\/\/aidon.com\/de\/#website","url":"https:\/\/aidon.com\/de\/","name":"Aidon","description":"","potentialAction":[{"@type":"SearchAction","target":{"@type":"EntryPoint","urlTemplate":"https:\/\/aidon.com\/de\/?s={search_term_string}"},"query-input":{"@type":"PropertyValueSpecification","valueRequired":true,"valueName":"search_term_string"}}],"inLanguage":"de"}]}},"_links":{"self":[{"href":"https:\/\/aidon.com\/de\/wp-json\/wp\/v2\/pages\/16518","targetHints":{"allow":["GET"]}}],"collection":[{"href":"https:\/\/aidon.com\/de\/wp-json\/wp\/v2\/pages"}],"about":[{"href":"https:\/\/aidon.com\/de\/wp-json\/wp\/v2\/types\/page"}],"author":[{"embeddable":true,"href":"https:\/\/aidon.com\/de\/wp-json\/wp\/v2\/users\/2"}],"replies":[{"embeddable":true,"href":"https:\/\/aidon.com\/de\/wp-json\/wp\/v2\/comments?post=16518"}],"version-history":[{"count":29,"href":"https:\/\/aidon.com\/de\/wp-json\/wp\/v2\/pages\/16518\/revisions"}],"predecessor-version":[{"id":16637,"href":"https:\/\/aidon.com\/de\/wp-json\/wp\/v2\/pages\/16518\/revisions\/16637"}],"wp:attachment":[{"href":"https:\/\/aidon.com\/de\/wp-json\/wp\/v2\/media?parent=16518"}],"curies":[{"name":"wp","href":"https:\/\/api.w.org\/{rel}","templated":true}]}}