{"id":13070,"date":"2024-02-13T14:45:13","date_gmt":"2024-02-13T12:45:13","guid":{"rendered":"https:\/\/aidon.com\/?page_id=13070"},"modified":"2025-04-22T14:56:55","modified_gmt":"2025-04-22T11:56:55","slug":"aidon-trafopilot","status":"publish","type":"page","link":"https:\/\/aidon.com\/de\/aidon-trafopilot\/","title":{"rendered":"Aidon Trafopilot"},"content":{"rendered":"<p><img loading=\"lazy\" decoding=\"async\" class=\"alignnone wp-image-13092\" src=\"https:\/\/aidon.com\/wp-content\/uploads\/2024\/02\/Transformer_LI_Eworld_web_lp.png\" alt=\"\" width=\"600\" height=\"460\" srcset=\"https:\/\/aidon.com\/wp-content\/uploads\/2024\/02\/Transformer_LI_Eworld_web_lp.png 730w, https:\/\/aidon.com\/wp-content\/uploads\/2024\/02\/Transformer_LI_Eworld_web_lp-300x230.png 300w\" sizes=\"auto, (max-width: 600px) 100vw, 600px\" \/><\/p>\n<h2>Ortsnetzstation der Zukunft &#8211; testen Sie uns!<\/h2>\n<p><strong>Wollen Sie die innovative und kosteneffiziente L\u00f6sung vom skandinavischen Smart-Grid Marktf\u00fchrer auf Herz und Nieren ohne Risiko testen? Dann seien Sie schnell und bestellen Sie w\u00e4hrend M\u00e4rz unsere Pilotprojekt Angebot:<\/strong><\/p>\n<h4>Aidon L\u00f6sung zur abgangsscharfen Messung von 2 Trafostationen nach 14a:<\/h4>\n","protected":false},"excerpt":{"rendered":"<p>Ortsnetzstation der Zukunft &#8211; testen Sie uns! Wollen Sie die innovative und kosteneffiziente L\u00f6sung vom skandinavischen Smart-Grid Marktf\u00fchrer auf Herz und Nieren ohne Risiko testen? Dann seien Sie schnell und bestellen Sie w\u00e4hrend M\u00e4rz unsere Pilotprojekt Angebot: Aidon L\u00f6sung zur abgangsscharfen Messung von 2 Trafostationen nach 14a:<\/p>\n","protected":false},"author":2,"featured_media":0,"parent":0,"menu_order":0,"comment_status":"closed","ping_status":"closed","template":"page-landingpage-with-nav.php","meta":{"_acf_changed":false,"footnotes":""},"class_list":["post-13070","page","type-page","status-publish","hentry"],"acf":[],"yoast_head":"<!-- This site is optimized with the Yoast SEO plugin v27.0 - https:\/\/yoast.com\/product\/yoast-seo-wordpress\/ -->\n<title>Aidon Trafopilot - Aidon<\/title>\n<meta name=\"robots\" content=\"index, follow, max-snippet:-1, max-image-preview:large, max-video-preview:-1\" \/>\n<link rel=\"canonical\" href=\"https:\/\/aidon.com\/de\/aidon-trafopilot\/\" \/>\n<meta property=\"og:locale\" content=\"de_DE\" \/>\n<meta property=\"og:type\" content=\"article\" \/>\n<meta property=\"og:title\" content=\"Aidon Trafopilot - Aidon\" \/>\n<meta property=\"og:description\" content=\"Ortsnetzstation der Zukunft &#8211; testen Sie uns! Wollen Sie die innovative und kosteneffiziente L\u00f6sung vom skandinavischen Smart-Grid Marktf\u00fchrer auf Herz und Nieren ohne Risiko testen? Dann seien Sie schnell und bestellen Sie w\u00e4hrend M\u00e4rz unsere Pilotprojekt Angebot: Aidon L\u00f6sung zur abgangsscharfen Messung von 2 Trafostationen nach 14a:\" \/>\n<meta property=\"og:url\" content=\"https:\/\/aidon.com\/de\/aidon-trafopilot\/\" \/>\n<meta property=\"og:site_name\" content=\"Aidon\" \/>\n<meta property=\"article:modified_time\" content=\"2025-04-22T11:56:55+00:00\" \/>\n<meta property=\"og:image\" content=\"https:\/\/aidon.com\/wp-content\/uploads\/2024\/02\/Transformer_LI_Eworld_1200x630.png\" \/>\n\t<meta property=\"og:image:width\" content=\"1200\" \/>\n\t<meta property=\"og:image:height\" content=\"630\" \/>\n\t<meta property=\"og:image:type\" content=\"image\/png\" \/>\n<meta name=\"twitter:card\" content=\"summary_large_image\" \/>\n<meta name=\"twitter:image\" content=\"https:\/\/aidon.com\/wp-content\/uploads\/2024\/02\/Transformer_LI_Eworld_1200x630.png\" \/>\n<meta name=\"twitter:label1\" content=\"Gesch\u00e4tzte Lesezeit\" \/>\n\t<meta name=\"twitter:data1\" content=\"1\u00a0Minute\" \/>\n<script type=\"application\/ld+json\" class=\"yoast-schema-graph\">{\"@context\":\"https:\/\/schema.org\",\"@graph\":[{\"@type\":\"WebPage\",\"@id\":\"https:\/\/aidon.com\/de\/aidon-trafopilot\/\",\"url\":\"https:\/\/aidon.com\/de\/aidon-trafopilot\/\",\"name\":\"Aidon Trafopilot - Aidon\",\"isPartOf\":{\"@id\":\"https:\/\/aidon.com\/de\/#website\"},\"primaryImageOfPage\":{\"@id\":\"https:\/\/aidon.com\/de\/aidon-trafopilot\/#primaryimage\"},\"image\":{\"@id\":\"https:\/\/aidon.com\/de\/aidon-trafopilot\/#primaryimage\"},\"thumbnailUrl\":\"https:\/\/aidon.com\/wp-content\/uploads\/2024\/02\/Transformer_LI_Eworld_web_lp.png\",\"datePublished\":\"2024-02-13T12:45:13+00:00\",\"dateModified\":\"2025-04-22T11:56:55+00:00\",\"inLanguage\":\"de\",\"potentialAction\":[{\"@type\":\"ReadAction\",\"target\":[\"https:\/\/aidon.com\/de\/aidon-trafopilot\/\"]}]},{\"@type\":\"ImageObject\",\"inLanguage\":\"de\",\"@id\":\"https:\/\/aidon.com\/de\/aidon-trafopilot\/#primaryimage\",\"url\":\"https:\/\/aidon.com\/wp-content\/uploads\/2024\/02\/Transformer_LI_Eworld_web_lp.png\",\"contentUrl\":\"https:\/\/aidon.com\/wp-content\/uploads\/2024\/02\/Transformer_LI_Eworld_web_lp.png\"},{\"@type\":\"WebSite\",\"@id\":\"https:\/\/aidon.com\/de\/#website\",\"url\":\"https:\/\/aidon.com\/de\/\",\"name\":\"Aidon\",\"description\":\"\",\"potentialAction\":[{\"@type\":\"SearchAction\",\"target\":{\"@type\":\"EntryPoint\",\"urlTemplate\":\"https:\/\/aidon.com\/de\/?s={search_term_string}\"},\"query-input\":{\"@type\":\"PropertyValueSpecification\",\"valueRequired\":true,\"valueName\":\"search_term_string\"}}],\"inLanguage\":\"de\"}]}<\/script>\n<!-- \/ Yoast SEO plugin. -->","yoast_head_json":{"title":"Aidon Trafopilot - Aidon","robots":{"index":"index","follow":"follow","max-snippet":"max-snippet:-1","max-image-preview":"max-image-preview:large","max-video-preview":"max-video-preview:-1"},"canonical":"https:\/\/aidon.com\/de\/aidon-trafopilot\/","og_locale":"de_DE","og_type":"article","og_title":"Aidon Trafopilot - Aidon","og_description":"Ortsnetzstation der Zukunft &#8211; testen Sie uns! Wollen Sie die innovative und kosteneffiziente L\u00f6sung vom skandinavischen Smart-Grid Marktf\u00fchrer auf Herz und Nieren ohne Risiko testen? Dann seien Sie schnell und bestellen Sie w\u00e4hrend M\u00e4rz unsere Pilotprojekt Angebot: Aidon L\u00f6sung zur abgangsscharfen Messung von 2 Trafostationen nach 14a:","og_url":"https:\/\/aidon.com\/de\/aidon-trafopilot\/","og_site_name":"Aidon","article_modified_time":"2025-04-22T11:56:55+00:00","og_image":[{"width":1200,"height":630,"url":"https:\/\/aidon.com\/wp-content\/uploads\/2024\/02\/Transformer_LI_Eworld_1200x630.png","type":"image\/png"}],"twitter_card":"summary_large_image","twitter_image":"https:\/\/aidon.com\/wp-content\/uploads\/2024\/02\/Transformer_LI_Eworld_1200x630.png","twitter_misc":{"Gesch\u00e4tzte Lesezeit":"1\u00a0Minute"},"schema":{"@context":"https:\/\/schema.org","@graph":[{"@type":"WebPage","@id":"https:\/\/aidon.com\/de\/aidon-trafopilot\/","url":"https:\/\/aidon.com\/de\/aidon-trafopilot\/","name":"Aidon Trafopilot - Aidon","isPartOf":{"@id":"https:\/\/aidon.com\/de\/#website"},"primaryImageOfPage":{"@id":"https:\/\/aidon.com\/de\/aidon-trafopilot\/#primaryimage"},"image":{"@id":"https:\/\/aidon.com\/de\/aidon-trafopilot\/#primaryimage"},"thumbnailUrl":"https:\/\/aidon.com\/wp-content\/uploads\/2024\/02\/Transformer_LI_Eworld_web_lp.png","datePublished":"2024-02-13T12:45:13+00:00","dateModified":"2025-04-22T11:56:55+00:00","inLanguage":"de","potentialAction":[{"@type":"ReadAction","target":["https:\/\/aidon.com\/de\/aidon-trafopilot\/"]}]},{"@type":"ImageObject","inLanguage":"de","@id":"https:\/\/aidon.com\/de\/aidon-trafopilot\/#primaryimage","url":"https:\/\/aidon.com\/wp-content\/uploads\/2024\/02\/Transformer_LI_Eworld_web_lp.png","contentUrl":"https:\/\/aidon.com\/wp-content\/uploads\/2024\/02\/Transformer_LI_Eworld_web_lp.png"},{"@type":"WebSite","@id":"https:\/\/aidon.com\/de\/#website","url":"https:\/\/aidon.com\/de\/","name":"Aidon","description":"","potentialAction":[{"@type":"SearchAction","target":{"@type":"EntryPoint","urlTemplate":"https:\/\/aidon.com\/de\/?s={search_term_string}"},"query-input":{"@type":"PropertyValueSpecification","valueRequired":true,"valueName":"search_term_string"}}],"inLanguage":"de"}]}},"_links":{"self":[{"href":"https:\/\/aidon.com\/de\/wp-json\/wp\/v2\/pages\/13070","targetHints":{"allow":["GET"]}}],"collection":[{"href":"https:\/\/aidon.com\/de\/wp-json\/wp\/v2\/pages"}],"about":[{"href":"https:\/\/aidon.com\/de\/wp-json\/wp\/v2\/types\/page"}],"author":[{"embeddable":true,"href":"https:\/\/aidon.com\/de\/wp-json\/wp\/v2\/users\/2"}],"replies":[{"embeddable":true,"href":"https:\/\/aidon.com\/de\/wp-json\/wp\/v2\/comments?post=13070"}],"version-history":[{"count":45,"href":"https:\/\/aidon.com\/de\/wp-json\/wp\/v2\/pages\/13070\/revisions"}],"predecessor-version":[{"id":16566,"href":"https:\/\/aidon.com\/de\/wp-json\/wp\/v2\/pages\/13070\/revisions\/16566"}],"wp:attachment":[{"href":"https:\/\/aidon.com\/de\/wp-json\/wp\/v2\/media?parent=13070"}],"curies":[{"name":"wp","href":"https:\/\/api.w.org\/{rel}","templated":true}]}}