{"id":10859,"date":"2023-05-26T08:21:02","date_gmt":"2023-05-26T08:21:02","guid":{"rendered":"https:\/\/aidon.com\/?page_id=10859"},"modified":"2023-05-26T08:21:02","modified_gmt":"2023-05-26T08:21:02","slug":"impressum","status":"publish","type":"page","link":"https:\/\/aidon.com\/de\/impressum\/","title":{"rendered":"Impressum"},"content":{"rendered":"<p>Anbieter und verantwortlich f\u00fcr Inhalt und Gestaltung dieser Website ist Aidon Oy<\/p>\n<p><strong>Name und Rechtsform:<\/strong> Aidon Oy<\/p>\n<p>Aidon Oy<br \/>\nPiippukatu 11<br \/>\n40100 Jyv\u00e4skyl\u00e4<br \/>\nFINLAND<\/p>\n<p><strong>Amtsgericht Jyv\u00e4skyl\u00e4<\/strong><br \/>\n<strong>Umsatzsteuer-Identifikationsnummer:<\/strong> FI18819604<br \/>\n<strong>Gesetzlicher Vertreter:<\/strong> Tommi Blomberg (Gesch\u00e4ftsf\u00fchrer)<br \/>\n<strong>Kontakt:<\/strong> E-Mail info@aidon.com<\/p>\n","protected":false},"excerpt":{"rendered":"<p>Anbieter und verantwortlich f\u00fcr Inhalt und Gestaltung dieser Website ist Aidon Oy Name und Rechtsform: Aidon Oy Aidon Oy Piippukatu 11 40100 Jyv\u00e4skyl\u00e4 FINLAND Amtsgericht Jyv\u00e4skyl\u00e4 Umsatzsteuer-Identifikationsnummer: FI18819604 Gesetzlicher Vertreter: Tommi Blomberg (Gesch\u00e4ftsf\u00fchrer) Kontakt: E-Mail info@aidon.com<\/p>\n","protected":false},"author":2,"featured_media":0,"parent":0,"menu_order":0,"comment_status":"closed","ping_status":"closed","template":"","meta":{"_acf_changed":false,"footnotes":""},"class_list":["post-10859","page","type-page","status-publish","hentry"],"acf":[],"yoast_head":"<!-- This site is optimized with the Yoast SEO plugin v27.0 - https:\/\/yoast.com\/product\/yoast-seo-wordpress\/ -->\n<title>Impressum - Aidon<\/title>\n<meta name=\"robots\" content=\"index, follow, max-snippet:-1, max-image-preview:large, max-video-preview:-1\" \/>\n<link rel=\"canonical\" href=\"https:\/\/aidon.com\/de\/impressum\/\" \/>\n<meta property=\"og:locale\" content=\"de_DE\" \/>\n<meta property=\"og:type\" content=\"article\" \/>\n<meta property=\"og:title\" content=\"Impressum - Aidon\" \/>\n<meta property=\"og:description\" content=\"Anbieter und verantwortlich f\u00fcr Inhalt und Gestaltung dieser Website ist Aidon Oy Name und Rechtsform: Aidon Oy Aidon Oy Piippukatu 11 40100 Jyv\u00e4skyl\u00e4 FINLAND Amtsgericht Jyv\u00e4skyl\u00e4 Umsatzsteuer-Identifikationsnummer: FI18819604 Gesetzlicher Vertreter: Tommi Blomberg (Gesch\u00e4ftsf\u00fchrer) Kontakt: E-Mail info@aidon.com\" \/>\n<meta property=\"og:url\" content=\"https:\/\/aidon.com\/de\/impressum\/\" \/>\n<meta property=\"og:site_name\" content=\"Aidon\" \/>\n<meta name=\"twitter:card\" content=\"summary_large_image\" \/>\n<meta name=\"twitter:label1\" content=\"Gesch\u00e4tzte Lesezeit\" \/>\n\t<meta name=\"twitter:data1\" content=\"1\u00a0Minute\" \/>\n<script type=\"application\/ld+json\" class=\"yoast-schema-graph\">{\"@context\":\"https:\/\/schema.org\",\"@graph\":[{\"@type\":\"WebPage\",\"@id\":\"https:\/\/aidon.com\/de\/impressum\/\",\"url\":\"https:\/\/aidon.com\/de\/impressum\/\",\"name\":\"Impressum - Aidon\",\"isPartOf\":{\"@id\":\"https:\/\/aidon.com\/de\/#website\"},\"datePublished\":\"2023-05-26T08:21:02+00:00\",\"inLanguage\":\"de\",\"potentialAction\":[{\"@type\":\"ReadAction\",\"target\":[\"https:\/\/aidon.com\/de\/impressum\/\"]}]},{\"@type\":\"WebSite\",\"@id\":\"https:\/\/aidon.com\/de\/#website\",\"url\":\"https:\/\/aidon.com\/de\/\",\"name\":\"Aidon\",\"description\":\"\",\"potentialAction\":[{\"@type\":\"SearchAction\",\"target\":{\"@type\":\"EntryPoint\",\"urlTemplate\":\"https:\/\/aidon.com\/de\/?s={search_term_string}\"},\"query-input\":{\"@type\":\"PropertyValueSpecification\",\"valueRequired\":true,\"valueName\":\"search_term_string\"}}],\"inLanguage\":\"de\"}]}<\/script>\n<!-- \/ Yoast SEO plugin. -->","yoast_head_json":{"title":"Impressum - Aidon","robots":{"index":"index","follow":"follow","max-snippet":"max-snippet:-1","max-image-preview":"max-image-preview:large","max-video-preview":"max-video-preview:-1"},"canonical":"https:\/\/aidon.com\/de\/impressum\/","og_locale":"de_DE","og_type":"article","og_title":"Impressum - Aidon","og_description":"Anbieter und verantwortlich f\u00fcr Inhalt und Gestaltung dieser Website ist Aidon Oy Name und Rechtsform: Aidon Oy Aidon Oy Piippukatu 11 40100 Jyv\u00e4skyl\u00e4 FINLAND Amtsgericht Jyv\u00e4skyl\u00e4 Umsatzsteuer-Identifikationsnummer: FI18819604 Gesetzlicher Vertreter: Tommi Blomberg (Gesch\u00e4ftsf\u00fchrer) Kontakt: E-Mail info@aidon.com","og_url":"https:\/\/aidon.com\/de\/impressum\/","og_site_name":"Aidon","twitter_card":"summary_large_image","twitter_misc":{"Gesch\u00e4tzte Lesezeit":"1\u00a0Minute"},"schema":{"@context":"https:\/\/schema.org","@graph":[{"@type":"WebPage","@id":"https:\/\/aidon.com\/de\/impressum\/","url":"https:\/\/aidon.com\/de\/impressum\/","name":"Impressum - Aidon","isPartOf":{"@id":"https:\/\/aidon.com\/de\/#website"},"datePublished":"2023-05-26T08:21:02+00:00","inLanguage":"de","potentialAction":[{"@type":"ReadAction","target":["https:\/\/aidon.com\/de\/impressum\/"]}]},{"@type":"WebSite","@id":"https:\/\/aidon.com\/de\/#website","url":"https:\/\/aidon.com\/de\/","name":"Aidon","description":"","potentialAction":[{"@type":"SearchAction","target":{"@type":"EntryPoint","urlTemplate":"https:\/\/aidon.com\/de\/?s={search_term_string}"},"query-input":{"@type":"PropertyValueSpecification","valueRequired":true,"valueName":"search_term_string"}}],"inLanguage":"de"}]}},"_links":{"self":[{"href":"https:\/\/aidon.com\/de\/wp-json\/wp\/v2\/pages\/10859","targetHints":{"allow":["GET"]}}],"collection":[{"href":"https:\/\/aidon.com\/de\/wp-json\/wp\/v2\/pages"}],"about":[{"href":"https:\/\/aidon.com\/de\/wp-json\/wp\/v2\/types\/page"}],"author":[{"embeddable":true,"href":"https:\/\/aidon.com\/de\/wp-json\/wp\/v2\/users\/2"}],"replies":[{"embeddable":true,"href":"https:\/\/aidon.com\/de\/wp-json\/wp\/v2\/comments?post=10859"}],"version-history":[{"count":1,"href":"https:\/\/aidon.com\/de\/wp-json\/wp\/v2\/pages\/10859\/revisions"}],"predecessor-version":[{"id":10860,"href":"https:\/\/aidon.com\/de\/wp-json\/wp\/v2\/pages\/10859\/revisions\/10860"}],"wp:attachment":[{"href":"https:\/\/aidon.com\/de\/wp-json\/wp\/v2\/media?parent=10859"}],"curies":[{"name":"wp","href":"https:\/\/api.w.org\/{rel}","templated":true}]}}